{"id":50,"date":"2020-12-04T15:47:10","date_gmt":"2020-12-04T15:47:10","guid":{"rendered":"http:\/\/jood11.sg-host.com\/?post_type=product&#038;p=50"},"modified":"2022-09-21T15:01:26","modified_gmt":"2022-09-21T15:01:26","slug":"a-maconaria-desvendada-luis-de-matos","status":"publish","type":"product","link":"https:\/\/glsp.pt\/fr\/produto\/a-maconaria-desvendada-luis-de-matos\/","title":{"rendered":"A Ma\u00e7onaria Desvendada &#8211; Lu\u00eds de Matos"},"content":{"rendered":"","protected":false},"excerpt":{"rendered":"<p align=\"center\"><strong>O que \u00e9 a Ma\u00e7onaria? Para que serve? O que a torna \u00fanica?<\/strong><\/p>\n<p align=\"justify\">A Ma\u00e7onaria \u00e9 uma via inici\u00e1tica que preservou as chaves essenciais da Inicia\u00e7\u00e3o no Ocidente, capazes de despertar o indiv\u00edduo de verdadeiro desejo. Contudo, a Inicia\u00e7\u00e3o implica uma transforma\u00e7\u00e3o interior. Para entender o que \u00e9 realmente a Ma\u00e7onaria h\u00e1 que remontar \u00e0s suas origens, onde esta nasce como um conceito bem definido e limitado, para mais tarde se desintegrar e dar lugar a tantas denomina\u00e7\u00f5es contradit\u00f3rias.<\/p>\n","protected":false},"featured_media":55,"comment_status":"open","ping_status":"closed","template":"","meta":{"_et_pb_use_builder":"on","_et_pb_old_content":"","_et_gb_content_width":""},"product_brand":[],"product_cat":[18],"product_tag":[],"class_list":{"0":"post-50","1":"product","2":"type-product","3":"status-publish","4":"has-post-thumbnail","6":"product_cat-livros","8":"first","9":"outofstock","10":"taxable","11":"shipping-taxable","12":"purchasable","13":"product-type-simple"},"yoast_head":"<!-- This site is optimized with the Yoast SEO plugin v26.7 - https:\/\/yoast.com\/wordpress\/plugins\/seo\/ -->\n<title>A Ma\u00e7onaria Desvendada - Lu\u00eds de Matos - SOBERANA<\/title>\n<meta name=\"robots\" content=\"index, follow, max-snippet:-1, max-image-preview:large, max-video-preview:-1\" \/>\n<link rel=\"canonical\" href=\"https:\/\/glsp.pt\/fr\/produto\/a-maconaria-desvendada-luis-de-matos\/\" \/>\n<meta property=\"og:locale\" content=\"fr_FR\" \/>\n<meta property=\"og:type\" content=\"article\" \/>\n<meta property=\"og:title\" content=\"A Ma\u00e7onaria Desvendada - Lu\u00eds de Matos - SOBERANA\" \/>\n<meta property=\"og:description\" content=\"O que \u00e9 a Ma\u00e7onaria? Para que serve? O que a torna \u00fanica? A Ma\u00e7onaria \u00e9 uma via inici\u00e1tica que preservou as chaves essenciais da Inicia\u00e7\u00e3o no Ocidente, capazes de despertar o indiv\u00edduo de verdadeiro desejo. Contudo, a Inicia\u00e7\u00e3o implica uma transforma\u00e7\u00e3o interior. Para entender o que \u00e9 realmente a Ma\u00e7onaria h\u00e1 que remontar \u00e0s suas origens, onde esta nasce como um conceito bem definido e limitado, para mais tarde se desintegrar e dar lugar a tantas denomina\u00e7\u00f5es contradit\u00f3rias.\" \/>\n<meta property=\"og:url\" content=\"https:\/\/glsp.pt\/fr\/produto\/a-maconaria-desvendada-luis-de-matos\/\" \/>\n<meta property=\"og:site_name\" content=\"SOBERANA\" \/>\n<meta property=\"article:modified_time\" content=\"2022-09-21T15:01:26+00:00\" \/>\n<meta property=\"og:image\" content=\"https:\/\/glsp.pt\/wp-content\/uploads\/2020\/12\/a-maconaria-desvendada.png\" \/>\n\t<meta property=\"og:image:width\" content=\"700\" \/>\n\t<meta property=\"og:image:height\" content=\"700\" \/>\n\t<meta property=\"og:image:type\" content=\"image\/png\" \/>\n<meta name=\"twitter:card\" content=\"summary_large_image\" \/>\n<script type=\"application\/ld+json\" class=\"yoast-schema-graph\">{\"@context\":\"https:\/\/schema.org\",\"@graph\":[{\"@type\":\"WebPage\",\"@id\":\"https:\/\/glsp.pt\/fr\/produto\/a-maconaria-desvendada-luis-de-matos\/\",\"url\":\"https:\/\/glsp.pt\/fr\/produto\/a-maconaria-desvendada-luis-de-matos\/\",\"name\":\"A Ma\u00e7onaria Desvendada - Lu\u00eds de Matos - SOBERANA\",\"isPartOf\":{\"@id\":\"https:\/\/glsp.pt\/fr\/#website\"},\"primaryImageOfPage\":{\"@id\":\"https:\/\/glsp.pt\/fr\/produto\/a-maconaria-desvendada-luis-de-matos\/#primaryimage\"},\"image\":{\"@id\":\"https:\/\/glsp.pt\/fr\/produto\/a-maconaria-desvendada-luis-de-matos\/#primaryimage\"},\"thumbnailUrl\":\"https:\/\/glsp.pt\/wp-content\/uploads\/2020\/12\/a-maconaria-desvendada.png\",\"datePublished\":\"2020-12-04T15:47:10+00:00\",\"dateModified\":\"2022-09-21T15:01:26+00:00\",\"breadcrumb\":{\"@id\":\"https:\/\/glsp.pt\/fr\/produto\/a-maconaria-desvendada-luis-de-matos\/#breadcrumb\"},\"inLanguage\":\"fr-FR\",\"potentialAction\":[{\"@type\":\"ReadAction\",\"target\":[\"https:\/\/glsp.pt\/fr\/produto\/a-maconaria-desvendada-luis-de-matos\/\"]}]},{\"@type\":\"ImageObject\",\"inLanguage\":\"fr-FR\",\"@id\":\"https:\/\/glsp.pt\/fr\/produto\/a-maconaria-desvendada-luis-de-matos\/#primaryimage\",\"url\":\"https:\/\/glsp.pt\/wp-content\/uploads\/2020\/12\/a-maconaria-desvendada.png\",\"contentUrl\":\"https:\/\/glsp.pt\/wp-content\/uploads\/2020\/12\/a-maconaria-desvendada.png\",\"width\":700,\"height\":700},{\"@type\":\"BreadcrumbList\",\"@id\":\"https:\/\/glsp.pt\/fr\/produto\/a-maconaria-desvendada-luis-de-matos\/#breadcrumb\",\"itemListElement\":[{\"@type\":\"ListItem\",\"position\":1,\"name\":\"In\u00edcio\",\"item\":\"https:\/\/glsp.pt\/fr\/\"},{\"@type\":\"ListItem\",\"position\":2,\"name\":\"Loja (Produtos)\",\"item\":\"https:\/\/glsp.pt\/?page_id=5\"},{\"@type\":\"ListItem\",\"position\":3,\"name\":\"A Ma\u00e7onaria Desvendada &#8211; Lu\u00eds de Matos\"}]},{\"@type\":\"WebSite\",\"@id\":\"https:\/\/glsp.pt\/fr\/#website\",\"url\":\"https:\/\/glsp.pt\/fr\/\",\"name\":\"SOBERANA\",\"description\":\"A Nova Ma\u00e7onaria Portuguesa\",\"potentialAction\":[{\"@type\":\"SearchAction\",\"target\":{\"@type\":\"EntryPoint\",\"urlTemplate\":\"https:\/\/glsp.pt\/fr\/?s={search_term_string}\"},\"query-input\":{\"@type\":\"PropertyValueSpecification\",\"valueRequired\":true,\"valueName\":\"search_term_string\"}}],\"inLanguage\":\"fr-FR\"}]}<\/script>\n<!-- \/ Yoast SEO plugin. -->","yoast_head_json":{"title":"A Ma\u00e7onaria Desvendada - Lu\u00eds de Matos - SOBERANA","robots":{"index":"index","follow":"follow","max-snippet":"max-snippet:-1","max-image-preview":"max-image-preview:large","max-video-preview":"max-video-preview:-1"},"canonical":"https:\/\/glsp.pt\/fr\/produto\/a-maconaria-desvendada-luis-de-matos\/","og_locale":"fr_FR","og_type":"article","og_title":"A Ma\u00e7onaria Desvendada - Lu\u00eds de Matos - SOBERANA","og_description":"O que \u00e9 a Ma\u00e7onaria? Para que serve? O que a torna \u00fanica? A Ma\u00e7onaria \u00e9 uma via inici\u00e1tica que preservou as chaves essenciais da Inicia\u00e7\u00e3o no Ocidente, capazes de despertar o indiv\u00edduo de verdadeiro desejo. Contudo, a Inicia\u00e7\u00e3o implica uma transforma\u00e7\u00e3o interior. Para entender o que \u00e9 realmente a Ma\u00e7onaria h\u00e1 que remontar \u00e0s suas origens, onde esta nasce como um conceito bem definido e limitado, para mais tarde se desintegrar e dar lugar a tantas denomina\u00e7\u00f5es contradit\u00f3rias.","og_url":"https:\/\/glsp.pt\/fr\/produto\/a-maconaria-desvendada-luis-de-matos\/","og_site_name":"SOBERANA","article_modified_time":"2022-09-21T15:01:26+00:00","og_image":[{"width":700,"height":700,"url":"https:\/\/glsp.pt\/wp-content\/uploads\/2020\/12\/a-maconaria-desvendada.png","type":"image\/png"}],"twitter_card":"summary_large_image","schema":{"@context":"https:\/\/schema.org","@graph":[{"@type":"WebPage","@id":"https:\/\/glsp.pt\/fr\/produto\/a-maconaria-desvendada-luis-de-matos\/","url":"https:\/\/glsp.pt\/fr\/produto\/a-maconaria-desvendada-luis-de-matos\/","name":"A Ma\u00e7onaria Desvendada - Lu\u00eds de Matos - SOBERANA","isPartOf":{"@id":"https:\/\/glsp.pt\/fr\/#website"},"primaryImageOfPage":{"@id":"https:\/\/glsp.pt\/fr\/produto\/a-maconaria-desvendada-luis-de-matos\/#primaryimage"},"image":{"@id":"https:\/\/glsp.pt\/fr\/produto\/a-maconaria-desvendada-luis-de-matos\/#primaryimage"},"thumbnailUrl":"https:\/\/glsp.pt\/wp-content\/uploads\/2020\/12\/a-maconaria-desvendada.png","datePublished":"2020-12-04T15:47:10+00:00","dateModified":"2022-09-21T15:01:26+00:00","breadcrumb":{"@id":"https:\/\/glsp.pt\/fr\/produto\/a-maconaria-desvendada-luis-de-matos\/#breadcrumb"},"inLanguage":"fr-FR","potentialAction":[{"@type":"ReadAction","target":["https:\/\/glsp.pt\/fr\/produto\/a-maconaria-desvendada-luis-de-matos\/"]}]},{"@type":"ImageObject","inLanguage":"fr-FR","@id":"https:\/\/glsp.pt\/fr\/produto\/a-maconaria-desvendada-luis-de-matos\/#primaryimage","url":"https:\/\/glsp.pt\/wp-content\/uploads\/2020\/12\/a-maconaria-desvendada.png","contentUrl":"https:\/\/glsp.pt\/wp-content\/uploads\/2020\/12\/a-maconaria-desvendada.png","width":700,"height":700},{"@type":"BreadcrumbList","@id":"https:\/\/glsp.pt\/fr\/produto\/a-maconaria-desvendada-luis-de-matos\/#breadcrumb","itemListElement":[{"@type":"ListItem","position":1,"name":"In\u00edcio","item":"https:\/\/glsp.pt\/fr\/"},{"@type":"ListItem","position":2,"name":"Loja (Produtos)","item":"https:\/\/glsp.pt\/?page_id=5"},{"@type":"ListItem","position":3,"name":"A Ma\u00e7onaria Desvendada &#8211; Lu\u00eds de Matos"}]},{"@type":"WebSite","@id":"https:\/\/glsp.pt\/fr\/#website","url":"https:\/\/glsp.pt\/fr\/","name":"SOBERANA","description":"A Nova Ma\u00e7onaria Portuguesa","potentialAction":[{"@type":"SearchAction","target":{"@type":"EntryPoint","urlTemplate":"https:\/\/glsp.pt\/fr\/?s={search_term_string}"},"query-input":{"@type":"PropertyValueSpecification","valueRequired":true,"valueName":"search_term_string"}}],"inLanguage":"fr-FR"}]}},"_links":{"self":[{"href":"https:\/\/glsp.pt\/fr\/wp-json\/wp\/v2\/product\/50","targetHints":{"allow":["GET"]}}],"collection":[{"href":"https:\/\/glsp.pt\/fr\/wp-json\/wp\/v2\/product"}],"about":[{"href":"https:\/\/glsp.pt\/fr\/wp-json\/wp\/v2\/types\/product"}],"replies":[{"embeddable":true,"href":"https:\/\/glsp.pt\/fr\/wp-json\/wp\/v2\/comments?post=50"}],"wp:featuredmedia":[{"embeddable":true,"href":"https:\/\/glsp.pt\/fr\/wp-json\/wp\/v2\/media\/55"}],"wp:attachment":[{"href":"https:\/\/glsp.pt\/fr\/wp-json\/wp\/v2\/media?parent=50"}],"wp:term":[{"taxonomy":"product_brand","embeddable":true,"href":"https:\/\/glsp.pt\/fr\/wp-json\/wp\/v2\/product_brand?post=50"},{"taxonomy":"product_cat","embeddable":true,"href":"https:\/\/glsp.pt\/fr\/wp-json\/wp\/v2\/product_cat?post=50"},{"taxonomy":"product_tag","embeddable":true,"href":"https:\/\/glsp.pt\/fr\/wp-json\/wp\/v2\/product_tag?post=50"}],"curies":[{"name":"wp","href":"https:\/\/api.w.org\/{rel}","templated":true}]}}