{"id":408,"date":"2020-12-15T12:48:06","date_gmt":"2020-12-15T12:48:06","guid":{"rendered":"https:\/\/jood11.sg-host.com\/?post_type=product&#038;p=408"},"modified":"2022-09-21T15:02:58","modified_gmt":"2022-09-21T15:02:58","slug":"filosofia-e-kabbalah-antonio-telmo","status":"publish","type":"product","link":"https:\/\/glsp.pt\/fr\/produto\/filosofia-e-kabbalah-antonio-telmo\/","title":{"rendered":"Filosofia e Kabbalah &#8211; Ant\u00f3nio Telmo"},"content":{"rendered":"","protected":false},"excerpt":{"rendered":"<p><span style=\"font-weight: 400;\">Obras Completas de Ant\u00f3nio Telmo \u2013 Volume IV<\/span><span style=\"font-weight: 400;\"><br \/>\n<\/span><span style=\"font-weight: 400;\"><br \/>\n<\/span><span style=\"font-weight: 400;\">O SUBCONSCIENTE HEBRAICO E A TRADI\u00c7\u00c3O HERM\u00c9TICA PORTUGUESA<\/span><span style=\"font-weight: 400;\"><br \/>\n<\/span><span style=\"font-weight: 400;\"><br \/>\n<\/span><span style=\"font-weight: 400;\">Com a revela\u00e7\u00e3o, em Filosofia e Kabbalah, do seu alter ego Thom\u00e9 Nathanael, Ant\u00f3nio Telmo afirma plena e conscientemente a s\u00edntese marrana do seu pensamento, na linha de seu mestre \u00c1lvaro Ribeiro \u2013 a quem consagrou os dois livros in\u00e9ditos que neste volume se publicam \u2013, demonstrando a liga\u00e7\u00e3o incontorn\u00e1vel entre o aristotelismo portugu\u00eas e a simb\u00f3lica cabal\u00edstica.<\/span><span style=\"font-weight: 400;\"><br \/>\n<\/span><span style=\"font-weight: 400;\"><br \/>\n<\/span><span style=\"font-weight: 400;\">\u00abA Hist\u00f3ria de Portugal cinde-se em dois per\u00edodos radicalmente distintos. Sobretudo atrav\u00e9s da P\u00e1tria e da Mensagem, os nossos poetas, prolongando neste ou naquele sentido o ensino de O Encoberto, os nossos fil\u00f3sofos, tiveram disso perfeita consci\u00eancia e o correspondente saber. O primeiro per\u00edodo, de um s\u00f3 rei para tr\u00eas Rep\u00fablicas \u2013 a judaica, a crist\u00e3 e a isl\u00e2mica \u2013, vai at\u00e9 D. Jo\u00e3o III; com D. Jo\u00e3o III e o estabelecimento da Inquisi\u00e7\u00e3o em Portugal tem in\u00edcio o segundo per\u00edodo. A tese de Sampaio Bruno \u00e9, por\u00e9m, que foi no segundo per\u00edodo que se deu o maior avan\u00e7o no aperfei\u00e7oamento dos esp\u00edritos, cada vez mais pr\u00f3ximos, de vint\u00e9nio para vint\u00e9nio, da era messi\u00e2nica. O segredo deste contrassenso ter\u00e1 sido o aparecimento na hist\u00f3ria do crist\u00e3o-novo.\u00bb<\/span><span style=\"font-weight: 400;\"><br \/>\n<\/span><span style=\"font-weight: 400;\"><br \/>\n<\/span><span style=\"font-weight: 400;\">Ant\u00f3nio Telmo<\/span><span style=\"font-weight: 400;\"><br \/>\n<\/span><span style=\"font-weight: 400;\"><br \/>\n<\/span><span style=\"font-weight: 400;\">\u00abUm bom ponto de partida ser\u00e1 sempre Filosofia e Kabbalah. Quem leia este livro pelo menos tr\u00eas vezes, como aconselhava e fazia o fil\u00f3sofo de Uma Coisa que Pensa, conhecendo j\u00e1 algo da obra restante do escritor de Almeida e Estremoz, perceber\u00e1 que esse volume, editado pela primeira vez em 1989, aos 62 anos de idade, \u00e9 n\u00e3o s\u00f3 o eixo de toda a sua filosofia, como tamb\u00e9m o seu cume e a sua s\u00famula retrospectiva e prospectiva. Se algu\u00e9m ler outros t\u00edtulos de Telmo sem conhecer este que menciono, ficar\u00e1 com uma vis\u00e3o fragment\u00e1ria e desfocada de quanto pensava. Pelo contr\u00e1rio, se o ler, sem se aproximar de outros, beneficiar\u00e1 da recep\u00e7\u00e3o da ess\u00eancia ramificada do seu pensamento, no n\u00facleo, nos temas e, at\u00e9, nos g\u00e9neros pelos quais se espraiou a sua escritura.\u00bb<\/span><span style=\"font-weight: 400;\"><br \/>\n<\/span><span style=\"font-weight: 400;\"><br \/>\n<\/span><span style=\"font-weight: 400;\">Ruy Ventura<\/span><span style=\"font-weight: 400;\"><br \/>\n<\/span><span style=\"font-weight: 400;\">In Pref\u00e1cio<\/span><\/p>\n","protected":false},"featured_media":394,"comment_status":"open","ping_status":"closed","template":"","meta":{"_et_pb_use_builder":"off","_et_pb_old_content":"","_et_gb_content_width":""},"product_brand":[],"product_cat":[18],"product_tag":[],"class_list":{"0":"post-408","1":"product","2":"type-product","3":"status-publish","4":"has-post-thumbnail","6":"product_cat-livros","8":"first","9":"outofstock","10":"taxable","11":"shipping-taxable","12":"purchasable","13":"product-type-simple"},"yoast_head":"<!-- This site is optimized with the Yoast SEO plugin v26.7 - https:\/\/yoast.com\/wordpress\/plugins\/seo\/ -->\n<title>Filosofia e Kabbalah - Ant\u00f3nio Telmo - SOBERANA<\/title>\n<meta name=\"robots\" content=\"index, follow, max-snippet:-1, max-image-preview:large, max-video-preview:-1\" \/>\n<link rel=\"canonical\" href=\"https:\/\/glsp.pt\/fr\/produto\/filosofia-e-kabbalah-antonio-telmo\/\" \/>\n<meta property=\"og:locale\" content=\"fr_FR\" \/>\n<meta property=\"og:type\" content=\"article\" \/>\n<meta property=\"og:title\" content=\"Filosofia e Kabbalah - Ant\u00f3nio Telmo - SOBERANA\" \/>\n<meta property=\"og:description\" content=\"Obras Completas de Ant\u00f3nio Telmo \u2013 Volume IV  O SUBCONSCIENTE HEBRAICO E A TRADI\u00c7\u00c3O HERM\u00c9TICA PORTUGUESA  Com a revela\u00e7\u00e3o, em Filosofia e Kabbalah, do seu alter ego Thom\u00e9 Nathanael, Ant\u00f3nio Telmo afirma plena e conscientemente a s\u00edntese marrana do seu pensamento, na linha de seu mestre \u00c1lvaro Ribeiro \u2013 a quem consagrou os dois livros in\u00e9ditos que neste volume se publicam \u2013, demonstrando a liga\u00e7\u00e3o incontorn\u00e1vel entre o aristotelismo portugu\u00eas e a simb\u00f3lica cabal\u00edstica.  \u00abA Hist\u00f3ria de Portugal cinde-se em dois per\u00edodos radicalmente distintos. Sobretudo atrav\u00e9s da P\u00e1tria e da Mensagem, os nossos poetas, prolongando neste ou naquele sentido o ensino de O Encoberto, os nossos fil\u00f3sofos, tiveram disso perfeita consci\u00eancia e o correspondente saber. O primeiro per\u00edodo, de um s\u00f3 rei para tr\u00eas Rep\u00fablicas \u2013 a judaica, a crist\u00e3 e a isl\u00e2mica \u2013, vai at\u00e9 D. Jo\u00e3o III; com D. Jo\u00e3o III e o estabelecimento da Inquisi\u00e7\u00e3o em Portugal tem in\u00edcio o segundo per\u00edodo. A tese de Sampaio Bruno \u00e9, por\u00e9m, que foi no segundo per\u00edodo que se deu o maior avan\u00e7o no aperfei\u00e7oamento dos esp\u00edritos, cada vez mais pr\u00f3ximos, de vint\u00e9nio para vint\u00e9nio, da era messi\u00e2nica. O segredo deste contrassenso ter\u00e1 sido o aparecimento na hist\u00f3ria do crist\u00e3o-novo.\u00bb  Ant\u00f3nio Telmo  \u00abUm bom ponto de partida ser\u00e1 sempre Filosofia e Kabbalah. Quem leia este livro pelo menos tr\u00eas vezes, como aconselhava e fazia o fil\u00f3sofo de Uma Coisa que Pensa, conhecendo j\u00e1 algo da obra restante do escritor de Almeida e Estremoz, perceber\u00e1 que esse volume, editado pela primeira vez em 1989, aos 62 anos de idade, \u00e9 n\u00e3o s\u00f3 o eixo de toda a sua filosofia, como tamb\u00e9m o seu cume e a sua s\u00famula retrospectiva e prospectiva. Se algu\u00e9m ler outros t\u00edtulos de Telmo sem conhecer este que menciono, ficar\u00e1 com uma vis\u00e3o fragment\u00e1ria e desfocada de quanto pensava. Pelo contr\u00e1rio, se o ler, sem se aproximar de outros, beneficiar\u00e1 da recep\u00e7\u00e3o da ess\u00eancia ramificada do seu pensamento, no n\u00facleo, nos temas e, at\u00e9, nos g\u00e9neros pelos quais se espraiou a sua escritura.\u00bb  Ruy Ventura In Pref\u00e1cio\" \/>\n<meta property=\"og:url\" content=\"https:\/\/glsp.pt\/fr\/produto\/filosofia-e-kabbalah-antonio-telmo\/\" \/>\n<meta property=\"og:site_name\" content=\"SOBERANA\" \/>\n<meta property=\"article:modified_time\" content=\"2022-09-21T15:02:58+00:00\" \/>\n<meta property=\"og:image\" content=\"https:\/\/glsp.pt\/wp-content\/uploads\/2020\/12\/Filosofia-e-Kabbalah.png\" \/>\n\t<meta property=\"og:image:width\" content=\"500\" \/>\n\t<meta property=\"og:image:height\" content=\"500\" \/>\n\t<meta property=\"og:image:type\" content=\"image\/png\" \/>\n<meta name=\"twitter:card\" content=\"summary_large_image\" \/>\n<script type=\"application\/ld+json\" class=\"yoast-schema-graph\">{\"@context\":\"https:\/\/schema.org\",\"@graph\":[{\"@type\":\"WebPage\",\"@id\":\"https:\/\/glsp.pt\/fr\/produto\/filosofia-e-kabbalah-antonio-telmo\/\",\"url\":\"https:\/\/glsp.pt\/fr\/produto\/filosofia-e-kabbalah-antonio-telmo\/\",\"name\":\"Filosofia e Kabbalah - Ant\u00f3nio Telmo - SOBERANA\",\"isPartOf\":{\"@id\":\"https:\/\/glsp.pt\/fr\/#website\"},\"primaryImageOfPage\":{\"@id\":\"https:\/\/glsp.pt\/fr\/produto\/filosofia-e-kabbalah-antonio-telmo\/#primaryimage\"},\"image\":{\"@id\":\"https:\/\/glsp.pt\/fr\/produto\/filosofia-e-kabbalah-antonio-telmo\/#primaryimage\"},\"thumbnailUrl\":\"https:\/\/glsp.pt\/wp-content\/uploads\/2020\/12\/Filosofia-e-Kabbalah.png\",\"datePublished\":\"2020-12-15T12:48:06+00:00\",\"dateModified\":\"2022-09-21T15:02:58+00:00\",\"breadcrumb\":{\"@id\":\"https:\/\/glsp.pt\/fr\/produto\/filosofia-e-kabbalah-antonio-telmo\/#breadcrumb\"},\"inLanguage\":\"fr-FR\",\"potentialAction\":[{\"@type\":\"ReadAction\",\"target\":[\"https:\/\/glsp.pt\/fr\/produto\/filosofia-e-kabbalah-antonio-telmo\/\"]}]},{\"@type\":\"ImageObject\",\"inLanguage\":\"fr-FR\",\"@id\":\"https:\/\/glsp.pt\/fr\/produto\/filosofia-e-kabbalah-antonio-telmo\/#primaryimage\",\"url\":\"https:\/\/glsp.pt\/wp-content\/uploads\/2020\/12\/Filosofia-e-Kabbalah.png\",\"contentUrl\":\"https:\/\/glsp.pt\/wp-content\/uploads\/2020\/12\/Filosofia-e-Kabbalah.png\",\"width\":500,\"height\":500},{\"@type\":\"BreadcrumbList\",\"@id\":\"https:\/\/glsp.pt\/fr\/produto\/filosofia-e-kabbalah-antonio-telmo\/#breadcrumb\",\"itemListElement\":[{\"@type\":\"ListItem\",\"position\":1,\"name\":\"In\u00edcio\",\"item\":\"https:\/\/glsp.pt\/fr\/\"},{\"@type\":\"ListItem\",\"position\":2,\"name\":\"Loja (Produtos)\",\"item\":\"https:\/\/glsp.pt\/?page_id=5\"},{\"@type\":\"ListItem\",\"position\":3,\"name\":\"Filosofia e Kabbalah &#8211; Ant\u00f3nio Telmo\"}]},{\"@type\":\"WebSite\",\"@id\":\"https:\/\/glsp.pt\/fr\/#website\",\"url\":\"https:\/\/glsp.pt\/fr\/\",\"name\":\"SOBERANA\",\"description\":\"A Nova Ma\u00e7onaria Portuguesa\",\"potentialAction\":[{\"@type\":\"SearchAction\",\"target\":{\"@type\":\"EntryPoint\",\"urlTemplate\":\"https:\/\/glsp.pt\/fr\/?s={search_term_string}\"},\"query-input\":{\"@type\":\"PropertyValueSpecification\",\"valueRequired\":true,\"valueName\":\"search_term_string\"}}],\"inLanguage\":\"fr-FR\"}]}<\/script>\n<!-- \/ Yoast SEO plugin. -->","yoast_head_json":{"title":"Filosofia e Kabbalah - Ant\u00f3nio Telmo - SOBERANA","robots":{"index":"index","follow":"follow","max-snippet":"max-snippet:-1","max-image-preview":"max-image-preview:large","max-video-preview":"max-video-preview:-1"},"canonical":"https:\/\/glsp.pt\/fr\/produto\/filosofia-e-kabbalah-antonio-telmo\/","og_locale":"fr_FR","og_type":"article","og_title":"Filosofia e Kabbalah - Ant\u00f3nio Telmo - SOBERANA","og_description":"Obras Completas de Ant\u00f3nio Telmo \u2013 Volume IV  O SUBCONSCIENTE HEBRAICO E A TRADI\u00c7\u00c3O HERM\u00c9TICA PORTUGUESA  Com a revela\u00e7\u00e3o, em Filosofia e Kabbalah, do seu alter ego Thom\u00e9 Nathanael, Ant\u00f3nio Telmo afirma plena e conscientemente a s\u00edntese marrana do seu pensamento, na linha de seu mestre \u00c1lvaro Ribeiro \u2013 a quem consagrou os dois livros in\u00e9ditos que neste volume se publicam \u2013, demonstrando a liga\u00e7\u00e3o incontorn\u00e1vel entre o aristotelismo portugu\u00eas e a simb\u00f3lica cabal\u00edstica.  \u00abA Hist\u00f3ria de Portugal cinde-se em dois per\u00edodos radicalmente distintos. Sobretudo atrav\u00e9s da P\u00e1tria e da Mensagem, os nossos poetas, prolongando neste ou naquele sentido o ensino de O Encoberto, os nossos fil\u00f3sofos, tiveram disso perfeita consci\u00eancia e o correspondente saber. O primeiro per\u00edodo, de um s\u00f3 rei para tr\u00eas Rep\u00fablicas \u2013 a judaica, a crist\u00e3 e a isl\u00e2mica \u2013, vai at\u00e9 D. Jo\u00e3o III; com D. Jo\u00e3o III e o estabelecimento da Inquisi\u00e7\u00e3o em Portugal tem in\u00edcio o segundo per\u00edodo. A tese de Sampaio Bruno \u00e9, por\u00e9m, que foi no segundo per\u00edodo que se deu o maior avan\u00e7o no aperfei\u00e7oamento dos esp\u00edritos, cada vez mais pr\u00f3ximos, de vint\u00e9nio para vint\u00e9nio, da era messi\u00e2nica. O segredo deste contrassenso ter\u00e1 sido o aparecimento na hist\u00f3ria do crist\u00e3o-novo.\u00bb  Ant\u00f3nio Telmo  \u00abUm bom ponto de partida ser\u00e1 sempre Filosofia e Kabbalah. Quem leia este livro pelo menos tr\u00eas vezes, como aconselhava e fazia o fil\u00f3sofo de Uma Coisa que Pensa, conhecendo j\u00e1 algo da obra restante do escritor de Almeida e Estremoz, perceber\u00e1 que esse volume, editado pela primeira vez em 1989, aos 62 anos de idade, \u00e9 n\u00e3o s\u00f3 o eixo de toda a sua filosofia, como tamb\u00e9m o seu cume e a sua s\u00famula retrospectiva e prospectiva. Se algu\u00e9m ler outros t\u00edtulos de Telmo sem conhecer este que menciono, ficar\u00e1 com uma vis\u00e3o fragment\u00e1ria e desfocada de quanto pensava. Pelo contr\u00e1rio, se o ler, sem se aproximar de outros, beneficiar\u00e1 da recep\u00e7\u00e3o da ess\u00eancia ramificada do seu pensamento, no n\u00facleo, nos temas e, at\u00e9, nos g\u00e9neros pelos quais se espraiou a sua escritura.\u00bb  Ruy Ventura In Pref\u00e1cio","og_url":"https:\/\/glsp.pt\/fr\/produto\/filosofia-e-kabbalah-antonio-telmo\/","og_site_name":"SOBERANA","article_modified_time":"2022-09-21T15:02:58+00:00","og_image":[{"width":500,"height":500,"url":"https:\/\/glsp.pt\/wp-content\/uploads\/2020\/12\/Filosofia-e-Kabbalah.png","type":"image\/png"}],"twitter_card":"summary_large_image","schema":{"@context":"https:\/\/schema.org","@graph":[{"@type":"WebPage","@id":"https:\/\/glsp.pt\/fr\/produto\/filosofia-e-kabbalah-antonio-telmo\/","url":"https:\/\/glsp.pt\/fr\/produto\/filosofia-e-kabbalah-antonio-telmo\/","name":"Filosofia e Kabbalah - Ant\u00f3nio Telmo - SOBERANA","isPartOf":{"@id":"https:\/\/glsp.pt\/fr\/#website"},"primaryImageOfPage":{"@id":"https:\/\/glsp.pt\/fr\/produto\/filosofia-e-kabbalah-antonio-telmo\/#primaryimage"},"image":{"@id":"https:\/\/glsp.pt\/fr\/produto\/filosofia-e-kabbalah-antonio-telmo\/#primaryimage"},"thumbnailUrl":"https:\/\/glsp.pt\/wp-content\/uploads\/2020\/12\/Filosofia-e-Kabbalah.png","datePublished":"2020-12-15T12:48:06+00:00","dateModified":"2022-09-21T15:02:58+00:00","breadcrumb":{"@id":"https:\/\/glsp.pt\/fr\/produto\/filosofia-e-kabbalah-antonio-telmo\/#breadcrumb"},"inLanguage":"fr-FR","potentialAction":[{"@type":"ReadAction","target":["https:\/\/glsp.pt\/fr\/produto\/filosofia-e-kabbalah-antonio-telmo\/"]}]},{"@type":"ImageObject","inLanguage":"fr-FR","@id":"https:\/\/glsp.pt\/fr\/produto\/filosofia-e-kabbalah-antonio-telmo\/#primaryimage","url":"https:\/\/glsp.pt\/wp-content\/uploads\/2020\/12\/Filosofia-e-Kabbalah.png","contentUrl":"https:\/\/glsp.pt\/wp-content\/uploads\/2020\/12\/Filosofia-e-Kabbalah.png","width":500,"height":500},{"@type":"BreadcrumbList","@id":"https:\/\/glsp.pt\/fr\/produto\/filosofia-e-kabbalah-antonio-telmo\/#breadcrumb","itemListElement":[{"@type":"ListItem","position":1,"name":"In\u00edcio","item":"https:\/\/glsp.pt\/fr\/"},{"@type":"ListItem","position":2,"name":"Loja (Produtos)","item":"https:\/\/glsp.pt\/?page_id=5"},{"@type":"ListItem","position":3,"name":"Filosofia e Kabbalah &#8211; Ant\u00f3nio Telmo"}]},{"@type":"WebSite","@id":"https:\/\/glsp.pt\/fr\/#website","url":"https:\/\/glsp.pt\/fr\/","name":"SOBERANA","description":"A Nova Ma\u00e7onaria Portuguesa","potentialAction":[{"@type":"SearchAction","target":{"@type":"EntryPoint","urlTemplate":"https:\/\/glsp.pt\/fr\/?s={search_term_string}"},"query-input":{"@type":"PropertyValueSpecification","valueRequired":true,"valueName":"search_term_string"}}],"inLanguage":"fr-FR"}]}},"_links":{"self":[{"href":"https:\/\/glsp.pt\/fr\/wp-json\/wp\/v2\/product\/408","targetHints":{"allow":["GET"]}}],"collection":[{"href":"https:\/\/glsp.pt\/fr\/wp-json\/wp\/v2\/product"}],"about":[{"href":"https:\/\/glsp.pt\/fr\/wp-json\/wp\/v2\/types\/product"}],"replies":[{"embeddable":true,"href":"https:\/\/glsp.pt\/fr\/wp-json\/wp\/v2\/comments?post=408"}],"wp:featuredmedia":[{"embeddable":true,"href":"https:\/\/glsp.pt\/fr\/wp-json\/wp\/v2\/media\/394"}],"wp:attachment":[{"href":"https:\/\/glsp.pt\/fr\/wp-json\/wp\/v2\/media?parent=408"}],"wp:term":[{"taxonomy":"product_brand","embeddable":true,"href":"https:\/\/glsp.pt\/fr\/wp-json\/wp\/v2\/product_brand?post=408"},{"taxonomy":"product_cat","embeddable":true,"href":"https:\/\/glsp.pt\/fr\/wp-json\/wp\/v2\/product_cat?post=408"},{"taxonomy":"product_tag","embeddable":true,"href":"https:\/\/glsp.pt\/fr\/wp-json\/wp\/v2\/product_tag?post=408"}],"curies":[{"name":"wp","href":"https:\/\/api.w.org\/{rel}","templated":true}]}}