{"id":52,"date":"2020-12-04T15:55:41","date_gmt":"2020-12-04T15:55:41","guid":{"rendered":"http:\/\/jood11.sg-host.com\/?post_type=product&#038;p=52"},"modified":"2022-09-21T15:00:51","modified_gmt":"2022-09-21T15:00:51","slug":"aventura-maconica-antonio-telmo","status":"publish","type":"product","link":"https:\/\/glsp.pt\/es\/produto\/aventura-maconica-antonio-telmo\/","title":{"rendered":"Aventura Ma\u00e7\u00f3nica &#8211; Ant\u00f3nio Telmo"},"content":{"rendered":"","protected":false},"excerpt":{"rendered":"<p align=\"justify\">Seguido de: \u00abAutobiografia e Sobrenatural em Lu\u00eds de Cam\u00f5es\u00bb, onde se revelam alguns segredos guardados n&#8217; \u00abOs Lus\u00edadas\u00bb<\/p>\n<p align=\"justify\">Esta obra revela uma faceta mais secreta e \u00edntima de Ant\u00f3nio Telmo: a sua inicia\u00e7\u00e3o nos mist\u00e9rios ma\u00e7\u00f3nicos. Os trabalhos (conhecidos como \u201cpranchas\u201d na ma\u00e7onaria) que o autor escreveu ao longo das suas \u201cviagens inici\u00e1ticas\u201d pelos tr\u00eas graus ma\u00e7\u00f3nicos (Aprendiz, Companheiro e Mestre) encontram-se aqui fielmente reproduzidos.<\/p>\n<p align=\"justify\">Imaginando a Terra e o seu C\u00e9u como um templo, Portugal, visto como um rect\u00e2ngulo, \u00e9 interpret\u00e1vel como um tapete no centro do mundo.<\/p>\n","protected":false},"featured_media":54,"comment_status":"open","ping_status":"closed","template":"","meta":{"_et_pb_use_builder":"off","_et_pb_old_content":"","_et_gb_content_width":""},"product_brand":[],"product_cat":[18],"product_tag":[],"class_list":{"0":"post-52","1":"product","2":"type-product","3":"status-publish","4":"has-post-thumbnail","6":"product_cat-livros","8":"first","9":"outofstock","10":"taxable","11":"shipping-taxable","12":"purchasable","13":"product-type-simple"},"yoast_head":"<!-- This site is optimized with the Yoast SEO plugin v26.7 - https:\/\/yoast.com\/wordpress\/plugins\/seo\/ -->\n<title>Aventura Ma\u00e7\u00f3nica - Ant\u00f3nio Telmo - SOBERANA<\/title>\n<meta name=\"robots\" content=\"index, follow, max-snippet:-1, max-image-preview:large, max-video-preview:-1\" \/>\n<link rel=\"canonical\" href=\"https:\/\/glsp.pt\/es\/produto\/aventura-maconica-antonio-telmo\/\" \/>\n<meta property=\"og:locale\" content=\"es_ES\" \/>\n<meta property=\"og:type\" content=\"article\" \/>\n<meta property=\"og:title\" content=\"Aventura Ma\u00e7\u00f3nica - Ant\u00f3nio Telmo - SOBERANA\" \/>\n<meta property=\"og:description\" content=\"Seguido de: &quot;Autobiografia e Sobrenatural em Lu\u00eds de Cam\u00f5es&quot;, onde se revelam alguns segredos guardados n&#039; &quot;Os Lus\u00edadas&quot; Esta obra revela uma faceta mais secreta e \u00edntima de Ant\u00f3nio Telmo: a sua inicia\u00e7\u00e3o nos mist\u00e9rios ma\u00e7\u00f3nicos. Os trabalhos (conhecidos como \u201cpranchas\u201d na ma\u00e7onaria) que o autor escreveu ao longo das suas \u201cviagens inici\u00e1ticas\u201d pelos tr\u00eas graus ma\u00e7\u00f3nicos (Aprendiz, Companheiro e Mestre) encontram-se aqui fielmente reproduzidos. Imaginando a Terra e o seu C\u00e9u como um templo, Portugal, visto como um rect\u00e2ngulo, \u00e9 interpret\u00e1vel como um tapete no centro do mundo.\" \/>\n<meta property=\"og:url\" content=\"https:\/\/glsp.pt\/es\/produto\/aventura-maconica-antonio-telmo\/\" \/>\n<meta property=\"og:site_name\" content=\"SOBERANA\" \/>\n<meta property=\"article:modified_time\" content=\"2022-09-21T15:00:51+00:00\" \/>\n<meta property=\"og:image\" content=\"https:\/\/glsp.pt\/wp-content\/uploads\/2020\/12\/a-aventura-maconica.png\" \/>\n\t<meta property=\"og:image:width\" content=\"700\" \/>\n\t<meta property=\"og:image:height\" content=\"700\" \/>\n\t<meta property=\"og:image:type\" content=\"image\/png\" \/>\n<meta name=\"twitter:card\" content=\"summary_large_image\" \/>\n<script type=\"application\/ld+json\" class=\"yoast-schema-graph\">{\"@context\":\"https:\/\/schema.org\",\"@graph\":[{\"@type\":\"WebPage\",\"@id\":\"https:\/\/glsp.pt\/es\/produto\/aventura-maconica-antonio-telmo\/\",\"url\":\"https:\/\/glsp.pt\/es\/produto\/aventura-maconica-antonio-telmo\/\",\"name\":\"Aventura Ma\u00e7\u00f3nica - Ant\u00f3nio Telmo - SOBERANA\",\"isPartOf\":{\"@id\":\"https:\/\/glsp.pt\/es\/#website\"},\"primaryImageOfPage\":{\"@id\":\"https:\/\/glsp.pt\/es\/produto\/aventura-maconica-antonio-telmo\/#primaryimage\"},\"image\":{\"@id\":\"https:\/\/glsp.pt\/es\/produto\/aventura-maconica-antonio-telmo\/#primaryimage\"},\"thumbnailUrl\":\"https:\/\/glsp.pt\/wp-content\/uploads\/2020\/12\/a-aventura-maconica.png\",\"datePublished\":\"2020-12-04T15:55:41+00:00\",\"dateModified\":\"2022-09-21T15:00:51+00:00\",\"breadcrumb\":{\"@id\":\"https:\/\/glsp.pt\/es\/produto\/aventura-maconica-antonio-telmo\/#breadcrumb\"},\"inLanguage\":\"es\",\"potentialAction\":[{\"@type\":\"ReadAction\",\"target\":[\"https:\/\/glsp.pt\/es\/produto\/aventura-maconica-antonio-telmo\/\"]}]},{\"@type\":\"ImageObject\",\"inLanguage\":\"es\",\"@id\":\"https:\/\/glsp.pt\/es\/produto\/aventura-maconica-antonio-telmo\/#primaryimage\",\"url\":\"https:\/\/glsp.pt\/wp-content\/uploads\/2020\/12\/a-aventura-maconica.png\",\"contentUrl\":\"https:\/\/glsp.pt\/wp-content\/uploads\/2020\/12\/a-aventura-maconica.png\",\"width\":700,\"height\":700},{\"@type\":\"BreadcrumbList\",\"@id\":\"https:\/\/glsp.pt\/es\/produto\/aventura-maconica-antonio-telmo\/#breadcrumb\",\"itemListElement\":[{\"@type\":\"ListItem\",\"position\":1,\"name\":\"In\u00edcio\",\"item\":\"https:\/\/glsp.pt\/es\/\"},{\"@type\":\"ListItem\",\"position\":2,\"name\":\"Loja (Produtos)\",\"item\":\"https:\/\/glsp.pt\/?page_id=5\"},{\"@type\":\"ListItem\",\"position\":3,\"name\":\"Aventura Ma\u00e7\u00f3nica &#8211; Ant\u00f3nio Telmo\"}]},{\"@type\":\"WebSite\",\"@id\":\"https:\/\/glsp.pt\/es\/#website\",\"url\":\"https:\/\/glsp.pt\/es\/\",\"name\":\"SOBERANA\",\"description\":\"A Nova Ma\u00e7onaria Portuguesa\",\"potentialAction\":[{\"@type\":\"SearchAction\",\"target\":{\"@type\":\"EntryPoint\",\"urlTemplate\":\"https:\/\/glsp.pt\/es\/?s={search_term_string}\"},\"query-input\":{\"@type\":\"PropertyValueSpecification\",\"valueRequired\":true,\"valueName\":\"search_term_string\"}}],\"inLanguage\":\"es\"}]}<\/script>\n<!-- \/ Yoast SEO plugin. -->","yoast_head_json":{"title":"Aventura Ma\u00e7\u00f3nica - Ant\u00f3nio Telmo - SOBERANA","robots":{"index":"index","follow":"follow","max-snippet":"max-snippet:-1","max-image-preview":"max-image-preview:large","max-video-preview":"max-video-preview:-1"},"canonical":"https:\/\/glsp.pt\/es\/produto\/aventura-maconica-antonio-telmo\/","og_locale":"es_ES","og_type":"article","og_title":"Aventura Ma\u00e7\u00f3nica - Ant\u00f3nio Telmo - SOBERANA","og_description":"Seguido de: \"Autobiografia e Sobrenatural em Lu\u00eds de Cam\u00f5es\", onde se revelam alguns segredos guardados n' \"Os Lus\u00edadas\" Esta obra revela uma faceta mais secreta e \u00edntima de Ant\u00f3nio Telmo: a sua inicia\u00e7\u00e3o nos mist\u00e9rios ma\u00e7\u00f3nicos. Os trabalhos (conhecidos como \u201cpranchas\u201d na ma\u00e7onaria) que o autor escreveu ao longo das suas \u201cviagens inici\u00e1ticas\u201d pelos tr\u00eas graus ma\u00e7\u00f3nicos (Aprendiz, Companheiro e Mestre) encontram-se aqui fielmente reproduzidos. Imaginando a Terra e o seu C\u00e9u como um templo, Portugal, visto como um rect\u00e2ngulo, \u00e9 interpret\u00e1vel como um tapete no centro do mundo.","og_url":"https:\/\/glsp.pt\/es\/produto\/aventura-maconica-antonio-telmo\/","og_site_name":"SOBERANA","article_modified_time":"2022-09-21T15:00:51+00:00","og_image":[{"width":700,"height":700,"url":"https:\/\/glsp.pt\/wp-content\/uploads\/2020\/12\/a-aventura-maconica.png","type":"image\/png"}],"twitter_card":"summary_large_image","schema":{"@context":"https:\/\/schema.org","@graph":[{"@type":"WebPage","@id":"https:\/\/glsp.pt\/es\/produto\/aventura-maconica-antonio-telmo\/","url":"https:\/\/glsp.pt\/es\/produto\/aventura-maconica-antonio-telmo\/","name":"Aventura Ma\u00e7\u00f3nica - Ant\u00f3nio Telmo - SOBERANA","isPartOf":{"@id":"https:\/\/glsp.pt\/es\/#website"},"primaryImageOfPage":{"@id":"https:\/\/glsp.pt\/es\/produto\/aventura-maconica-antonio-telmo\/#primaryimage"},"image":{"@id":"https:\/\/glsp.pt\/es\/produto\/aventura-maconica-antonio-telmo\/#primaryimage"},"thumbnailUrl":"https:\/\/glsp.pt\/wp-content\/uploads\/2020\/12\/a-aventura-maconica.png","datePublished":"2020-12-04T15:55:41+00:00","dateModified":"2022-09-21T15:00:51+00:00","breadcrumb":{"@id":"https:\/\/glsp.pt\/es\/produto\/aventura-maconica-antonio-telmo\/#breadcrumb"},"inLanguage":"es","potentialAction":[{"@type":"ReadAction","target":["https:\/\/glsp.pt\/es\/produto\/aventura-maconica-antonio-telmo\/"]}]},{"@type":"ImageObject","inLanguage":"es","@id":"https:\/\/glsp.pt\/es\/produto\/aventura-maconica-antonio-telmo\/#primaryimage","url":"https:\/\/glsp.pt\/wp-content\/uploads\/2020\/12\/a-aventura-maconica.png","contentUrl":"https:\/\/glsp.pt\/wp-content\/uploads\/2020\/12\/a-aventura-maconica.png","width":700,"height":700},{"@type":"BreadcrumbList","@id":"https:\/\/glsp.pt\/es\/produto\/aventura-maconica-antonio-telmo\/#breadcrumb","itemListElement":[{"@type":"ListItem","position":1,"name":"In\u00edcio","item":"https:\/\/glsp.pt\/es\/"},{"@type":"ListItem","position":2,"name":"Loja (Produtos)","item":"https:\/\/glsp.pt\/?page_id=5"},{"@type":"ListItem","position":3,"name":"Aventura Ma\u00e7\u00f3nica &#8211; Ant\u00f3nio Telmo"}]},{"@type":"WebSite","@id":"https:\/\/glsp.pt\/es\/#website","url":"https:\/\/glsp.pt\/es\/","name":"SOBERANA","description":"A Nova Ma\u00e7onaria Portuguesa","potentialAction":[{"@type":"SearchAction","target":{"@type":"EntryPoint","urlTemplate":"https:\/\/glsp.pt\/es\/?s={search_term_string}"},"query-input":{"@type":"PropertyValueSpecification","valueRequired":true,"valueName":"search_term_string"}}],"inLanguage":"es"}]}},"_links":{"self":[{"href":"https:\/\/glsp.pt\/es\/wp-json\/wp\/v2\/product\/52","targetHints":{"allow":["GET"]}}],"collection":[{"href":"https:\/\/glsp.pt\/es\/wp-json\/wp\/v2\/product"}],"about":[{"href":"https:\/\/glsp.pt\/es\/wp-json\/wp\/v2\/types\/product"}],"replies":[{"embeddable":true,"href":"https:\/\/glsp.pt\/es\/wp-json\/wp\/v2\/comments?post=52"}],"wp:featuredmedia":[{"embeddable":true,"href":"https:\/\/glsp.pt\/es\/wp-json\/wp\/v2\/media\/54"}],"wp:attachment":[{"href":"https:\/\/glsp.pt\/es\/wp-json\/wp\/v2\/media?parent=52"}],"wp:term":[{"taxonomy":"product_brand","embeddable":true,"href":"https:\/\/glsp.pt\/es\/wp-json\/wp\/v2\/product_brand?post=52"},{"taxonomy":"product_cat","embeddable":true,"href":"https:\/\/glsp.pt\/es\/wp-json\/wp\/v2\/product_cat?post=52"},{"taxonomy":"product_tag","embeddable":true,"href":"https:\/\/glsp.pt\/es\/wp-json\/wp\/v2\/product_tag?post=52"}],"curies":[{"name":"wp","href":"https:\/\/api.w.org\/{rel}","templated":true}]}}