{"id":5104,"date":"2021-09-11T12:13:54","date_gmt":"2021-09-11T12:13:54","guid":{"rendered":"https:\/\/glsp.pt\/?post_type=product&#038;p=5104"},"modified":"2022-09-21T15:03:58","modified_gmt":"2022-09-21T15:03:58","slug":"os-novos-pedreiros-livres","status":"publish","type":"product","link":"https:\/\/glsp.pt\/es\/produto\/os-novos-pedreiros-livres\/","title":{"rendered":"Os Novos Pedreiros Livres | Fernando Correia"},"content":{"rendered":"","protected":false},"excerpt":{"rendered":"<p class=\"p1\">Este \u00e9 um livro de ajuda, de esclarecimento, de descoberta e de revela\u00e7\u00e3o, onde a Ma\u00e7onaria surge na plenitude da sua dimens\u00e3o espiritual O que est\u00e1 em causa \u00e9 a constru\u00e7\u00e3o do Templo Interior. \u00c9 a caminhada at\u00e9 ao mais profundo da alma. \u00c9 a percep\u00e7\u00e3o do mist\u00e9rio da vida. \u00c9 o entendimento do significado da \u201ccurva da estrada\u201d, tal como Fernando Pessoa anuncia. \u00c9 o \u201cQuinto Imp\u00e9rio\u201d dos sentidos a dizer a cada um de n\u00f3s, finalmente, que o futuro existe e est\u00e1 pr\u00f3ximo.<br \/>\nEste \u00e9 o livro que faltava para se entender a chamada \u201cNova Ma\u00e7onaria Portuguesa\u201d<\/p>\n","protected":false},"featured_media":5105,"comment_status":"open","ping_status":"closed","template":"","meta":{"_et_pb_use_builder":"off","_et_pb_old_content":"","_et_gb_content_width":""},"product_brand":[],"product_cat":[18],"product_tag":[],"class_list":{"0":"post-5104","1":"product","2":"type-product","3":"status-publish","4":"has-post-thumbnail","6":"product_cat-livros","8":"first","9":"outofstock","10":"featured","11":"taxable","12":"shipping-taxable","13":"purchasable","14":"product-type-simple"},"yoast_head":"<!-- This site is optimized with the Yoast SEO plugin v26.7 - https:\/\/yoast.com\/wordpress\/plugins\/seo\/ -->\n<title>Os Novos Pedreiros Livres | Fernando Correia - SOBERANA<\/title>\n<meta name=\"robots\" content=\"index, follow, max-snippet:-1, max-image-preview:large, max-video-preview:-1\" \/>\n<link rel=\"canonical\" href=\"https:\/\/glsp.pt\/es\/produto\/os-novos-pedreiros-livres\/\" \/>\n<meta property=\"og:locale\" content=\"es_ES\" \/>\n<meta property=\"og:type\" content=\"article\" \/>\n<meta property=\"og:title\" content=\"Os Novos Pedreiros Livres | Fernando Correia - SOBERANA\" \/>\n<meta property=\"og:description\" content=\"Este \u00e9 um livro de ajuda, de esclarecimento, de descoberta e de revela\u00e7\u00e3o, onde a Ma\u00e7onaria surge na plenitude da sua dimens\u00e3o espiritual O que est\u00e1 em causa \u00e9 a constru\u00e7\u00e3o do Templo Interior. \u00c9 a caminhada at\u00e9 ao mais profundo da alma. \u00c9 a percep\u00e7\u00e3o do mist\u00e9rio da vida. \u00c9 o entendimento do significado da \u201ccurva da estrada\u201d, tal como Fernando Pessoa anuncia. \u00c9 o \u201cQuinto Imp\u00e9rio\u201d dos sentidos a dizer a cada um de n\u00f3s, finalmente, que o futuro existe e est\u00e1 pr\u00f3ximo. Este \u00e9 o livro que faltava para se entender a chamada \u201cNova Ma\u00e7onaria Portuguesa\u201d\" \/>\n<meta property=\"og:url\" content=\"https:\/\/glsp.pt\/es\/produto\/os-novos-pedreiros-livres\/\" \/>\n<meta property=\"og:site_name\" content=\"SOBERANA\" \/>\n<meta property=\"article:modified_time\" content=\"2022-09-21T15:03:58+00:00\" \/>\n<meta property=\"og:image\" content=\"https:\/\/glsp.pt\/wp-content\/uploads\/2021\/09\/livro-fernando-correia.jpg\" \/>\n\t<meta property=\"og:image:width\" content=\"1080\" \/>\n\t<meta property=\"og:image:height\" content=\"1080\" \/>\n\t<meta property=\"og:image:type\" content=\"image\/jpeg\" \/>\n<meta name=\"twitter:card\" content=\"summary_large_image\" \/>\n<script type=\"application\/ld+json\" class=\"yoast-schema-graph\">{\"@context\":\"https:\/\/schema.org\",\"@graph\":[{\"@type\":\"WebPage\",\"@id\":\"https:\/\/glsp.pt\/es\/produto\/os-novos-pedreiros-livres\/\",\"url\":\"https:\/\/glsp.pt\/es\/produto\/os-novos-pedreiros-livres\/\",\"name\":\"Os Novos Pedreiros Livres | Fernando Correia - SOBERANA\",\"isPartOf\":{\"@id\":\"https:\/\/glsp.pt\/es\/#website\"},\"primaryImageOfPage\":{\"@id\":\"https:\/\/glsp.pt\/es\/produto\/os-novos-pedreiros-livres\/#primaryimage\"},\"image\":{\"@id\":\"https:\/\/glsp.pt\/es\/produto\/os-novos-pedreiros-livres\/#primaryimage\"},\"thumbnailUrl\":\"https:\/\/glsp.pt\/wp-content\/uploads\/2021\/09\/livro-fernando-correia.jpg\",\"datePublished\":\"2021-09-11T12:13:54+00:00\",\"dateModified\":\"2022-09-21T15:03:58+00:00\",\"breadcrumb\":{\"@id\":\"https:\/\/glsp.pt\/es\/produto\/os-novos-pedreiros-livres\/#breadcrumb\"},\"inLanguage\":\"es\",\"potentialAction\":[{\"@type\":\"ReadAction\",\"target\":[\"https:\/\/glsp.pt\/es\/produto\/os-novos-pedreiros-livres\/\"]}]},{\"@type\":\"ImageObject\",\"inLanguage\":\"es\",\"@id\":\"https:\/\/glsp.pt\/es\/produto\/os-novos-pedreiros-livres\/#primaryimage\",\"url\":\"https:\/\/glsp.pt\/wp-content\/uploads\/2021\/09\/livro-fernando-correia.jpg\",\"contentUrl\":\"https:\/\/glsp.pt\/wp-content\/uploads\/2021\/09\/livro-fernando-correia.jpg\",\"width\":1080,\"height\":1080},{\"@type\":\"BreadcrumbList\",\"@id\":\"https:\/\/glsp.pt\/es\/produto\/os-novos-pedreiros-livres\/#breadcrumb\",\"itemListElement\":[{\"@type\":\"ListItem\",\"position\":1,\"name\":\"In\u00edcio\",\"item\":\"https:\/\/glsp.pt\/es\/\"},{\"@type\":\"ListItem\",\"position\":2,\"name\":\"Loja (Produtos)\",\"item\":\"https:\/\/glsp.pt\/?page_id=5\"},{\"@type\":\"ListItem\",\"position\":3,\"name\":\"Os Novos Pedreiros Livres | Fernando Correia\"}]},{\"@type\":\"WebSite\",\"@id\":\"https:\/\/glsp.pt\/es\/#website\",\"url\":\"https:\/\/glsp.pt\/es\/\",\"name\":\"SOBERANA\",\"description\":\"A Nova Ma\u00e7onaria Portuguesa\",\"potentialAction\":[{\"@type\":\"SearchAction\",\"target\":{\"@type\":\"EntryPoint\",\"urlTemplate\":\"https:\/\/glsp.pt\/es\/?s={search_term_string}\"},\"query-input\":{\"@type\":\"PropertyValueSpecification\",\"valueRequired\":true,\"valueName\":\"search_term_string\"}}],\"inLanguage\":\"es\"}]}<\/script>\n<!-- \/ Yoast SEO plugin. -->","yoast_head_json":{"title":"Os Novos Pedreiros Livres | Fernando Correia - SOBERANA","robots":{"index":"index","follow":"follow","max-snippet":"max-snippet:-1","max-image-preview":"max-image-preview:large","max-video-preview":"max-video-preview:-1"},"canonical":"https:\/\/glsp.pt\/es\/produto\/os-novos-pedreiros-livres\/","og_locale":"es_ES","og_type":"article","og_title":"Os Novos Pedreiros Livres | Fernando Correia - SOBERANA","og_description":"Este \u00e9 um livro de ajuda, de esclarecimento, de descoberta e de revela\u00e7\u00e3o, onde a Ma\u00e7onaria surge na plenitude da sua dimens\u00e3o espiritual O que est\u00e1 em causa \u00e9 a constru\u00e7\u00e3o do Templo Interior. \u00c9 a caminhada at\u00e9 ao mais profundo da alma. \u00c9 a percep\u00e7\u00e3o do mist\u00e9rio da vida. \u00c9 o entendimento do significado da \u201ccurva da estrada\u201d, tal como Fernando Pessoa anuncia. \u00c9 o \u201cQuinto Imp\u00e9rio\u201d dos sentidos a dizer a cada um de n\u00f3s, finalmente, que o futuro existe e est\u00e1 pr\u00f3ximo. Este \u00e9 o livro que faltava para se entender a chamada \u201cNova Ma\u00e7onaria Portuguesa\u201d","og_url":"https:\/\/glsp.pt\/es\/produto\/os-novos-pedreiros-livres\/","og_site_name":"SOBERANA","article_modified_time":"2022-09-21T15:03:58+00:00","og_image":[{"width":1080,"height":1080,"url":"https:\/\/glsp.pt\/wp-content\/uploads\/2021\/09\/livro-fernando-correia.jpg","type":"image\/jpeg"}],"twitter_card":"summary_large_image","schema":{"@context":"https:\/\/schema.org","@graph":[{"@type":"WebPage","@id":"https:\/\/glsp.pt\/es\/produto\/os-novos-pedreiros-livres\/","url":"https:\/\/glsp.pt\/es\/produto\/os-novos-pedreiros-livres\/","name":"Os Novos Pedreiros Livres | Fernando Correia - SOBERANA","isPartOf":{"@id":"https:\/\/glsp.pt\/es\/#website"},"primaryImageOfPage":{"@id":"https:\/\/glsp.pt\/es\/produto\/os-novos-pedreiros-livres\/#primaryimage"},"image":{"@id":"https:\/\/glsp.pt\/es\/produto\/os-novos-pedreiros-livres\/#primaryimage"},"thumbnailUrl":"https:\/\/glsp.pt\/wp-content\/uploads\/2021\/09\/livro-fernando-correia.jpg","datePublished":"2021-09-11T12:13:54+00:00","dateModified":"2022-09-21T15:03:58+00:00","breadcrumb":{"@id":"https:\/\/glsp.pt\/es\/produto\/os-novos-pedreiros-livres\/#breadcrumb"},"inLanguage":"es","potentialAction":[{"@type":"ReadAction","target":["https:\/\/glsp.pt\/es\/produto\/os-novos-pedreiros-livres\/"]}]},{"@type":"ImageObject","inLanguage":"es","@id":"https:\/\/glsp.pt\/es\/produto\/os-novos-pedreiros-livres\/#primaryimage","url":"https:\/\/glsp.pt\/wp-content\/uploads\/2021\/09\/livro-fernando-correia.jpg","contentUrl":"https:\/\/glsp.pt\/wp-content\/uploads\/2021\/09\/livro-fernando-correia.jpg","width":1080,"height":1080},{"@type":"BreadcrumbList","@id":"https:\/\/glsp.pt\/es\/produto\/os-novos-pedreiros-livres\/#breadcrumb","itemListElement":[{"@type":"ListItem","position":1,"name":"In\u00edcio","item":"https:\/\/glsp.pt\/es\/"},{"@type":"ListItem","position":2,"name":"Loja (Produtos)","item":"https:\/\/glsp.pt\/?page_id=5"},{"@type":"ListItem","position":3,"name":"Os Novos Pedreiros Livres | Fernando Correia"}]},{"@type":"WebSite","@id":"https:\/\/glsp.pt\/es\/#website","url":"https:\/\/glsp.pt\/es\/","name":"SOBERANA","description":"A Nova Ma\u00e7onaria Portuguesa","potentialAction":[{"@type":"SearchAction","target":{"@type":"EntryPoint","urlTemplate":"https:\/\/glsp.pt\/es\/?s={search_term_string}"},"query-input":{"@type":"PropertyValueSpecification","valueRequired":true,"valueName":"search_term_string"}}],"inLanguage":"es"}]}},"_links":{"self":[{"href":"https:\/\/glsp.pt\/es\/wp-json\/wp\/v2\/product\/5104","targetHints":{"allow":["GET"]}}],"collection":[{"href":"https:\/\/glsp.pt\/es\/wp-json\/wp\/v2\/product"}],"about":[{"href":"https:\/\/glsp.pt\/es\/wp-json\/wp\/v2\/types\/product"}],"replies":[{"embeddable":true,"href":"https:\/\/glsp.pt\/es\/wp-json\/wp\/v2\/comments?post=5104"}],"wp:featuredmedia":[{"embeddable":true,"href":"https:\/\/glsp.pt\/es\/wp-json\/wp\/v2\/media\/5105"}],"wp:attachment":[{"href":"https:\/\/glsp.pt\/es\/wp-json\/wp\/v2\/media?parent=5104"}],"wp:term":[{"taxonomy":"product_brand","embeddable":true,"href":"https:\/\/glsp.pt\/es\/wp-json\/wp\/v2\/product_brand?post=5104"},{"taxonomy":"product_cat","embeddable":true,"href":"https:\/\/glsp.pt\/es\/wp-json\/wp\/v2\/product_cat?post=5104"},{"taxonomy":"product_tag","embeddable":true,"href":"https:\/\/glsp.pt\/es\/wp-json\/wp\/v2\/product_tag?post=5104"}],"curies":[{"name":"wp","href":"https:\/\/api.w.org\/{rel}","templated":true}]}}