{"id":387,"date":"2020-12-15T12:28:45","date_gmt":"2020-12-15T12:28:45","guid":{"rendered":"https:\/\/jood11.sg-host.com\/?post_type=product&#038;p=387"},"modified":"2022-09-21T15:03:03","modified_gmt":"2022-09-21T15:03:03","slug":"nova-aguia-no-3","status":"publish","type":"product","link":"https:\/\/glsp.pt\/es\/produto\/nova-aguia-no-3\/","title":{"rendered":"Nova \u00c1guia N\u00ba 3"},"content":{"rendered":"","protected":false},"excerpt":{"rendered":"<p><span style=\"font-weight: 400;\">O LEGADO DE AGOSTINHO DA SILVA \u2013 QUINZE ANOS AP\u00d3S A SUA MORTE<\/span><span style=\"font-weight: 400;\"><br \/>\n<\/span><span style=\"font-weight: 400;\"><br \/>\n<\/span><span style=\"font-weight: 400;\">Inclui in\u00e9ditos agostinianos:<\/span><span style=\"font-weight: 400;\"><br \/>\n<\/span><span style=\"font-weight: 400;\"><br \/>\n<\/span><span style=\"font-weight: 400;\">Condi\u00e7\u00f5es e Miss\u00e3o da Comunidade Luso-Brasileira<\/span><span style=\"font-weight: 400;\"><br \/>\n<\/span><span style=\"font-weight: 400;\">Alcor\u00e3o<\/span><span style=\"font-weight: 400;\"><br \/>\n<\/span><span style=\"font-weight: 400;\">Ensaio, poesia e outros temas<\/span><\/p>\n<p><span style=\"font-weight: 400;\">A \u00c1guia foi uma das mais importantes revistas do in\u00edcio do s\u00e9culo XX em Portugal, em que colaboraram algumas das mais relevantes figuras da nossa Cultura, como Teixeira de Pascoaes, Jaime Cortes\u00e3o, Raul Proen\u00e7a, Leonardo Coimbra, Ant\u00f3nio Carneiro, Ant\u00f3nio S\u00e9rgio, Fernando Pessoa e Agostinho da Silva.<\/span><span style=\"font-weight: 400;\"><br \/>\n<\/span><span style=\"font-weight: 400;\"><br \/>\n<\/span><span style=\"font-weight: 400;\">A Nova \u00c1guia pretende ser uma homenagem a essa t\u00e3o importante revista da nossa Hist\u00f3ria, procurando recriar o seu \u00abesp\u00edrito\u00bb, adaptado aos nossos tempos, ao s\u00e9culo XXI, como se pode ler no nosso Manifesto. Inspirando-se na vis\u00e3o de Portugal e do Mundo de Teixeira de Pascoaes, Fernando Pessoa e Agostinho da Silva, a Nova \u00c1guia assume-se como um \u00f3rg\u00e3o plural.<\/span><\/p>\n","protected":false},"featured_media":388,"comment_status":"open","ping_status":"closed","template":"","meta":{"_et_pb_use_builder":"off","_et_pb_old_content":"","_et_gb_content_width":""},"product_brand":[],"product_cat":[18],"product_tag":[],"class_list":{"0":"post-387","1":"product","2":"type-product","3":"status-publish","4":"has-post-thumbnail","6":"product_cat-livros","8":"first","9":"outofstock","10":"taxable","11":"shipping-taxable","12":"purchasable","13":"product-type-simple"},"yoast_head":"<!-- This site is optimized with the Yoast SEO plugin v26.7 - https:\/\/yoast.com\/wordpress\/plugins\/seo\/ -->\n<title>Nova \u00c1guia N\u00ba 3 - SOBERANA<\/title>\n<meta name=\"robots\" content=\"index, follow, max-snippet:-1, max-image-preview:large, max-video-preview:-1\" \/>\n<link rel=\"canonical\" href=\"https:\/\/glsp.pt\/es\/produto\/nova-aguia-no-3\/\" \/>\n<meta property=\"og:locale\" content=\"es_ES\" \/>\n<meta property=\"og:type\" content=\"article\" \/>\n<meta property=\"og:title\" content=\"Nova \u00c1guia N\u00ba 3 - SOBERANA\" \/>\n<meta property=\"og:description\" content=\"O LEGADO DE AGOSTINHO DA SILVA \u2013 QUINZE ANOS AP\u00d3S A SUA MORTE  Inclui in\u00e9ditos agostinianos:  Condi\u00e7\u00f5es e Miss\u00e3o da Comunidade Luso-Brasileira Alcor\u00e3o Ensaio, poesia e outros temas  A \u00c1guia foi uma das mais importantes revistas do in\u00edcio do s\u00e9culo XX em Portugal, em que colaboraram algumas das mais relevantes figuras da nossa Cultura, como Teixeira de Pascoaes, Jaime Cortes\u00e3o, Raul Proen\u00e7a, Leonardo Coimbra, Ant\u00f3nio Carneiro, Ant\u00f3nio S\u00e9rgio, Fernando Pessoa e Agostinho da Silva.  A Nova \u00c1guia pretende ser uma homenagem a essa t\u00e3o importante revista da nossa Hist\u00f3ria, procurando recriar o seu &quot;esp\u00edrito&quot;, adaptado aos nossos tempos, ao s\u00e9culo XXI, como se pode ler no nosso Manifesto. Inspirando-se na vis\u00e3o de Portugal e do Mundo de Teixeira de Pascoaes, Fernando Pessoa e Agostinho da Silva, a Nova \u00c1guia assume-se como um \u00f3rg\u00e3o plural.\" \/>\n<meta property=\"og:url\" content=\"https:\/\/glsp.pt\/es\/produto\/nova-aguia-no-3\/\" \/>\n<meta property=\"og:site_name\" content=\"SOBERANA\" \/>\n<meta property=\"article:modified_time\" content=\"2022-09-21T15:03:03+00:00\" \/>\n<meta property=\"og:image\" content=\"https:\/\/glsp.pt\/wp-content\/uploads\/2020\/12\/Nova-A\u0301guia-No-3.png\" \/>\n\t<meta property=\"og:image:width\" content=\"500\" \/>\n\t<meta property=\"og:image:height\" content=\"500\" \/>\n\t<meta property=\"og:image:type\" content=\"image\/png\" \/>\n<meta name=\"twitter:card\" content=\"summary_large_image\" \/>\n<script type=\"application\/ld+json\" class=\"yoast-schema-graph\">{\"@context\":\"https:\/\/schema.org\",\"@graph\":[{\"@type\":\"WebPage\",\"@id\":\"https:\/\/glsp.pt\/es\/produto\/nova-aguia-no-3\/\",\"url\":\"https:\/\/glsp.pt\/es\/produto\/nova-aguia-no-3\/\",\"name\":\"Nova \u00c1guia N\u00ba 3 - SOBERANA\",\"isPartOf\":{\"@id\":\"https:\/\/glsp.pt\/es\/#website\"},\"primaryImageOfPage\":{\"@id\":\"https:\/\/glsp.pt\/es\/produto\/nova-aguia-no-3\/#primaryimage\"},\"image\":{\"@id\":\"https:\/\/glsp.pt\/es\/produto\/nova-aguia-no-3\/#primaryimage\"},\"thumbnailUrl\":\"https:\/\/glsp.pt\/wp-content\/uploads\/2020\/12\/Nova-A\u0301guia-No-3.png\",\"datePublished\":\"2020-12-15T12:28:45+00:00\",\"dateModified\":\"2022-09-21T15:03:03+00:00\",\"breadcrumb\":{\"@id\":\"https:\/\/glsp.pt\/es\/produto\/nova-aguia-no-3\/#breadcrumb\"},\"inLanguage\":\"es\",\"potentialAction\":[{\"@type\":\"ReadAction\",\"target\":[\"https:\/\/glsp.pt\/es\/produto\/nova-aguia-no-3\/\"]}]},{\"@type\":\"ImageObject\",\"inLanguage\":\"es\",\"@id\":\"https:\/\/glsp.pt\/es\/produto\/nova-aguia-no-3\/#primaryimage\",\"url\":\"https:\/\/glsp.pt\/wp-content\/uploads\/2020\/12\/Nova-A\u0301guia-No-3.png\",\"contentUrl\":\"https:\/\/glsp.pt\/wp-content\/uploads\/2020\/12\/Nova-A\u0301guia-No-3.png\",\"width\":500,\"height\":500},{\"@type\":\"BreadcrumbList\",\"@id\":\"https:\/\/glsp.pt\/es\/produto\/nova-aguia-no-3\/#breadcrumb\",\"itemListElement\":[{\"@type\":\"ListItem\",\"position\":1,\"name\":\"In\u00edcio\",\"item\":\"https:\/\/glsp.pt\/es\/\"},{\"@type\":\"ListItem\",\"position\":2,\"name\":\"Loja (Produtos)\",\"item\":\"https:\/\/glsp.pt\/?page_id=5\"},{\"@type\":\"ListItem\",\"position\":3,\"name\":\"Nova \u00c1guia N\u00ba 3\"}]},{\"@type\":\"WebSite\",\"@id\":\"https:\/\/glsp.pt\/es\/#website\",\"url\":\"https:\/\/glsp.pt\/es\/\",\"name\":\"SOBERANA\",\"description\":\"A Nova Ma\u00e7onaria Portuguesa\",\"potentialAction\":[{\"@type\":\"SearchAction\",\"target\":{\"@type\":\"EntryPoint\",\"urlTemplate\":\"https:\/\/glsp.pt\/es\/?s={search_term_string}\"},\"query-input\":{\"@type\":\"PropertyValueSpecification\",\"valueRequired\":true,\"valueName\":\"search_term_string\"}}],\"inLanguage\":\"es\"}]}<\/script>\n<!-- \/ Yoast SEO plugin. -->","yoast_head_json":{"title":"Nova \u00c1guia N\u00ba 3 - SOBERANA","robots":{"index":"index","follow":"follow","max-snippet":"max-snippet:-1","max-image-preview":"max-image-preview:large","max-video-preview":"max-video-preview:-1"},"canonical":"https:\/\/glsp.pt\/es\/produto\/nova-aguia-no-3\/","og_locale":"es_ES","og_type":"article","og_title":"Nova \u00c1guia N\u00ba 3 - SOBERANA","og_description":"O LEGADO DE AGOSTINHO DA SILVA \u2013 QUINZE ANOS AP\u00d3S A SUA MORTE  Inclui in\u00e9ditos agostinianos:  Condi\u00e7\u00f5es e Miss\u00e3o da Comunidade Luso-Brasileira Alcor\u00e3o Ensaio, poesia e outros temas  A \u00c1guia foi uma das mais importantes revistas do in\u00edcio do s\u00e9culo XX em Portugal, em que colaboraram algumas das mais relevantes figuras da nossa Cultura, como Teixeira de Pascoaes, Jaime Cortes\u00e3o, Raul Proen\u00e7a, Leonardo Coimbra, Ant\u00f3nio Carneiro, Ant\u00f3nio S\u00e9rgio, Fernando Pessoa e Agostinho da Silva.  A Nova \u00c1guia pretende ser uma homenagem a essa t\u00e3o importante revista da nossa Hist\u00f3ria, procurando recriar o seu \"esp\u00edrito\", adaptado aos nossos tempos, ao s\u00e9culo XXI, como se pode ler no nosso Manifesto. Inspirando-se na vis\u00e3o de Portugal e do Mundo de Teixeira de Pascoaes, Fernando Pessoa e Agostinho da Silva, a Nova \u00c1guia assume-se como um \u00f3rg\u00e3o plural.","og_url":"https:\/\/glsp.pt\/es\/produto\/nova-aguia-no-3\/","og_site_name":"SOBERANA","article_modified_time":"2022-09-21T15:03:03+00:00","og_image":[{"width":500,"height":500,"url":"https:\/\/glsp.pt\/wp-content\/uploads\/2020\/12\/Nova-A\u0301guia-No-3.png","type":"image\/png"}],"twitter_card":"summary_large_image","schema":{"@context":"https:\/\/schema.org","@graph":[{"@type":"WebPage","@id":"https:\/\/glsp.pt\/es\/produto\/nova-aguia-no-3\/","url":"https:\/\/glsp.pt\/es\/produto\/nova-aguia-no-3\/","name":"Nova \u00c1guia N\u00ba 3 - SOBERANA","isPartOf":{"@id":"https:\/\/glsp.pt\/es\/#website"},"primaryImageOfPage":{"@id":"https:\/\/glsp.pt\/es\/produto\/nova-aguia-no-3\/#primaryimage"},"image":{"@id":"https:\/\/glsp.pt\/es\/produto\/nova-aguia-no-3\/#primaryimage"},"thumbnailUrl":"https:\/\/glsp.pt\/wp-content\/uploads\/2020\/12\/Nova-A\u0301guia-No-3.png","datePublished":"2020-12-15T12:28:45+00:00","dateModified":"2022-09-21T15:03:03+00:00","breadcrumb":{"@id":"https:\/\/glsp.pt\/es\/produto\/nova-aguia-no-3\/#breadcrumb"},"inLanguage":"es","potentialAction":[{"@type":"ReadAction","target":["https:\/\/glsp.pt\/es\/produto\/nova-aguia-no-3\/"]}]},{"@type":"ImageObject","inLanguage":"es","@id":"https:\/\/glsp.pt\/es\/produto\/nova-aguia-no-3\/#primaryimage","url":"https:\/\/glsp.pt\/wp-content\/uploads\/2020\/12\/Nova-A\u0301guia-No-3.png","contentUrl":"https:\/\/glsp.pt\/wp-content\/uploads\/2020\/12\/Nova-A\u0301guia-No-3.png","width":500,"height":500},{"@type":"BreadcrumbList","@id":"https:\/\/glsp.pt\/es\/produto\/nova-aguia-no-3\/#breadcrumb","itemListElement":[{"@type":"ListItem","position":1,"name":"In\u00edcio","item":"https:\/\/glsp.pt\/es\/"},{"@type":"ListItem","position":2,"name":"Loja (Produtos)","item":"https:\/\/glsp.pt\/?page_id=5"},{"@type":"ListItem","position":3,"name":"Nova \u00c1guia N\u00ba 3"}]},{"@type":"WebSite","@id":"https:\/\/glsp.pt\/es\/#website","url":"https:\/\/glsp.pt\/es\/","name":"SOBERANA","description":"A Nova Ma\u00e7onaria Portuguesa","potentialAction":[{"@type":"SearchAction","target":{"@type":"EntryPoint","urlTemplate":"https:\/\/glsp.pt\/es\/?s={search_term_string}"},"query-input":{"@type":"PropertyValueSpecification","valueRequired":true,"valueName":"search_term_string"}}],"inLanguage":"es"}]}},"_links":{"self":[{"href":"https:\/\/glsp.pt\/es\/wp-json\/wp\/v2\/product\/387","targetHints":{"allow":["GET"]}}],"collection":[{"href":"https:\/\/glsp.pt\/es\/wp-json\/wp\/v2\/product"}],"about":[{"href":"https:\/\/glsp.pt\/es\/wp-json\/wp\/v2\/types\/product"}],"replies":[{"embeddable":true,"href":"https:\/\/glsp.pt\/es\/wp-json\/wp\/v2\/comments?post=387"}],"wp:featuredmedia":[{"embeddable":true,"href":"https:\/\/glsp.pt\/es\/wp-json\/wp\/v2\/media\/388"}],"wp:attachment":[{"href":"https:\/\/glsp.pt\/es\/wp-json\/wp\/v2\/media?parent=387"}],"wp:term":[{"taxonomy":"product_brand","embeddable":true,"href":"https:\/\/glsp.pt\/es\/wp-json\/wp\/v2\/product_brand?post=387"},{"taxonomy":"product_cat","embeddable":true,"href":"https:\/\/glsp.pt\/es\/wp-json\/wp\/v2\/product_cat?post=387"},{"taxonomy":"product_tag","embeddable":true,"href":"https:\/\/glsp.pt\/es\/wp-json\/wp\/v2\/product_tag?post=387"}],"curies":[{"name":"wp","href":"https:\/\/api.w.org\/{rel}","templated":true}]}}