{"id":8340,"date":"2021-11-24T13:46:27","date_gmt":"2021-11-24T13:46:27","guid":{"rendered":"https:\/\/glsp.pt\/?post_type=product&#038;p=8340"},"modified":"2022-09-21T15:03:56","modified_gmt":"2022-09-21T15:03:56","slug":"jantar-de-gala-solsticio-de-inverno-2021","status":"publish","type":"product","link":"https:\/\/glsp.pt\/en\/produto\/jantar-de-gala-solsticio-de-inverno-2021\/","title":{"rendered":"Jantar de Gala | Solst\u00edcio de Inverno 2021"},"content":{"rendered":"","protected":false},"excerpt":{"rendered":"<p>Esta inscri\u00e7\u00e3o \u00e9 isenta de IVA, classificando-se como Donativo ao abrigo do art. \u00ba 9 do CIVA<\/p>\n","protected":false},"featured_media":8342,"comment_status":"open","ping_status":"closed","template":"","meta":{"_et_pb_use_builder":"","_et_pb_old_content":"","_et_gb_content_width":""},"product_brand":[],"product_cat":[47],"product_tag":[],"class_list":{"0":"post-8340","1":"product","2":"type-product","3":"status-publish","4":"has-post-thumbnail","6":"product_cat-evento-interno","8":"first","9":"outofstock","10":"virtual","11":"purchasable","12":"product-type-simple"},"yoast_head":"<!-- This site is optimized with the Yoast SEO plugin v26.7 - https:\/\/yoast.com\/wordpress\/plugins\/seo\/ -->\n<title>Jantar de Gala | Solst\u00edcio de Inverno 2021 - SOBERANA<\/title>\n<meta name=\"robots\" content=\"index, follow, max-snippet:-1, max-image-preview:large, max-video-preview:-1\" \/>\n<link rel=\"canonical\" href=\"https:\/\/glsp.pt\/en\/produto\/jantar-de-gala-solsticio-de-inverno-2021\/\" \/>\n<meta property=\"og:locale\" content=\"en_US\" \/>\n<meta property=\"og:type\" content=\"article\" \/>\n<meta property=\"og:title\" content=\"Jantar de Gala | Solst\u00edcio de Inverno 2021 - SOBERANA\" \/>\n<meta property=\"og:description\" content=\"Esta inscri\u00e7\u00e3o \u00e9 isenta de IVA, classificando-se como Donativo ao abrigo do art. \u00ba 9 do CIVA\" \/>\n<meta property=\"og:url\" content=\"https:\/\/glsp.pt\/en\/produto\/jantar-de-gala-solsticio-de-inverno-2021\/\" \/>\n<meta property=\"og:site_name\" content=\"SOBERANA\" \/>\n<meta property=\"article:modified_time\" content=\"2022-09-21T15:03:56+00:00\" \/>\n<meta property=\"og:image\" content=\"https:\/\/glsp.pt\/wp-content\/uploads\/2021\/11\/solsticio-inverno-2021-2-1.jpeg\" \/>\n\t<meta property=\"og:image:width\" content=\"1920\" \/>\n\t<meta property=\"og:image:height\" content=\"1920\" \/>\n\t<meta property=\"og:image:type\" content=\"image\/jpeg\" \/>\n<meta name=\"twitter:card\" content=\"summary_large_image\" \/>\n<script type=\"application\/ld+json\" class=\"yoast-schema-graph\">{\"@context\":\"https:\/\/schema.org\",\"@graph\":[{\"@type\":\"WebPage\",\"@id\":\"https:\/\/glsp.pt\/en\/produto\/jantar-de-gala-solsticio-de-inverno-2021\/\",\"url\":\"https:\/\/glsp.pt\/en\/produto\/jantar-de-gala-solsticio-de-inverno-2021\/\",\"name\":\"Jantar de Gala | Solst\u00edcio de Inverno 2021 - SOBERANA\",\"isPartOf\":{\"@id\":\"https:\/\/glsp.pt\/en\/#website\"},\"primaryImageOfPage\":{\"@id\":\"https:\/\/glsp.pt\/en\/produto\/jantar-de-gala-solsticio-de-inverno-2021\/#primaryimage\"},\"image\":{\"@id\":\"https:\/\/glsp.pt\/en\/produto\/jantar-de-gala-solsticio-de-inverno-2021\/#primaryimage\"},\"thumbnailUrl\":\"https:\/\/glsp.pt\/wp-content\/uploads\/2021\/11\/solsticio-inverno-2021-2-1.jpeg\",\"datePublished\":\"2021-11-24T13:46:27+00:00\",\"dateModified\":\"2022-09-21T15:03:56+00:00\",\"breadcrumb\":{\"@id\":\"https:\/\/glsp.pt\/en\/produto\/jantar-de-gala-solsticio-de-inverno-2021\/#breadcrumb\"},\"inLanguage\":\"en-US\",\"potentialAction\":[{\"@type\":\"ReadAction\",\"target\":[\"https:\/\/glsp.pt\/en\/produto\/jantar-de-gala-solsticio-de-inverno-2021\/\"]}]},{\"@type\":\"ImageObject\",\"inLanguage\":\"en-US\",\"@id\":\"https:\/\/glsp.pt\/en\/produto\/jantar-de-gala-solsticio-de-inverno-2021\/#primaryimage\",\"url\":\"https:\/\/glsp.pt\/wp-content\/uploads\/2021\/11\/solsticio-inverno-2021-2-1.jpeg\",\"contentUrl\":\"https:\/\/glsp.pt\/wp-content\/uploads\/2021\/11\/solsticio-inverno-2021-2-1.jpeg\",\"width\":1920,\"height\":1920},{\"@type\":\"BreadcrumbList\",\"@id\":\"https:\/\/glsp.pt\/en\/produto\/jantar-de-gala-solsticio-de-inverno-2021\/#breadcrumb\",\"itemListElement\":[{\"@type\":\"ListItem\",\"position\":1,\"name\":\"In\u00edcio\",\"item\":\"https:\/\/glsp.pt\/en\/\"},{\"@type\":\"ListItem\",\"position\":2,\"name\":\"Loja (Produtos)\",\"item\":\"https:\/\/glsp.pt\/?page_id=5\"},{\"@type\":\"ListItem\",\"position\":3,\"name\":\"Jantar de Gala | Solst\u00edcio de Inverno 2021\"}]},{\"@type\":\"WebSite\",\"@id\":\"https:\/\/glsp.pt\/en\/#website\",\"url\":\"https:\/\/glsp.pt\/en\/\",\"name\":\"SOBERANA\",\"description\":\"A Nova Ma\u00e7onaria Portuguesa\",\"potentialAction\":[{\"@type\":\"SearchAction\",\"target\":{\"@type\":\"EntryPoint\",\"urlTemplate\":\"https:\/\/glsp.pt\/en\/?s={search_term_string}\"},\"query-input\":{\"@type\":\"PropertyValueSpecification\",\"valueRequired\":true,\"valueName\":\"search_term_string\"}}],\"inLanguage\":\"en-US\"}]}<\/script>\n<!-- \/ Yoast SEO plugin. -->","yoast_head_json":{"title":"Jantar de Gala | Solst\u00edcio de Inverno 2021 - SOBERANA","robots":{"index":"index","follow":"follow","max-snippet":"max-snippet:-1","max-image-preview":"max-image-preview:large","max-video-preview":"max-video-preview:-1"},"canonical":"https:\/\/glsp.pt\/en\/produto\/jantar-de-gala-solsticio-de-inverno-2021\/","og_locale":"en_US","og_type":"article","og_title":"Jantar de Gala | Solst\u00edcio de Inverno 2021 - SOBERANA","og_description":"Esta inscri\u00e7\u00e3o \u00e9 isenta de IVA, classificando-se como Donativo ao abrigo do art. \u00ba 9 do CIVA","og_url":"https:\/\/glsp.pt\/en\/produto\/jantar-de-gala-solsticio-de-inverno-2021\/","og_site_name":"SOBERANA","article_modified_time":"2022-09-21T15:03:56+00:00","og_image":[{"width":1920,"height":1920,"url":"https:\/\/glsp.pt\/wp-content\/uploads\/2021\/11\/solsticio-inverno-2021-2-1.jpeg","type":"image\/jpeg"}],"twitter_card":"summary_large_image","schema":{"@context":"https:\/\/schema.org","@graph":[{"@type":"WebPage","@id":"https:\/\/glsp.pt\/en\/produto\/jantar-de-gala-solsticio-de-inverno-2021\/","url":"https:\/\/glsp.pt\/en\/produto\/jantar-de-gala-solsticio-de-inverno-2021\/","name":"Jantar de Gala | Solst\u00edcio de Inverno 2021 - SOBERANA","isPartOf":{"@id":"https:\/\/glsp.pt\/en\/#website"},"primaryImageOfPage":{"@id":"https:\/\/glsp.pt\/en\/produto\/jantar-de-gala-solsticio-de-inverno-2021\/#primaryimage"},"image":{"@id":"https:\/\/glsp.pt\/en\/produto\/jantar-de-gala-solsticio-de-inverno-2021\/#primaryimage"},"thumbnailUrl":"https:\/\/glsp.pt\/wp-content\/uploads\/2021\/11\/solsticio-inverno-2021-2-1.jpeg","datePublished":"2021-11-24T13:46:27+00:00","dateModified":"2022-09-21T15:03:56+00:00","breadcrumb":{"@id":"https:\/\/glsp.pt\/en\/produto\/jantar-de-gala-solsticio-de-inverno-2021\/#breadcrumb"},"inLanguage":"en-US","potentialAction":[{"@type":"ReadAction","target":["https:\/\/glsp.pt\/en\/produto\/jantar-de-gala-solsticio-de-inverno-2021\/"]}]},{"@type":"ImageObject","inLanguage":"en-US","@id":"https:\/\/glsp.pt\/en\/produto\/jantar-de-gala-solsticio-de-inverno-2021\/#primaryimage","url":"https:\/\/glsp.pt\/wp-content\/uploads\/2021\/11\/solsticio-inverno-2021-2-1.jpeg","contentUrl":"https:\/\/glsp.pt\/wp-content\/uploads\/2021\/11\/solsticio-inverno-2021-2-1.jpeg","width":1920,"height":1920},{"@type":"BreadcrumbList","@id":"https:\/\/glsp.pt\/en\/produto\/jantar-de-gala-solsticio-de-inverno-2021\/#breadcrumb","itemListElement":[{"@type":"ListItem","position":1,"name":"In\u00edcio","item":"https:\/\/glsp.pt\/en\/"},{"@type":"ListItem","position":2,"name":"Loja (Produtos)","item":"https:\/\/glsp.pt\/?page_id=5"},{"@type":"ListItem","position":3,"name":"Jantar de Gala | Solst\u00edcio de Inverno 2021"}]},{"@type":"WebSite","@id":"https:\/\/glsp.pt\/en\/#website","url":"https:\/\/glsp.pt\/en\/","name":"SOBERANA","description":"A Nova Ma\u00e7onaria Portuguesa","potentialAction":[{"@type":"SearchAction","target":{"@type":"EntryPoint","urlTemplate":"https:\/\/glsp.pt\/en\/?s={search_term_string}"},"query-input":{"@type":"PropertyValueSpecification","valueRequired":true,"valueName":"search_term_string"}}],"inLanguage":"en-US"}]}},"_links":{"self":[{"href":"https:\/\/glsp.pt\/en\/wp-json\/wp\/v2\/product\/8340","targetHints":{"allow":["GET"]}}],"collection":[{"href":"https:\/\/glsp.pt\/en\/wp-json\/wp\/v2\/product"}],"about":[{"href":"https:\/\/glsp.pt\/en\/wp-json\/wp\/v2\/types\/product"}],"replies":[{"embeddable":true,"href":"https:\/\/glsp.pt\/en\/wp-json\/wp\/v2\/comments?post=8340"}],"wp:featuredmedia":[{"embeddable":true,"href":"https:\/\/glsp.pt\/en\/wp-json\/wp\/v2\/media\/8342"}],"wp:attachment":[{"href":"https:\/\/glsp.pt\/en\/wp-json\/wp\/v2\/media?parent=8340"}],"wp:term":[{"taxonomy":"product_brand","embeddable":true,"href":"https:\/\/glsp.pt\/en\/wp-json\/wp\/v2\/product_brand?post=8340"},{"taxonomy":"product_cat","embeddable":true,"href":"https:\/\/glsp.pt\/en\/wp-json\/wp\/v2\/product_cat?post=8340"},{"taxonomy":"product_tag","embeddable":true,"href":"https:\/\/glsp.pt\/en\/wp-json\/wp\/v2\/product_tag?post=8340"}],"curies":[{"name":"wp","href":"https:\/\/api.w.org\/{rel}","templated":true}]}}