{"id":415,"date":"2020-12-15T12:58:41","date_gmt":"2020-12-15T12:58:41","guid":{"rendered":"https:\/\/jood11.sg-host.com\/?post_type=product&#038;p=415"},"modified":"2022-09-21T15:04:08","modified_gmt":"2022-09-21T15:04:08","slug":"ritual-do-aprendiz-macom","status":"publish","type":"product","link":"https:\/\/glsp.pt\/en\/produto\/ritual-do-aprendiz-macom\/","title":{"rendered":"Ritual do Aprendiz Ma\u00e7om"},"content":{"rendered":"","protected":false},"excerpt":{"rendered":"<p><span style=\"font-weight: 400;\">A Inicia\u00e7\u00e3o do Recipiend\u00e1rio a Aprendiz Ma\u00e7om \u00e9 um dos momentos mais especiais de qualquer membro da Ordem, pois marca a sua morte do mundo profano e o seu renascimento para o mundo ma\u00e7\u00f4nico, indo ao encontro do Sagrado. \u00c9 um Ritual marcado por diversas alegorias inici\u00e1ticas que o submetem a algumas provas que o transformam em um novo Ser.<\/span><span style=\"font-weight: 400;\"><br \/>\n<\/span><span style=\"font-weight: 400;\"><br \/>\n<\/span><span style=\"font-weight: 400;\">Aqui est\u00e1 o Ritual do Aprendiz Ma\u00e7om apresentado pelo renomado escritor ma\u00e7\u00f4nico do s\u00e9culo XIX, J. M. Ragon, e que agora possui coment\u00e1rios e adapta\u00e7\u00f5es dos Irm\u00e3os Zi\u00e9de Coelho Moreira e Wagner Veneziani Costa para o Ritual praticado no Brasil.<\/span><span style=\"font-weight: 400;\"><br \/>\n<\/span><span style=\"font-weight: 400;\"><br \/>\n<\/span><span style=\"font-weight: 400;\">Este primeiro Grau ensina a moral, explica alguns s\u00edmbolos, indica a passagem da barb\u00e1rie para a civiliza\u00e7\u00e3o: \u00e9 a primeira parte hist\u00f3rica da Inicia\u00e7\u00e3o, que leva o ne\u00f3fito \u00e0 admira\u00e7\u00e3o e ao reconhecimento relativo ao Grande Arquiteto do Universo.<\/span><span style=\"font-weight: 400;\"><br \/>\n<\/span><span style=\"font-weight: 400;\"><br \/>\n<\/span><span style=\"font-weight: 400;\">Este Ritual do Aprendiz Ma\u00e7om mostra o momento em que o Recipiend\u00e1rio faz um estudo de si mesmo e de seus deveres para com seus semelhantes, e quando ele conhece os princ\u00edpios fundamentais da Ma\u00e7onaria.<\/span><\/p>\n","protected":false},"featured_media":401,"comment_status":"open","ping_status":"closed","template":"","meta":{"_et_pb_use_builder":"off","_et_pb_old_content":"","_et_gb_content_width":""},"product_brand":[],"product_cat":[18],"product_tag":[],"class_list":{"0":"post-415","1":"product","2":"type-product","3":"status-publish","4":"has-post-thumbnail","6":"product_cat-livros","8":"first","9":"outofstock","10":"taxable","11":"shipping-taxable","12":"purchasable","13":"product-type-simple"},"yoast_head":"<!-- This site is optimized with the Yoast SEO plugin v26.7 - https:\/\/yoast.com\/wordpress\/plugins\/seo\/ -->\n<title>Ritual do Aprendiz Ma\u00e7om - SOBERANA<\/title>\n<meta name=\"robots\" content=\"index, follow, max-snippet:-1, max-image-preview:large, max-video-preview:-1\" \/>\n<link rel=\"canonical\" href=\"https:\/\/glsp.pt\/en\/produto\/ritual-do-aprendiz-macom\/\" \/>\n<meta property=\"og:locale\" content=\"en_US\" \/>\n<meta property=\"og:type\" content=\"article\" \/>\n<meta property=\"og:title\" content=\"Ritual do Aprendiz Ma\u00e7om - SOBERANA\" \/>\n<meta property=\"og:description\" content=\"A Inicia\u00e7\u00e3o do Recipiend\u00e1rio a Aprendiz Ma\u00e7om \u00e9 um dos momentos mais especiais de qualquer membro da Ordem, pois marca a sua morte do mundo profano e o seu renascimento para o mundo ma\u00e7\u00f4nico, indo ao encontro do Sagrado. \u00c9 um Ritual marcado por diversas alegorias inici\u00e1ticas que o submetem a algumas provas que o transformam em um novo Ser.  Aqui est\u00e1 o Ritual do Aprendiz Ma\u00e7om apresentado pelo renomado escritor ma\u00e7\u00f4nico do s\u00e9culo XIX, J. M. Ragon, e que agora possui coment\u00e1rios e adapta\u00e7\u00f5es dos Irm\u00e3os Zi\u00e9de Coelho Moreira e Wagner Veneziani Costa para o Ritual praticado no Brasil.  Este primeiro Grau ensina a moral, explica alguns s\u00edmbolos, indica a passagem da barb\u00e1rie para a civiliza\u00e7\u00e3o: \u00e9 a primeira parte hist\u00f3rica da Inicia\u00e7\u00e3o, que leva o ne\u00f3fito \u00e0 admira\u00e7\u00e3o e ao reconhecimento relativo ao Grande Arquiteto do Universo.  Este Ritual do Aprendiz Ma\u00e7om mostra o momento em que o Recipiend\u00e1rio faz um estudo de si mesmo e de seus deveres para com seus semelhantes, e quando ele conhece os princ\u00edpios fundamentais da Ma\u00e7onaria.\" \/>\n<meta property=\"og:url\" content=\"https:\/\/glsp.pt\/en\/produto\/ritual-do-aprendiz-macom\/\" \/>\n<meta property=\"og:site_name\" content=\"SOBERANA\" \/>\n<meta property=\"article:modified_time\" content=\"2022-09-21T15:04:08+00:00\" \/>\n<meta property=\"og:image\" content=\"https:\/\/glsp.pt\/wp-content\/uploads\/2020\/12\/Ritual-do-Aprendiz-Mac\u0327om.png\" \/>\n\t<meta property=\"og:image:width\" content=\"500\" \/>\n\t<meta property=\"og:image:height\" content=\"500\" \/>\n\t<meta property=\"og:image:type\" content=\"image\/png\" \/>\n<meta name=\"twitter:card\" content=\"summary_large_image\" \/>\n<script type=\"application\/ld+json\" class=\"yoast-schema-graph\">{\"@context\":\"https:\/\/schema.org\",\"@graph\":[{\"@type\":\"WebPage\",\"@id\":\"https:\/\/glsp.pt\/en\/produto\/ritual-do-aprendiz-macom\/\",\"url\":\"https:\/\/glsp.pt\/en\/produto\/ritual-do-aprendiz-macom\/\",\"name\":\"Ritual do Aprendiz Ma\u00e7om - SOBERANA\",\"isPartOf\":{\"@id\":\"https:\/\/glsp.pt\/en\/#website\"},\"primaryImageOfPage\":{\"@id\":\"https:\/\/glsp.pt\/en\/produto\/ritual-do-aprendiz-macom\/#primaryimage\"},\"image\":{\"@id\":\"https:\/\/glsp.pt\/en\/produto\/ritual-do-aprendiz-macom\/#primaryimage\"},\"thumbnailUrl\":\"https:\/\/glsp.pt\/wp-content\/uploads\/2020\/12\/Ritual-do-Aprendiz-Mac\u0327om.png\",\"datePublished\":\"2020-12-15T12:58:41+00:00\",\"dateModified\":\"2022-09-21T15:04:08+00:00\",\"breadcrumb\":{\"@id\":\"https:\/\/glsp.pt\/en\/produto\/ritual-do-aprendiz-macom\/#breadcrumb\"},\"inLanguage\":\"en-US\",\"potentialAction\":[{\"@type\":\"ReadAction\",\"target\":[\"https:\/\/glsp.pt\/en\/produto\/ritual-do-aprendiz-macom\/\"]}]},{\"@type\":\"ImageObject\",\"inLanguage\":\"en-US\",\"@id\":\"https:\/\/glsp.pt\/en\/produto\/ritual-do-aprendiz-macom\/#primaryimage\",\"url\":\"https:\/\/glsp.pt\/wp-content\/uploads\/2020\/12\/Ritual-do-Aprendiz-Mac\u0327om.png\",\"contentUrl\":\"https:\/\/glsp.pt\/wp-content\/uploads\/2020\/12\/Ritual-do-Aprendiz-Mac\u0327om.png\",\"width\":500,\"height\":500},{\"@type\":\"BreadcrumbList\",\"@id\":\"https:\/\/glsp.pt\/en\/produto\/ritual-do-aprendiz-macom\/#breadcrumb\",\"itemListElement\":[{\"@type\":\"ListItem\",\"position\":1,\"name\":\"In\u00edcio\",\"item\":\"https:\/\/glsp.pt\/en\/\"},{\"@type\":\"ListItem\",\"position\":2,\"name\":\"Loja (Produtos)\",\"item\":\"https:\/\/glsp.pt\/?page_id=5\"},{\"@type\":\"ListItem\",\"position\":3,\"name\":\"Ritual do Aprendiz Ma\u00e7om\"}]},{\"@type\":\"WebSite\",\"@id\":\"https:\/\/glsp.pt\/en\/#website\",\"url\":\"https:\/\/glsp.pt\/en\/\",\"name\":\"SOBERANA\",\"description\":\"A Nova Ma\u00e7onaria Portuguesa\",\"potentialAction\":[{\"@type\":\"SearchAction\",\"target\":{\"@type\":\"EntryPoint\",\"urlTemplate\":\"https:\/\/glsp.pt\/en\/?s={search_term_string}\"},\"query-input\":{\"@type\":\"PropertyValueSpecification\",\"valueRequired\":true,\"valueName\":\"search_term_string\"}}],\"inLanguage\":\"en-US\"}]}<\/script>\n<!-- \/ Yoast SEO plugin. -->","yoast_head_json":{"title":"Ritual do Aprendiz Ma\u00e7om - SOBERANA","robots":{"index":"index","follow":"follow","max-snippet":"max-snippet:-1","max-image-preview":"max-image-preview:large","max-video-preview":"max-video-preview:-1"},"canonical":"https:\/\/glsp.pt\/en\/produto\/ritual-do-aprendiz-macom\/","og_locale":"en_US","og_type":"article","og_title":"Ritual do Aprendiz Ma\u00e7om - SOBERANA","og_description":"A Inicia\u00e7\u00e3o do Recipiend\u00e1rio a Aprendiz Ma\u00e7om \u00e9 um dos momentos mais especiais de qualquer membro da Ordem, pois marca a sua morte do mundo profano e o seu renascimento para o mundo ma\u00e7\u00f4nico, indo ao encontro do Sagrado. \u00c9 um Ritual marcado por diversas alegorias inici\u00e1ticas que o submetem a algumas provas que o transformam em um novo Ser.  Aqui est\u00e1 o Ritual do Aprendiz Ma\u00e7om apresentado pelo renomado escritor ma\u00e7\u00f4nico do s\u00e9culo XIX, J. M. Ragon, e que agora possui coment\u00e1rios e adapta\u00e7\u00f5es dos Irm\u00e3os Zi\u00e9de Coelho Moreira e Wagner Veneziani Costa para o Ritual praticado no Brasil.  Este primeiro Grau ensina a moral, explica alguns s\u00edmbolos, indica a passagem da barb\u00e1rie para a civiliza\u00e7\u00e3o: \u00e9 a primeira parte hist\u00f3rica da Inicia\u00e7\u00e3o, que leva o ne\u00f3fito \u00e0 admira\u00e7\u00e3o e ao reconhecimento relativo ao Grande Arquiteto do Universo.  Este Ritual do Aprendiz Ma\u00e7om mostra o momento em que o Recipiend\u00e1rio faz um estudo de si mesmo e de seus deveres para com seus semelhantes, e quando ele conhece os princ\u00edpios fundamentais da Ma\u00e7onaria.","og_url":"https:\/\/glsp.pt\/en\/produto\/ritual-do-aprendiz-macom\/","og_site_name":"SOBERANA","article_modified_time":"2022-09-21T15:04:08+00:00","og_image":[{"width":500,"height":500,"url":"https:\/\/glsp.pt\/wp-content\/uploads\/2020\/12\/Ritual-do-Aprendiz-Mac\u0327om.png","type":"image\/png"}],"twitter_card":"summary_large_image","schema":{"@context":"https:\/\/schema.org","@graph":[{"@type":"WebPage","@id":"https:\/\/glsp.pt\/en\/produto\/ritual-do-aprendiz-macom\/","url":"https:\/\/glsp.pt\/en\/produto\/ritual-do-aprendiz-macom\/","name":"Ritual do Aprendiz Ma\u00e7om - SOBERANA","isPartOf":{"@id":"https:\/\/glsp.pt\/en\/#website"},"primaryImageOfPage":{"@id":"https:\/\/glsp.pt\/en\/produto\/ritual-do-aprendiz-macom\/#primaryimage"},"image":{"@id":"https:\/\/glsp.pt\/en\/produto\/ritual-do-aprendiz-macom\/#primaryimage"},"thumbnailUrl":"https:\/\/glsp.pt\/wp-content\/uploads\/2020\/12\/Ritual-do-Aprendiz-Mac\u0327om.png","datePublished":"2020-12-15T12:58:41+00:00","dateModified":"2022-09-21T15:04:08+00:00","breadcrumb":{"@id":"https:\/\/glsp.pt\/en\/produto\/ritual-do-aprendiz-macom\/#breadcrumb"},"inLanguage":"en-US","potentialAction":[{"@type":"ReadAction","target":["https:\/\/glsp.pt\/en\/produto\/ritual-do-aprendiz-macom\/"]}]},{"@type":"ImageObject","inLanguage":"en-US","@id":"https:\/\/glsp.pt\/en\/produto\/ritual-do-aprendiz-macom\/#primaryimage","url":"https:\/\/glsp.pt\/wp-content\/uploads\/2020\/12\/Ritual-do-Aprendiz-Mac\u0327om.png","contentUrl":"https:\/\/glsp.pt\/wp-content\/uploads\/2020\/12\/Ritual-do-Aprendiz-Mac\u0327om.png","width":500,"height":500},{"@type":"BreadcrumbList","@id":"https:\/\/glsp.pt\/en\/produto\/ritual-do-aprendiz-macom\/#breadcrumb","itemListElement":[{"@type":"ListItem","position":1,"name":"In\u00edcio","item":"https:\/\/glsp.pt\/en\/"},{"@type":"ListItem","position":2,"name":"Loja (Produtos)","item":"https:\/\/glsp.pt\/?page_id=5"},{"@type":"ListItem","position":3,"name":"Ritual do Aprendiz Ma\u00e7om"}]},{"@type":"WebSite","@id":"https:\/\/glsp.pt\/en\/#website","url":"https:\/\/glsp.pt\/en\/","name":"SOBERANA","description":"A Nova Ma\u00e7onaria Portuguesa","potentialAction":[{"@type":"SearchAction","target":{"@type":"EntryPoint","urlTemplate":"https:\/\/glsp.pt\/en\/?s={search_term_string}"},"query-input":{"@type":"PropertyValueSpecification","valueRequired":true,"valueName":"search_term_string"}}],"inLanguage":"en-US"}]}},"_links":{"self":[{"href":"https:\/\/glsp.pt\/en\/wp-json\/wp\/v2\/product\/415","targetHints":{"allow":["GET"]}}],"collection":[{"href":"https:\/\/glsp.pt\/en\/wp-json\/wp\/v2\/product"}],"about":[{"href":"https:\/\/glsp.pt\/en\/wp-json\/wp\/v2\/types\/product"}],"replies":[{"embeddable":true,"href":"https:\/\/glsp.pt\/en\/wp-json\/wp\/v2\/comments?post=415"}],"wp:featuredmedia":[{"embeddable":true,"href":"https:\/\/glsp.pt\/en\/wp-json\/wp\/v2\/media\/401"}],"wp:attachment":[{"href":"https:\/\/glsp.pt\/en\/wp-json\/wp\/v2\/media?parent=415"}],"wp:term":[{"taxonomy":"product_brand","embeddable":true,"href":"https:\/\/glsp.pt\/en\/wp-json\/wp\/v2\/product_brand?post=415"},{"taxonomy":"product_cat","embeddable":true,"href":"https:\/\/glsp.pt\/en\/wp-json\/wp\/v2\/product_cat?post=415"},{"taxonomy":"product_tag","embeddable":true,"href":"https:\/\/glsp.pt\/en\/wp-json\/wp\/v2\/product_tag?post=415"}],"curies":[{"name":"wp","href":"https:\/\/api.w.org\/{rel}","templated":true}]}}