{"id":410,"date":"2020-12-15T12:49:38","date_gmt":"2020-12-15T12:49:38","guid":{"rendered":"https:\/\/jood11.sg-host.com\/?post_type=product&#038;p=410"},"modified":"2022-09-21T15:02:55","modified_gmt":"2022-09-21T15:02:55","slug":"agostinho-da-silva-um-perfil-filosofico","status":"publish","type":"product","link":"https:\/\/glsp.pt\/en\/produto\/agostinho-da-silva-um-perfil-filosofico\/","title":{"rendered":"Agostinho da Silva &#8211; Um Perfil Filos\u00f3fico"},"content":{"rendered":"","protected":false},"excerpt":{"rendered":"<p><span style=\"font-weight: 400;\">\u00abDo que escreveu e disse pode ent\u00e3o concluir-se que o autor [Agostinho da Silva] n\u00e3o se considerava fil\u00f3sofo. Vem assim, ele pr\u00f3prio, beliscar a serena consensualidade reinante em torno da caracteriza\u00e7\u00e3o do seu perfil intelectual ou profissional.\u00bb<\/span><span style=\"font-weight: 400;\"><br \/>\n<\/span><span style=\"font-weight: 400;\"><br \/>\n<\/span><span style=\"font-weight: 400;\">Jo\u00e3o Maria de Freitas Branco<\/span><span style=\"font-weight: 400;\"><br \/>\n<\/span><span style=\"font-weight: 400;\"><br \/>\n<\/span><span style=\"font-weight: 400;\">\u00ab[&#8230;] existe, para quem se n\u00e3o sente com prepara\u00e7\u00e3o e for\u00e7a para a filosofia, [&#8230;] um g\u00e9nero humilde, de simples coment\u00e1rio, de nota \u00e0 margem, um g\u00e9nero despreocupado e de parca exig\u00eancia em mat\u00e9ria de saber e de pensar: o considerativo, aqui presente.\u00bb<\/span><span style=\"font-weight: 400;\"><br \/>\n<\/span><span style=\"font-weight: 400;\"><br \/>\n<\/span><span style=\"font-weight: 400;\">Agostinho da Silva<\/span><span style=\"font-weight: 400;\"><br \/>\n<\/span><span style=\"font-weight: 400;\"><br \/>\n<\/span><span style=\"font-weight: 400;\">\u00abCom este livro, o Prof. Jo\u00e3o Maria de Freitas Branco convida-nos a uma viagem aliciante e, para alguns, surpreendente.<\/span><span style=\"font-weight: 400;\"><br \/>\n<\/span><span style=\"font-weight: 400;\"><br \/>\n<\/span><span style=\"font-weight: 400;\">Com a sua s\u00f3lida forma\u00e7\u00e3o filos\u00f3fica e cient\u00edfica, leva-nos ao encontro de um homem livre (&#8230;) que n\u00e3o aceita nenhuma forma de dogmatismo, recusando os pensamentos feitos e os ju\u00edzos definitivos, com uma preocupa\u00e7\u00e3o constante pelo futuro do mundo.<\/span><span style=\"font-weight: 400;\"><br \/>\n<\/span><span style=\"font-weight: 400;\"><br \/>\n<\/span><span style=\"font-weight: 400;\">Um homem que incitava ao pensamento sem quaisquer constrangimentos, para que cada um posa ser aquilo que realmente \u00e9; um homem aberto a todas as propostas, contradit\u00f3rio, cultivador do paradoxal.<\/span><span style=\"font-weight: 400;\"><br \/>\n<\/span><span style=\"font-weight: 400;\"><br \/>\n<\/span><span style=\"font-weight: 400;\">Um homem apaixonado pela vida, pela companhia e pela conversa, sempre com um humor certeiro e provocante e uma alegria contagiante.<\/span><span style=\"font-weight: 400;\"><br \/>\n<\/span><span style=\"font-weight: 400;\"><br \/>\n<\/span><span style=\"font-weight: 400;\">Um homem a quem nega o atributo de fil\u00f3sofo, sem negar o seu profundo conhecimento da filosofia que, ali\u00e1s, enche todo o seu pensamento; a quem considera fundamentalmente um pol\u00edtico, preocupado com a organiza\u00e7\u00e3o do mundo (&#8230;)\u00bb<\/span><span style=\"font-weight: 400;\"><br \/>\n<\/span><span style=\"font-weight: 400;\"><br \/>\n<\/span><span style=\"font-weight: 400;\">Manuel Pina<\/span><span style=\"font-weight: 400;\"><br \/>\n<\/span><span style=\"font-weight: 400;\">In Pref\u00e1cio<\/span><\/p>\n","protected":false},"featured_media":396,"comment_status":"open","ping_status":"closed","template":"","meta":{"_et_pb_use_builder":"off","_et_pb_old_content":"","_et_gb_content_width":""},"product_brand":[],"product_cat":[18],"product_tag":[],"class_list":{"0":"post-410","1":"product","2":"type-product","3":"status-publish","4":"has-post-thumbnail","6":"product_cat-livros","8":"first","9":"outofstock","10":"taxable","11":"shipping-taxable","12":"purchasable","13":"product-type-simple"},"yoast_head":"<!-- This site is optimized with the Yoast SEO plugin v26.7 - https:\/\/yoast.com\/wordpress\/plugins\/seo\/ -->\n<title>Agostinho da Silva - Um Perfil Filos\u00f3fico - SOBERANA<\/title>\n<meta name=\"robots\" content=\"index, follow, max-snippet:-1, max-image-preview:large, max-video-preview:-1\" \/>\n<link rel=\"canonical\" href=\"https:\/\/glsp.pt\/en\/produto\/agostinho-da-silva-um-perfil-filosofico\/\" \/>\n<meta property=\"og:locale\" content=\"en_US\" \/>\n<meta property=\"og:type\" content=\"article\" \/>\n<meta property=\"og:title\" content=\"Agostinho da Silva - Um Perfil Filos\u00f3fico - SOBERANA\" \/>\n<meta property=\"og:description\" content=\"\u00abDo que escreveu e disse pode ent\u00e3o concluir-se que o autor [Agostinho da Silva] n\u00e3o se considerava fil\u00f3sofo. Vem assim, ele pr\u00f3prio, beliscar a serena consensualidade reinante em torno da caracteriza\u00e7\u00e3o do seu perfil intelectual ou profissional.\u00bb  Jo\u00e3o Maria de Freitas Branco  \u00ab[...] existe, para quem se n\u00e3o sente com prepara\u00e7\u00e3o e for\u00e7a para a filosofia, [...] um g\u00e9nero humilde, de simples coment\u00e1rio, de nota \u00e0 margem, um g\u00e9nero despreocupado e de parca exig\u00eancia em mat\u00e9ria de saber e de pensar: o considerativo, aqui presente.\u00bb  Agostinho da Silva  \u00abCom este livro, o Prof. Jo\u00e3o Maria de Freitas Branco convida-nos a uma viagem aliciante e, para alguns, surpreendente.  Com a sua s\u00f3lida forma\u00e7\u00e3o filos\u00f3fica e cient\u00edfica, leva-nos ao encontro de um homem livre (...) que n\u00e3o aceita nenhuma forma de dogmatismo, recusando os pensamentos feitos e os ju\u00edzos definitivos, com uma preocupa\u00e7\u00e3o constante pelo futuro do mundo.  Um homem que incitava ao pensamento sem quaisquer constrangimentos, para que cada um posa ser aquilo que realmente \u00e9; um homem aberto a todas as propostas, contradit\u00f3rio, cultivador do paradoxal.  Um homem apaixonado pela vida, pela companhia e pela conversa, sempre com um humor certeiro e provocante e uma alegria contagiante.  Um homem a quem nega o atributo de fil\u00f3sofo, sem negar o seu profundo conhecimento da filosofia que, ali\u00e1s, enche todo o seu pensamento; a quem considera fundamentalmente um pol\u00edtico, preocupado com a organiza\u00e7\u00e3o do mundo (...)\u00bb  Manuel Pina In Pref\u00e1cio\" \/>\n<meta property=\"og:url\" content=\"https:\/\/glsp.pt\/en\/produto\/agostinho-da-silva-um-perfil-filosofico\/\" \/>\n<meta property=\"og:site_name\" content=\"SOBERANA\" \/>\n<meta property=\"article:modified_time\" content=\"2022-09-21T15:02:55+00:00\" \/>\n<meta property=\"og:image\" content=\"https:\/\/glsp.pt\/wp-content\/uploads\/2020\/12\/Agostinho-da-Silva-Um-Perfil-Filoso\u0301fico.png\" \/>\n\t<meta property=\"og:image:width\" content=\"500\" \/>\n\t<meta property=\"og:image:height\" content=\"500\" \/>\n\t<meta property=\"og:image:type\" content=\"image\/png\" \/>\n<meta name=\"twitter:card\" content=\"summary_large_image\" \/>\n<script type=\"application\/ld+json\" class=\"yoast-schema-graph\">{\"@context\":\"https:\/\/schema.org\",\"@graph\":[{\"@type\":\"WebPage\",\"@id\":\"https:\/\/glsp.pt\/en\/produto\/agostinho-da-silva-um-perfil-filosofico\/\",\"url\":\"https:\/\/glsp.pt\/en\/produto\/agostinho-da-silva-um-perfil-filosofico\/\",\"name\":\"Agostinho da Silva - Um Perfil Filos\u00f3fico - SOBERANA\",\"isPartOf\":{\"@id\":\"https:\/\/glsp.pt\/en\/#website\"},\"primaryImageOfPage\":{\"@id\":\"https:\/\/glsp.pt\/en\/produto\/agostinho-da-silva-um-perfil-filosofico\/#primaryimage\"},\"image\":{\"@id\":\"https:\/\/glsp.pt\/en\/produto\/agostinho-da-silva-um-perfil-filosofico\/#primaryimage\"},\"thumbnailUrl\":\"https:\/\/glsp.pt\/wp-content\/uploads\/2020\/12\/Agostinho-da-Silva-Um-Perfil-Filoso\u0301fico.png\",\"datePublished\":\"2020-12-15T12:49:38+00:00\",\"dateModified\":\"2022-09-21T15:02:55+00:00\",\"breadcrumb\":{\"@id\":\"https:\/\/glsp.pt\/en\/produto\/agostinho-da-silva-um-perfil-filosofico\/#breadcrumb\"},\"inLanguage\":\"en-US\",\"potentialAction\":[{\"@type\":\"ReadAction\",\"target\":[\"https:\/\/glsp.pt\/en\/produto\/agostinho-da-silva-um-perfil-filosofico\/\"]}]},{\"@type\":\"ImageObject\",\"inLanguage\":\"en-US\",\"@id\":\"https:\/\/glsp.pt\/en\/produto\/agostinho-da-silva-um-perfil-filosofico\/#primaryimage\",\"url\":\"https:\/\/glsp.pt\/wp-content\/uploads\/2020\/12\/Agostinho-da-Silva-Um-Perfil-Filoso\u0301fico.png\",\"contentUrl\":\"https:\/\/glsp.pt\/wp-content\/uploads\/2020\/12\/Agostinho-da-Silva-Um-Perfil-Filoso\u0301fico.png\",\"width\":500,\"height\":500},{\"@type\":\"BreadcrumbList\",\"@id\":\"https:\/\/glsp.pt\/en\/produto\/agostinho-da-silva-um-perfil-filosofico\/#breadcrumb\",\"itemListElement\":[{\"@type\":\"ListItem\",\"position\":1,\"name\":\"In\u00edcio\",\"item\":\"https:\/\/glsp.pt\/en\/\"},{\"@type\":\"ListItem\",\"position\":2,\"name\":\"Loja (Produtos)\",\"item\":\"https:\/\/glsp.pt\/?page_id=5\"},{\"@type\":\"ListItem\",\"position\":3,\"name\":\"Agostinho da Silva &#8211; Um Perfil Filos\u00f3fico\"}]},{\"@type\":\"WebSite\",\"@id\":\"https:\/\/glsp.pt\/en\/#website\",\"url\":\"https:\/\/glsp.pt\/en\/\",\"name\":\"SOBERANA\",\"description\":\"A Nova Ma\u00e7onaria Portuguesa\",\"potentialAction\":[{\"@type\":\"SearchAction\",\"target\":{\"@type\":\"EntryPoint\",\"urlTemplate\":\"https:\/\/glsp.pt\/en\/?s={search_term_string}\"},\"query-input\":{\"@type\":\"PropertyValueSpecification\",\"valueRequired\":true,\"valueName\":\"search_term_string\"}}],\"inLanguage\":\"en-US\"}]}<\/script>\n<!-- \/ Yoast SEO plugin. -->","yoast_head_json":{"title":"Agostinho da Silva - Um Perfil Filos\u00f3fico - SOBERANA","robots":{"index":"index","follow":"follow","max-snippet":"max-snippet:-1","max-image-preview":"max-image-preview:large","max-video-preview":"max-video-preview:-1"},"canonical":"https:\/\/glsp.pt\/en\/produto\/agostinho-da-silva-um-perfil-filosofico\/","og_locale":"en_US","og_type":"article","og_title":"Agostinho da Silva - Um Perfil Filos\u00f3fico - SOBERANA","og_description":"\u00abDo que escreveu e disse pode ent\u00e3o concluir-se que o autor [Agostinho da Silva] n\u00e3o se considerava fil\u00f3sofo. Vem assim, ele pr\u00f3prio, beliscar a serena consensualidade reinante em torno da caracteriza\u00e7\u00e3o do seu perfil intelectual ou profissional.\u00bb  Jo\u00e3o Maria de Freitas Branco  \u00ab[...] existe, para quem se n\u00e3o sente com prepara\u00e7\u00e3o e for\u00e7a para a filosofia, [...] um g\u00e9nero humilde, de simples coment\u00e1rio, de nota \u00e0 margem, um g\u00e9nero despreocupado e de parca exig\u00eancia em mat\u00e9ria de saber e de pensar: o considerativo, aqui presente.\u00bb  Agostinho da Silva  \u00abCom este livro, o Prof. Jo\u00e3o Maria de Freitas Branco convida-nos a uma viagem aliciante e, para alguns, surpreendente.  Com a sua s\u00f3lida forma\u00e7\u00e3o filos\u00f3fica e cient\u00edfica, leva-nos ao encontro de um homem livre (...) que n\u00e3o aceita nenhuma forma de dogmatismo, recusando os pensamentos feitos e os ju\u00edzos definitivos, com uma preocupa\u00e7\u00e3o constante pelo futuro do mundo.  Um homem que incitava ao pensamento sem quaisquer constrangimentos, para que cada um posa ser aquilo que realmente \u00e9; um homem aberto a todas as propostas, contradit\u00f3rio, cultivador do paradoxal.  Um homem apaixonado pela vida, pela companhia e pela conversa, sempre com um humor certeiro e provocante e uma alegria contagiante.  Um homem a quem nega o atributo de fil\u00f3sofo, sem negar o seu profundo conhecimento da filosofia que, ali\u00e1s, enche todo o seu pensamento; a quem considera fundamentalmente um pol\u00edtico, preocupado com a organiza\u00e7\u00e3o do mundo (...)\u00bb  Manuel Pina In Pref\u00e1cio","og_url":"https:\/\/glsp.pt\/en\/produto\/agostinho-da-silva-um-perfil-filosofico\/","og_site_name":"SOBERANA","article_modified_time":"2022-09-21T15:02:55+00:00","og_image":[{"width":500,"height":500,"url":"https:\/\/glsp.pt\/wp-content\/uploads\/2020\/12\/Agostinho-da-Silva-Um-Perfil-Filoso\u0301fico.png","type":"image\/png"}],"twitter_card":"summary_large_image","schema":{"@context":"https:\/\/schema.org","@graph":[{"@type":"WebPage","@id":"https:\/\/glsp.pt\/en\/produto\/agostinho-da-silva-um-perfil-filosofico\/","url":"https:\/\/glsp.pt\/en\/produto\/agostinho-da-silva-um-perfil-filosofico\/","name":"Agostinho da Silva - Um Perfil Filos\u00f3fico - SOBERANA","isPartOf":{"@id":"https:\/\/glsp.pt\/en\/#website"},"primaryImageOfPage":{"@id":"https:\/\/glsp.pt\/en\/produto\/agostinho-da-silva-um-perfil-filosofico\/#primaryimage"},"image":{"@id":"https:\/\/glsp.pt\/en\/produto\/agostinho-da-silva-um-perfil-filosofico\/#primaryimage"},"thumbnailUrl":"https:\/\/glsp.pt\/wp-content\/uploads\/2020\/12\/Agostinho-da-Silva-Um-Perfil-Filoso\u0301fico.png","datePublished":"2020-12-15T12:49:38+00:00","dateModified":"2022-09-21T15:02:55+00:00","breadcrumb":{"@id":"https:\/\/glsp.pt\/en\/produto\/agostinho-da-silva-um-perfil-filosofico\/#breadcrumb"},"inLanguage":"en-US","potentialAction":[{"@type":"ReadAction","target":["https:\/\/glsp.pt\/en\/produto\/agostinho-da-silva-um-perfil-filosofico\/"]}]},{"@type":"ImageObject","inLanguage":"en-US","@id":"https:\/\/glsp.pt\/en\/produto\/agostinho-da-silva-um-perfil-filosofico\/#primaryimage","url":"https:\/\/glsp.pt\/wp-content\/uploads\/2020\/12\/Agostinho-da-Silva-Um-Perfil-Filoso\u0301fico.png","contentUrl":"https:\/\/glsp.pt\/wp-content\/uploads\/2020\/12\/Agostinho-da-Silva-Um-Perfil-Filoso\u0301fico.png","width":500,"height":500},{"@type":"BreadcrumbList","@id":"https:\/\/glsp.pt\/en\/produto\/agostinho-da-silva-um-perfil-filosofico\/#breadcrumb","itemListElement":[{"@type":"ListItem","position":1,"name":"In\u00edcio","item":"https:\/\/glsp.pt\/en\/"},{"@type":"ListItem","position":2,"name":"Loja (Produtos)","item":"https:\/\/glsp.pt\/?page_id=5"},{"@type":"ListItem","position":3,"name":"Agostinho da Silva &#8211; Um Perfil Filos\u00f3fico"}]},{"@type":"WebSite","@id":"https:\/\/glsp.pt\/en\/#website","url":"https:\/\/glsp.pt\/en\/","name":"SOBERANA","description":"A Nova Ma\u00e7onaria Portuguesa","potentialAction":[{"@type":"SearchAction","target":{"@type":"EntryPoint","urlTemplate":"https:\/\/glsp.pt\/en\/?s={search_term_string}"},"query-input":{"@type":"PropertyValueSpecification","valueRequired":true,"valueName":"search_term_string"}}],"inLanguage":"en-US"}]}},"_links":{"self":[{"href":"https:\/\/glsp.pt\/en\/wp-json\/wp\/v2\/product\/410","targetHints":{"allow":["GET"]}}],"collection":[{"href":"https:\/\/glsp.pt\/en\/wp-json\/wp\/v2\/product"}],"about":[{"href":"https:\/\/glsp.pt\/en\/wp-json\/wp\/v2\/types\/product"}],"replies":[{"embeddable":true,"href":"https:\/\/glsp.pt\/en\/wp-json\/wp\/v2\/comments?post=410"}],"wp:featuredmedia":[{"embeddable":true,"href":"https:\/\/glsp.pt\/en\/wp-json\/wp\/v2\/media\/396"}],"wp:attachment":[{"href":"https:\/\/glsp.pt\/en\/wp-json\/wp\/v2\/media?parent=410"}],"wp:term":[{"taxonomy":"product_brand","embeddable":true,"href":"https:\/\/glsp.pt\/en\/wp-json\/wp\/v2\/product_brand?post=410"},{"taxonomy":"product_cat","embeddable":true,"href":"https:\/\/glsp.pt\/en\/wp-json\/wp\/v2\/product_cat?post=410"},{"taxonomy":"product_tag","embeddable":true,"href":"https:\/\/glsp.pt\/en\/wp-json\/wp\/v2\/product_tag?post=410"}],"curies":[{"name":"wp","href":"https:\/\/api.w.org\/{rel}","templated":true}]}}