{"id":407,"date":"2020-12-15T12:47:04","date_gmt":"2020-12-15T12:47:04","guid":{"rendered":"https:\/\/jood11.sg-host.com\/?post_type=product&#038;p=407"},"modified":"2022-09-21T15:02:58","modified_gmt":"2022-09-21T15:02:58","slug":"in-memoriam-de-agostinho-da-silva","status":"publish","type":"product","link":"https:\/\/glsp.pt\/en\/produto\/in-memoriam-de-agostinho-da-silva\/","title":{"rendered":"In Memoriam de Agostinho da Silva"},"content":{"rendered":"","protected":false},"excerpt":{"rendered":"<p><span style=\"font-weight: 400;\">\u00abNo \u00e2mbito das Comemora\u00e7\u00f5es do Centen\u00e1rio de Nascimento de Agostinho da Silva, um dos projectos que primeiro emergiu foi o da elabora\u00e7\u00e3o de um In Memoriam, isto \u00e9, de um volume de homenagem que coligisse testemunhos de pessoas que conheceram Agostinho da Silva, ou que, n\u00e3o o tendo conhecido pessoalmente, quisessem recordar a sua singular vida e obra. Para o efeito, fizeram-se, principalmente em Portugal e no Brasil, mais de uma centena de convites, na maior parte dos casos desde logo aceites. Outras contribui\u00e7\u00f5es foram, entretanto, surgindo, de pessoas [&#8230;] que tamb\u00e9m haviam interagido com George Agostinho. Muitas. Pessoas que genuinamente queriam partilhar o quanto tinham sido marcadas por ele. Na maior parte dos casos, bastante. Por vezes, tendo mesmo sido levadas a mudarem por inteiro o trajecto das suas vidas.\u00bb<\/span><span style=\"font-weight: 400;\"><br \/>\n<\/span><span style=\"font-weight: 400;\"><br \/>\n<\/span><span style=\"font-weight: 400;\">Renato Epif\u00e2nio, Romana Valente Pinho e Amon Pinho Davi<\/span><span style=\"font-weight: 400;\"><br \/>\n<\/span><span style=\"font-weight: 400;\">In Introdu\u00e7\u00e3o<\/span><\/p>\n","protected":false},"featured_media":393,"comment_status":"open","ping_status":"closed","template":"","meta":{"_et_pb_use_builder":"off","_et_pb_old_content":"","_et_gb_content_width":""},"product_brand":[],"product_cat":[18],"product_tag":[],"class_list":{"0":"post-407","1":"product","2":"type-product","3":"status-publish","4":"has-post-thumbnail","6":"product_cat-livros","8":"first","9":"outofstock","10":"taxable","11":"shipping-taxable","12":"purchasable","13":"product-type-simple"},"yoast_head":"<!-- This site is optimized with the Yoast SEO plugin v26.7 - https:\/\/yoast.com\/wordpress\/plugins\/seo\/ -->\n<title>In Memoriam de Agostinho da Silva - SOBERANA<\/title>\n<meta name=\"robots\" content=\"index, follow, max-snippet:-1, max-image-preview:large, max-video-preview:-1\" \/>\n<link rel=\"canonical\" href=\"https:\/\/glsp.pt\/en\/produto\/in-memoriam-de-agostinho-da-silva\/\" \/>\n<meta property=\"og:locale\" content=\"en_US\" \/>\n<meta property=\"og:type\" content=\"article\" \/>\n<meta property=\"og:title\" content=\"In Memoriam de Agostinho da Silva - SOBERANA\" \/>\n<meta property=\"og:description\" content=\"\u00abNo \u00e2mbito das Comemora\u00e7\u00f5es do Centen\u00e1rio de Nascimento de Agostinho da Silva, um dos projectos que primeiro emergiu foi o da elabora\u00e7\u00e3o de um In Memoriam, isto \u00e9, de um volume de homenagem que coligisse testemunhos de pessoas que conheceram Agostinho da Silva, ou que, n\u00e3o o tendo conhecido pessoalmente, quisessem recordar a sua singular vida e obra. Para o efeito, fizeram-se, principalmente em Portugal e no Brasil, mais de uma centena de convites, na maior parte dos casos desde logo aceites. Outras contribui\u00e7\u00f5es foram, entretanto, surgindo, de pessoas [...] que tamb\u00e9m haviam interagido com George Agostinho. Muitas. Pessoas que genuinamente queriam partilhar o quanto tinham sido marcadas por ele. Na maior parte dos casos, bastante. Por vezes, tendo mesmo sido levadas a mudarem por inteiro o trajecto das suas vidas.\u00bb  Renato Epif\u00e2nio, Romana Valente Pinho e Amon Pinho Davi In Introdu\u00e7\u00e3o\" \/>\n<meta property=\"og:url\" content=\"https:\/\/glsp.pt\/en\/produto\/in-memoriam-de-agostinho-da-silva\/\" \/>\n<meta property=\"og:site_name\" content=\"SOBERANA\" \/>\n<meta property=\"article:modified_time\" content=\"2022-09-21T15:02:58+00:00\" \/>\n<meta property=\"og:image\" content=\"https:\/\/glsp.pt\/wp-content\/uploads\/2020\/12\/In-Memoriam-de-Agostinho-da-Silva.png\" \/>\n\t<meta property=\"og:image:width\" content=\"500\" \/>\n\t<meta property=\"og:image:height\" content=\"500\" \/>\n\t<meta property=\"og:image:type\" content=\"image\/png\" \/>\n<meta name=\"twitter:card\" content=\"summary_large_image\" \/>\n<script type=\"application\/ld+json\" class=\"yoast-schema-graph\">{\"@context\":\"https:\/\/schema.org\",\"@graph\":[{\"@type\":\"WebPage\",\"@id\":\"https:\/\/glsp.pt\/en\/produto\/in-memoriam-de-agostinho-da-silva\/\",\"url\":\"https:\/\/glsp.pt\/en\/produto\/in-memoriam-de-agostinho-da-silva\/\",\"name\":\"In Memoriam de Agostinho da Silva - SOBERANA\",\"isPartOf\":{\"@id\":\"https:\/\/glsp.pt\/en\/#website\"},\"primaryImageOfPage\":{\"@id\":\"https:\/\/glsp.pt\/en\/produto\/in-memoriam-de-agostinho-da-silva\/#primaryimage\"},\"image\":{\"@id\":\"https:\/\/glsp.pt\/en\/produto\/in-memoriam-de-agostinho-da-silva\/#primaryimage\"},\"thumbnailUrl\":\"https:\/\/glsp.pt\/wp-content\/uploads\/2020\/12\/In-Memoriam-de-Agostinho-da-Silva.png\",\"datePublished\":\"2020-12-15T12:47:04+00:00\",\"dateModified\":\"2022-09-21T15:02:58+00:00\",\"breadcrumb\":{\"@id\":\"https:\/\/glsp.pt\/en\/produto\/in-memoriam-de-agostinho-da-silva\/#breadcrumb\"},\"inLanguage\":\"en-US\",\"potentialAction\":[{\"@type\":\"ReadAction\",\"target\":[\"https:\/\/glsp.pt\/en\/produto\/in-memoriam-de-agostinho-da-silva\/\"]}]},{\"@type\":\"ImageObject\",\"inLanguage\":\"en-US\",\"@id\":\"https:\/\/glsp.pt\/en\/produto\/in-memoriam-de-agostinho-da-silva\/#primaryimage\",\"url\":\"https:\/\/glsp.pt\/wp-content\/uploads\/2020\/12\/In-Memoriam-de-Agostinho-da-Silva.png\",\"contentUrl\":\"https:\/\/glsp.pt\/wp-content\/uploads\/2020\/12\/In-Memoriam-de-Agostinho-da-Silva.png\",\"width\":500,\"height\":500},{\"@type\":\"BreadcrumbList\",\"@id\":\"https:\/\/glsp.pt\/en\/produto\/in-memoriam-de-agostinho-da-silva\/#breadcrumb\",\"itemListElement\":[{\"@type\":\"ListItem\",\"position\":1,\"name\":\"In\u00edcio\",\"item\":\"https:\/\/glsp.pt\/en\/\"},{\"@type\":\"ListItem\",\"position\":2,\"name\":\"Loja (Produtos)\",\"item\":\"https:\/\/glsp.pt\/?page_id=5\"},{\"@type\":\"ListItem\",\"position\":3,\"name\":\"In Memoriam de Agostinho da Silva\"}]},{\"@type\":\"WebSite\",\"@id\":\"https:\/\/glsp.pt\/en\/#website\",\"url\":\"https:\/\/glsp.pt\/en\/\",\"name\":\"SOBERANA\",\"description\":\"A Nova Ma\u00e7onaria Portuguesa\",\"potentialAction\":[{\"@type\":\"SearchAction\",\"target\":{\"@type\":\"EntryPoint\",\"urlTemplate\":\"https:\/\/glsp.pt\/en\/?s={search_term_string}\"},\"query-input\":{\"@type\":\"PropertyValueSpecification\",\"valueRequired\":true,\"valueName\":\"search_term_string\"}}],\"inLanguage\":\"en-US\"}]}<\/script>\n<!-- \/ Yoast SEO plugin. -->","yoast_head_json":{"title":"In Memoriam de Agostinho da Silva - SOBERANA","robots":{"index":"index","follow":"follow","max-snippet":"max-snippet:-1","max-image-preview":"max-image-preview:large","max-video-preview":"max-video-preview:-1"},"canonical":"https:\/\/glsp.pt\/en\/produto\/in-memoriam-de-agostinho-da-silva\/","og_locale":"en_US","og_type":"article","og_title":"In Memoriam de Agostinho da Silva - SOBERANA","og_description":"\u00abNo \u00e2mbito das Comemora\u00e7\u00f5es do Centen\u00e1rio de Nascimento de Agostinho da Silva, um dos projectos que primeiro emergiu foi o da elabora\u00e7\u00e3o de um In Memoriam, isto \u00e9, de um volume de homenagem que coligisse testemunhos de pessoas que conheceram Agostinho da Silva, ou que, n\u00e3o o tendo conhecido pessoalmente, quisessem recordar a sua singular vida e obra. Para o efeito, fizeram-se, principalmente em Portugal e no Brasil, mais de uma centena de convites, na maior parte dos casos desde logo aceites. Outras contribui\u00e7\u00f5es foram, entretanto, surgindo, de pessoas [...] que tamb\u00e9m haviam interagido com George Agostinho. Muitas. Pessoas que genuinamente queriam partilhar o quanto tinham sido marcadas por ele. Na maior parte dos casos, bastante. Por vezes, tendo mesmo sido levadas a mudarem por inteiro o trajecto das suas vidas.\u00bb  Renato Epif\u00e2nio, Romana Valente Pinho e Amon Pinho Davi In Introdu\u00e7\u00e3o","og_url":"https:\/\/glsp.pt\/en\/produto\/in-memoriam-de-agostinho-da-silva\/","og_site_name":"SOBERANA","article_modified_time":"2022-09-21T15:02:58+00:00","og_image":[{"width":500,"height":500,"url":"https:\/\/glsp.pt\/wp-content\/uploads\/2020\/12\/In-Memoriam-de-Agostinho-da-Silva.png","type":"image\/png"}],"twitter_card":"summary_large_image","schema":{"@context":"https:\/\/schema.org","@graph":[{"@type":"WebPage","@id":"https:\/\/glsp.pt\/en\/produto\/in-memoriam-de-agostinho-da-silva\/","url":"https:\/\/glsp.pt\/en\/produto\/in-memoriam-de-agostinho-da-silva\/","name":"In Memoriam de Agostinho da Silva - SOBERANA","isPartOf":{"@id":"https:\/\/glsp.pt\/en\/#website"},"primaryImageOfPage":{"@id":"https:\/\/glsp.pt\/en\/produto\/in-memoriam-de-agostinho-da-silva\/#primaryimage"},"image":{"@id":"https:\/\/glsp.pt\/en\/produto\/in-memoriam-de-agostinho-da-silva\/#primaryimage"},"thumbnailUrl":"https:\/\/glsp.pt\/wp-content\/uploads\/2020\/12\/In-Memoriam-de-Agostinho-da-Silva.png","datePublished":"2020-12-15T12:47:04+00:00","dateModified":"2022-09-21T15:02:58+00:00","breadcrumb":{"@id":"https:\/\/glsp.pt\/en\/produto\/in-memoriam-de-agostinho-da-silva\/#breadcrumb"},"inLanguage":"en-US","potentialAction":[{"@type":"ReadAction","target":["https:\/\/glsp.pt\/en\/produto\/in-memoriam-de-agostinho-da-silva\/"]}]},{"@type":"ImageObject","inLanguage":"en-US","@id":"https:\/\/glsp.pt\/en\/produto\/in-memoriam-de-agostinho-da-silva\/#primaryimage","url":"https:\/\/glsp.pt\/wp-content\/uploads\/2020\/12\/In-Memoriam-de-Agostinho-da-Silva.png","contentUrl":"https:\/\/glsp.pt\/wp-content\/uploads\/2020\/12\/In-Memoriam-de-Agostinho-da-Silva.png","width":500,"height":500},{"@type":"BreadcrumbList","@id":"https:\/\/glsp.pt\/en\/produto\/in-memoriam-de-agostinho-da-silva\/#breadcrumb","itemListElement":[{"@type":"ListItem","position":1,"name":"In\u00edcio","item":"https:\/\/glsp.pt\/en\/"},{"@type":"ListItem","position":2,"name":"Loja (Produtos)","item":"https:\/\/glsp.pt\/?page_id=5"},{"@type":"ListItem","position":3,"name":"In Memoriam de Agostinho da Silva"}]},{"@type":"WebSite","@id":"https:\/\/glsp.pt\/en\/#website","url":"https:\/\/glsp.pt\/en\/","name":"SOBERANA","description":"A Nova Ma\u00e7onaria Portuguesa","potentialAction":[{"@type":"SearchAction","target":{"@type":"EntryPoint","urlTemplate":"https:\/\/glsp.pt\/en\/?s={search_term_string}"},"query-input":{"@type":"PropertyValueSpecification","valueRequired":true,"valueName":"search_term_string"}}],"inLanguage":"en-US"}]}},"_links":{"self":[{"href":"https:\/\/glsp.pt\/en\/wp-json\/wp\/v2\/product\/407","targetHints":{"allow":["GET"]}}],"collection":[{"href":"https:\/\/glsp.pt\/en\/wp-json\/wp\/v2\/product"}],"about":[{"href":"https:\/\/glsp.pt\/en\/wp-json\/wp\/v2\/types\/product"}],"replies":[{"embeddable":true,"href":"https:\/\/glsp.pt\/en\/wp-json\/wp\/v2\/comments?post=407"}],"wp:featuredmedia":[{"embeddable":true,"href":"https:\/\/glsp.pt\/en\/wp-json\/wp\/v2\/media\/393"}],"wp:attachment":[{"href":"https:\/\/glsp.pt\/en\/wp-json\/wp\/v2\/media?parent=407"}],"wp:term":[{"taxonomy":"product_brand","embeddable":true,"href":"https:\/\/glsp.pt\/en\/wp-json\/wp\/v2\/product_brand?post=407"},{"taxonomy":"product_cat","embeddable":true,"href":"https:\/\/glsp.pt\/en\/wp-json\/wp\/v2\/product_cat?post=407"},{"taxonomy":"product_tag","embeddable":true,"href":"https:\/\/glsp.pt\/en\/wp-json\/wp\/v2\/product_tag?post=407"}],"curies":[{"name":"wp","href":"https:\/\/api.w.org\/{rel}","templated":true}]}}