{"id":405,"date":"2020-12-15T12:38:55","date_gmt":"2020-12-15T12:38:55","guid":{"rendered":"https:\/\/jood11.sg-host.com\/?post_type=product&#038;p=405"},"modified":"2022-09-21T15:03:00","modified_gmt":"2022-09-21T15:03:00","slug":"curso-completo-maconaria-pierre-gerald-vassal","status":"publish","type":"product","link":"https:\/\/glsp.pt\/en\/produto\/curso-completo-maconaria-pierre-gerald-vassal\/","title":{"rendered":"Curso Completo de Ma\u00e7onaria &#8211; Pierre-G\u00e9rard Vassal"},"content":{"rendered":"","protected":false},"excerpt":{"rendered":"<p><span style=\"font-weight: 400;\">Este \u00e9 um trabalho de Pierre-G\u00e9rard Vassal, o Dr. Vassal, antigo Secret\u00e1rio-Geral do Grande Oriente da Fran\u00e7a e membro de v\u00e1rias sociedades liter\u00e1rias. Na Introdu\u00e7\u00e3o deste Curso Completo de Ma\u00e7onaria \u2014 Hist\u00f3ria Geral da Inicia\u00e7\u00e3o, ele ressalta:<\/span><span style=\"font-weight: 400;\"><br \/>\n<\/span><span style=\"font-weight: 400;\"><br \/>\n<\/span><span style=\"font-weight: 400;\">\u201cEste resumo geral englobar\u00e1, consequentemente, todo o sistema da Inicia\u00e7\u00e3o que n\u00e3o podemos resumir antes de ter percorrido e examinado todas as suas partes. Apesar da ordem met\u00f3dica que presidiu a classifica\u00e7\u00e3o dos v\u00e1rios materiais que devem nos servir para desenvolver o sistema de Inicia\u00e7\u00e3o; apesar dos dezoito meses de vig\u00edlias, pesquisas e medita\u00e7\u00f5es que reclamaram nosso trabalho, alcan\u00e7amos o objetivo a que nos propusemos e que consiste em poder conhecer aquilo que a Inicia\u00e7\u00e3o apresenta? Nem ousamos assegur\u00e1-lo dentro da cren\u00e7a de enganar sua expectativa. Essa d\u00favida filos\u00f3fica e essa desconfian\u00e7a de n\u00f3s mesmos nos determinou a submeter-lhes o nosso trabalho antes de fazermos qualquer uso do mesmo, porque contamos com a coopera\u00e7\u00e3o de suas luzes; n\u00e3o dissimulamos de maneira alguma a necessidade que temos e a reclamamos; e se o Oriente teve a gl\u00f3ria e a prud\u00eancia de envolver por meio dos s\u00edmbolos uma imensidade de verdades, nas quais o conhecimento foi por tempo demasiado escondido do g\u00eanero humano, o Ocidente ter\u00e1, por sua vez, a gl\u00f3ria e a vantagem de iluminar a maior parte das verdades da filosofia oculta do mundo primitivo, da qual a promulga\u00e7\u00e3o pode esclarecer a humanidade e cooperar poderosamente com a liberta\u00e7\u00e3o dos diversos povos da Terra\u201d.<\/span><\/p>\n","protected":false},"featured_media":391,"comment_status":"open","ping_status":"closed","template":"","meta":{"_et_pb_use_builder":"off","_et_pb_old_content":"","_et_gb_content_width":""},"product_brand":[],"product_cat":[18],"product_tag":[],"class_list":{"0":"post-405","1":"product","2":"type-product","3":"status-publish","4":"has-post-thumbnail","6":"product_cat-livros","8":"first","9":"outofstock","10":"taxable","11":"shipping-taxable","12":"purchasable","13":"product-type-simple"},"yoast_head":"<!-- This site is optimized with the Yoast SEO plugin v26.7 - https:\/\/yoast.com\/wordpress\/plugins\/seo\/ -->\n<title>Curso Completo de Ma\u00e7onaria - Pierre-G\u00e9rard Vassal - SOBERANA<\/title>\n<meta name=\"robots\" content=\"index, follow, max-snippet:-1, max-image-preview:large, max-video-preview:-1\" \/>\n<link rel=\"canonical\" href=\"https:\/\/glsp.pt\/en\/produto\/curso-completo-maconaria-pierre-gerald-vassal\/\" \/>\n<meta property=\"og:locale\" content=\"en_US\" \/>\n<meta property=\"og:type\" content=\"article\" \/>\n<meta property=\"og:title\" content=\"Curso Completo de Ma\u00e7onaria - Pierre-G\u00e9rard Vassal - SOBERANA\" \/>\n<meta property=\"og:description\" content=\"Este \u00e9 um trabalho de Pierre-G\u00e9rard Vassal, o Dr. Vassal, antigo Secret\u00e1rio-Geral do Grande Oriente da Fran\u00e7a e membro de v\u00e1rias sociedades liter\u00e1rias. Na Introdu\u00e7\u00e3o deste Curso Completo de Ma\u00e7onaria \u2014 Hist\u00f3ria Geral da Inicia\u00e7\u00e3o, ele ressalta:  \u201cEste resumo geral englobar\u00e1, consequentemente, todo o sistema da Inicia\u00e7\u00e3o que n\u00e3o podemos resumir antes de ter percorrido e examinado todas as suas partes. Apesar da ordem met\u00f3dica que presidiu a classifica\u00e7\u00e3o dos v\u00e1rios materiais que devem nos servir para desenvolver o sistema de Inicia\u00e7\u00e3o; apesar dos dezoito meses de vig\u00edlias, pesquisas e medita\u00e7\u00f5es que reclamaram nosso trabalho, alcan\u00e7amos o objetivo a que nos propusemos e que consiste em poder conhecer aquilo que a Inicia\u00e7\u00e3o apresenta? Nem ousamos assegur\u00e1-lo dentro da cren\u00e7a de enganar sua expectativa. Essa d\u00favida filos\u00f3fica e essa desconfian\u00e7a de n\u00f3s mesmos nos determinou a submeter-lhes o nosso trabalho antes de fazermos qualquer uso do mesmo, porque contamos com a coopera\u00e7\u00e3o de suas luzes; n\u00e3o dissimulamos de maneira alguma a necessidade que temos e a reclamamos; e se o Oriente teve a gl\u00f3ria e a prud\u00eancia de envolver por meio dos s\u00edmbolos uma imensidade de verdades, nas quais o conhecimento foi por tempo demasiado escondido do g\u00eanero humano, o Ocidente ter\u00e1, por sua vez, a gl\u00f3ria e a vantagem de iluminar a maior parte das verdades da filosofia oculta do mundo primitivo, da qual a promulga\u00e7\u00e3o pode esclarecer a humanidade e cooperar poderosamente com a liberta\u00e7\u00e3o dos diversos povos da Terra\u201d.\" \/>\n<meta property=\"og:url\" content=\"https:\/\/glsp.pt\/en\/produto\/curso-completo-maconaria-pierre-gerald-vassal\/\" \/>\n<meta property=\"og:site_name\" content=\"SOBERANA\" \/>\n<meta property=\"article:modified_time\" content=\"2022-09-21T15:03:00+00:00\" \/>\n<meta property=\"og:image\" content=\"https:\/\/glsp.pt\/wp-content\/uploads\/2020\/12\/Curso-Completo-de-Mac\u0327onaria.png\" \/>\n\t<meta property=\"og:image:width\" content=\"500\" \/>\n\t<meta property=\"og:image:height\" content=\"500\" \/>\n\t<meta property=\"og:image:type\" content=\"image\/png\" \/>\n<meta name=\"twitter:card\" content=\"summary_large_image\" \/>\n<script type=\"application\/ld+json\" class=\"yoast-schema-graph\">{\"@context\":\"https:\/\/schema.org\",\"@graph\":[{\"@type\":\"WebPage\",\"@id\":\"https:\/\/glsp.pt\/en\/produto\/curso-completo-maconaria-pierre-gerald-vassal\/\",\"url\":\"https:\/\/glsp.pt\/en\/produto\/curso-completo-maconaria-pierre-gerald-vassal\/\",\"name\":\"Curso Completo de Ma\u00e7onaria - Pierre-G\u00e9rard Vassal - SOBERANA\",\"isPartOf\":{\"@id\":\"https:\/\/glsp.pt\/en\/#website\"},\"primaryImageOfPage\":{\"@id\":\"https:\/\/glsp.pt\/en\/produto\/curso-completo-maconaria-pierre-gerald-vassal\/#primaryimage\"},\"image\":{\"@id\":\"https:\/\/glsp.pt\/en\/produto\/curso-completo-maconaria-pierre-gerald-vassal\/#primaryimage\"},\"thumbnailUrl\":\"https:\/\/glsp.pt\/wp-content\/uploads\/2020\/12\/Curso-Completo-de-Mac\u0327onaria.png\",\"datePublished\":\"2020-12-15T12:38:55+00:00\",\"dateModified\":\"2022-09-21T15:03:00+00:00\",\"breadcrumb\":{\"@id\":\"https:\/\/glsp.pt\/en\/produto\/curso-completo-maconaria-pierre-gerald-vassal\/#breadcrumb\"},\"inLanguage\":\"en-US\",\"potentialAction\":[{\"@type\":\"ReadAction\",\"target\":[\"https:\/\/glsp.pt\/en\/produto\/curso-completo-maconaria-pierre-gerald-vassal\/\"]}]},{\"@type\":\"ImageObject\",\"inLanguage\":\"en-US\",\"@id\":\"https:\/\/glsp.pt\/en\/produto\/curso-completo-maconaria-pierre-gerald-vassal\/#primaryimage\",\"url\":\"https:\/\/glsp.pt\/wp-content\/uploads\/2020\/12\/Curso-Completo-de-Mac\u0327onaria.png\",\"contentUrl\":\"https:\/\/glsp.pt\/wp-content\/uploads\/2020\/12\/Curso-Completo-de-Mac\u0327onaria.png\",\"width\":500,\"height\":500},{\"@type\":\"BreadcrumbList\",\"@id\":\"https:\/\/glsp.pt\/en\/produto\/curso-completo-maconaria-pierre-gerald-vassal\/#breadcrumb\",\"itemListElement\":[{\"@type\":\"ListItem\",\"position\":1,\"name\":\"In\u00edcio\",\"item\":\"https:\/\/glsp.pt\/en\/\"},{\"@type\":\"ListItem\",\"position\":2,\"name\":\"Loja (Produtos)\",\"item\":\"https:\/\/glsp.pt\/?page_id=5\"},{\"@type\":\"ListItem\",\"position\":3,\"name\":\"Curso Completo de Ma\u00e7onaria &#8211; Pierre-G\u00e9rard Vassal\"}]},{\"@type\":\"WebSite\",\"@id\":\"https:\/\/glsp.pt\/en\/#website\",\"url\":\"https:\/\/glsp.pt\/en\/\",\"name\":\"SOBERANA\",\"description\":\"A Nova Ma\u00e7onaria Portuguesa\",\"potentialAction\":[{\"@type\":\"SearchAction\",\"target\":{\"@type\":\"EntryPoint\",\"urlTemplate\":\"https:\/\/glsp.pt\/en\/?s={search_term_string}\"},\"query-input\":{\"@type\":\"PropertyValueSpecification\",\"valueRequired\":true,\"valueName\":\"search_term_string\"}}],\"inLanguage\":\"en-US\"}]}<\/script>\n<!-- \/ Yoast SEO plugin. -->","yoast_head_json":{"title":"Curso Completo de Ma\u00e7onaria - Pierre-G\u00e9rard Vassal - SOBERANA","robots":{"index":"index","follow":"follow","max-snippet":"max-snippet:-1","max-image-preview":"max-image-preview:large","max-video-preview":"max-video-preview:-1"},"canonical":"https:\/\/glsp.pt\/en\/produto\/curso-completo-maconaria-pierre-gerald-vassal\/","og_locale":"en_US","og_type":"article","og_title":"Curso Completo de Ma\u00e7onaria - Pierre-G\u00e9rard Vassal - SOBERANA","og_description":"Este \u00e9 um trabalho de Pierre-G\u00e9rard Vassal, o Dr. Vassal, antigo Secret\u00e1rio-Geral do Grande Oriente da Fran\u00e7a e membro de v\u00e1rias sociedades liter\u00e1rias. Na Introdu\u00e7\u00e3o deste Curso Completo de Ma\u00e7onaria \u2014 Hist\u00f3ria Geral da Inicia\u00e7\u00e3o, ele ressalta:  \u201cEste resumo geral englobar\u00e1, consequentemente, todo o sistema da Inicia\u00e7\u00e3o que n\u00e3o podemos resumir antes de ter percorrido e examinado todas as suas partes. Apesar da ordem met\u00f3dica que presidiu a classifica\u00e7\u00e3o dos v\u00e1rios materiais que devem nos servir para desenvolver o sistema de Inicia\u00e7\u00e3o; apesar dos dezoito meses de vig\u00edlias, pesquisas e medita\u00e7\u00f5es que reclamaram nosso trabalho, alcan\u00e7amos o objetivo a que nos propusemos e que consiste em poder conhecer aquilo que a Inicia\u00e7\u00e3o apresenta? Nem ousamos assegur\u00e1-lo dentro da cren\u00e7a de enganar sua expectativa. Essa d\u00favida filos\u00f3fica e essa desconfian\u00e7a de n\u00f3s mesmos nos determinou a submeter-lhes o nosso trabalho antes de fazermos qualquer uso do mesmo, porque contamos com a coopera\u00e7\u00e3o de suas luzes; n\u00e3o dissimulamos de maneira alguma a necessidade que temos e a reclamamos; e se o Oriente teve a gl\u00f3ria e a prud\u00eancia de envolver por meio dos s\u00edmbolos uma imensidade de verdades, nas quais o conhecimento foi por tempo demasiado escondido do g\u00eanero humano, o Ocidente ter\u00e1, por sua vez, a gl\u00f3ria e a vantagem de iluminar a maior parte das verdades da filosofia oculta do mundo primitivo, da qual a promulga\u00e7\u00e3o pode esclarecer a humanidade e cooperar poderosamente com a liberta\u00e7\u00e3o dos diversos povos da Terra\u201d.","og_url":"https:\/\/glsp.pt\/en\/produto\/curso-completo-maconaria-pierre-gerald-vassal\/","og_site_name":"SOBERANA","article_modified_time":"2022-09-21T15:03:00+00:00","og_image":[{"width":500,"height":500,"url":"https:\/\/glsp.pt\/wp-content\/uploads\/2020\/12\/Curso-Completo-de-Mac\u0327onaria.png","type":"image\/png"}],"twitter_card":"summary_large_image","schema":{"@context":"https:\/\/schema.org","@graph":[{"@type":"WebPage","@id":"https:\/\/glsp.pt\/en\/produto\/curso-completo-maconaria-pierre-gerald-vassal\/","url":"https:\/\/glsp.pt\/en\/produto\/curso-completo-maconaria-pierre-gerald-vassal\/","name":"Curso Completo de Ma\u00e7onaria - Pierre-G\u00e9rard Vassal - SOBERANA","isPartOf":{"@id":"https:\/\/glsp.pt\/en\/#website"},"primaryImageOfPage":{"@id":"https:\/\/glsp.pt\/en\/produto\/curso-completo-maconaria-pierre-gerald-vassal\/#primaryimage"},"image":{"@id":"https:\/\/glsp.pt\/en\/produto\/curso-completo-maconaria-pierre-gerald-vassal\/#primaryimage"},"thumbnailUrl":"https:\/\/glsp.pt\/wp-content\/uploads\/2020\/12\/Curso-Completo-de-Mac\u0327onaria.png","datePublished":"2020-12-15T12:38:55+00:00","dateModified":"2022-09-21T15:03:00+00:00","breadcrumb":{"@id":"https:\/\/glsp.pt\/en\/produto\/curso-completo-maconaria-pierre-gerald-vassal\/#breadcrumb"},"inLanguage":"en-US","potentialAction":[{"@type":"ReadAction","target":["https:\/\/glsp.pt\/en\/produto\/curso-completo-maconaria-pierre-gerald-vassal\/"]}]},{"@type":"ImageObject","inLanguage":"en-US","@id":"https:\/\/glsp.pt\/en\/produto\/curso-completo-maconaria-pierre-gerald-vassal\/#primaryimage","url":"https:\/\/glsp.pt\/wp-content\/uploads\/2020\/12\/Curso-Completo-de-Mac\u0327onaria.png","contentUrl":"https:\/\/glsp.pt\/wp-content\/uploads\/2020\/12\/Curso-Completo-de-Mac\u0327onaria.png","width":500,"height":500},{"@type":"BreadcrumbList","@id":"https:\/\/glsp.pt\/en\/produto\/curso-completo-maconaria-pierre-gerald-vassal\/#breadcrumb","itemListElement":[{"@type":"ListItem","position":1,"name":"In\u00edcio","item":"https:\/\/glsp.pt\/en\/"},{"@type":"ListItem","position":2,"name":"Loja (Produtos)","item":"https:\/\/glsp.pt\/?page_id=5"},{"@type":"ListItem","position":3,"name":"Curso Completo de Ma\u00e7onaria &#8211; Pierre-G\u00e9rard Vassal"}]},{"@type":"WebSite","@id":"https:\/\/glsp.pt\/en\/#website","url":"https:\/\/glsp.pt\/en\/","name":"SOBERANA","description":"A Nova Ma\u00e7onaria Portuguesa","potentialAction":[{"@type":"SearchAction","target":{"@type":"EntryPoint","urlTemplate":"https:\/\/glsp.pt\/en\/?s={search_term_string}"},"query-input":{"@type":"PropertyValueSpecification","valueRequired":true,"valueName":"search_term_string"}}],"inLanguage":"en-US"}]}},"_links":{"self":[{"href":"https:\/\/glsp.pt\/en\/wp-json\/wp\/v2\/product\/405","targetHints":{"allow":["GET"]}}],"collection":[{"href":"https:\/\/glsp.pt\/en\/wp-json\/wp\/v2\/product"}],"about":[{"href":"https:\/\/glsp.pt\/en\/wp-json\/wp\/v2\/types\/product"}],"replies":[{"embeddable":true,"href":"https:\/\/glsp.pt\/en\/wp-json\/wp\/v2\/comments?post=405"}],"wp:featuredmedia":[{"embeddable":true,"href":"https:\/\/glsp.pt\/en\/wp-json\/wp\/v2\/media\/391"}],"wp:attachment":[{"href":"https:\/\/glsp.pt\/en\/wp-json\/wp\/v2\/media?parent=405"}],"wp:term":[{"taxonomy":"product_brand","embeddable":true,"href":"https:\/\/glsp.pt\/en\/wp-json\/wp\/v2\/product_brand?post=405"},{"taxonomy":"product_cat","embeddable":true,"href":"https:\/\/glsp.pt\/en\/wp-json\/wp\/v2\/product_cat?post=405"},{"taxonomy":"product_tag","embeddable":true,"href":"https:\/\/glsp.pt\/en\/wp-json\/wp\/v2\/product_tag?post=405"}],"curies":[{"name":"wp","href":"https:\/\/api.w.org\/{rel}","templated":true}]}}