{"id":404,"date":"2020-12-15T12:38:10","date_gmt":"2020-12-15T12:38:10","guid":{"rendered":"https:\/\/jood11.sg-host.com\/?post_type=product&#038;p=404"},"modified":"2022-09-21T15:03:01","modified_gmt":"2022-09-21T15:03:01","slug":"a-via-lusofona-iii-renato-epifanio","status":"publish","type":"product","link":"https:\/\/glsp.pt\/en\/produto\/a-via-lusofona-iii-renato-epifanio\/","title":{"rendered":"A Via Lus\u00f3fona III &#8211; Renato Epif\u00e2nio"},"content":{"rendered":"","protected":false},"excerpt":{"rendered":"<p><span style=\"font-weight: 400;\">Coligem-se aqui cerca de sete dezenas de textos, todos eles, de forma mais ou menos directa, sobre a tem\u00e1tica lus\u00f3fona, textos que escrevemos nos \u00faltimos anos e que foram sendo publicados, de forma dispersa, em diversos jornais e revistas, bem como em outras plataformas digitais em que regularmente colaboramos. No seu conjunto, estes textos retratam bem \u2013 julgamos \u2013 os diversos planos em que a Lusofonia se deve cumprir: no plano cultural, desde logo, mas tamb\u00e9m nos planos social, econ\u00f3mico e pol\u00edtico. S\u00f3 assim, cumprindo-se em todos estes planos, a Lusofonia \u2013 \u00e9 nossa convic\u00e7\u00e3o \u2013 se cumprir\u00e1 realmente e deixar\u00e1 de ser apenas um mote ret\u00f3rico e inconsequente, como ainda \u2013 importa reconhec\u00ea-lo \u2013 em grande medida \u00e9.<\/span><span style=\"font-weight: 400;\"><br \/>\n<\/span><span style=\"font-weight: 400;\"><br \/>\n<\/span><span style=\"font-weight: 400;\">\u00abuma singular forma de di\u00e1rio, mais c\u00edvico do que estritamente pessoal (&#8230;), ao qual se encontra subjacente uma atitude intelectual de serena e inteligente compreens\u00e3o que (&#8230;) n\u00e3o o impede de assumir, tantas vezes isoladamente ou em contra-corrente (&#8230;), as suas posi\u00e7\u00f5es\u00bb<\/span><span style=\"font-weight: 400;\"><br \/>\n<\/span><span style=\"font-weight: 400;\"><br \/>\n<\/span><span style=\"font-weight: 400;\">Ant\u00f3nio Braz Teixeira<\/span><span style=\"font-weight: 400;\"><br \/>\n<\/span><span style=\"font-weight: 400;\">In Pref\u00e1cio<\/span><\/p>\n","protected":false},"featured_media":390,"comment_status":"open","ping_status":"closed","template":"","meta":{"_et_pb_use_builder":"off","_et_pb_old_content":"","_et_gb_content_width":""},"product_brand":[],"product_cat":[18],"product_tag":[],"class_list":{"0":"post-404","1":"product","2":"type-product","3":"status-publish","4":"has-post-thumbnail","6":"product_cat-livros","8":"first","9":"outofstock","10":"taxable","11":"shipping-taxable","12":"purchasable","13":"product-type-simple"},"yoast_head":"<!-- This site is optimized with the Yoast SEO plugin v26.7 - https:\/\/yoast.com\/wordpress\/plugins\/seo\/ -->\n<title>A Via Lus\u00f3fona III - Renato Epif\u00e2nio - SOBERANA<\/title>\n<meta name=\"robots\" content=\"index, follow, max-snippet:-1, max-image-preview:large, max-video-preview:-1\" \/>\n<link rel=\"canonical\" href=\"https:\/\/glsp.pt\/en\/produto\/a-via-lusofona-iii-renato-epifanio\/\" \/>\n<meta property=\"og:locale\" content=\"en_US\" \/>\n<meta property=\"og:type\" content=\"article\" \/>\n<meta property=\"og:title\" content=\"A Via Lus\u00f3fona III - Renato Epif\u00e2nio - SOBERANA\" \/>\n<meta property=\"og:description\" content=\"Coligem-se aqui cerca de sete dezenas de textos, todos eles, de forma mais ou menos directa, sobre a tem\u00e1tica lus\u00f3fona, textos que escrevemos nos \u00faltimos anos e que foram sendo publicados, de forma dispersa, em diversos jornais e revistas, bem como em outras plataformas digitais em que regularmente colaboramos. No seu conjunto, estes textos retratam bem \u2013 julgamos \u2013 os diversos planos em que a Lusofonia se deve cumprir: no plano cultural, desde logo, mas tamb\u00e9m nos planos social, econ\u00f3mico e pol\u00edtico. S\u00f3 assim, cumprindo-se em todos estes planos, a Lusofonia \u2013 \u00e9 nossa convic\u00e7\u00e3o \u2013 se cumprir\u00e1 realmente e deixar\u00e1 de ser apenas um mote ret\u00f3rico e inconsequente, como ainda \u2013 importa reconhec\u00ea-lo \u2013 em grande medida \u00e9.  \u00abuma singular forma de di\u00e1rio, mais c\u00edvico do que estritamente pessoal (...), ao qual se encontra subjacente uma atitude intelectual de serena e inteligente compreens\u00e3o que (...) n\u00e3o o impede de assumir, tantas vezes isoladamente ou em contra-corrente (...), as suas posi\u00e7\u00f5es\u00bb  Ant\u00f3nio Braz Teixeira In Pref\u00e1cio\" \/>\n<meta property=\"og:url\" content=\"https:\/\/glsp.pt\/en\/produto\/a-via-lusofona-iii-renato-epifanio\/\" \/>\n<meta property=\"og:site_name\" content=\"SOBERANA\" \/>\n<meta property=\"article:modified_time\" content=\"2022-09-21T15:03:01+00:00\" \/>\n<meta property=\"og:image\" content=\"https:\/\/glsp.pt\/wp-content\/uploads\/2020\/12\/A-Via-Luso\u0301fona-III.png\" \/>\n\t<meta property=\"og:image:width\" content=\"500\" \/>\n\t<meta property=\"og:image:height\" content=\"500\" \/>\n\t<meta property=\"og:image:type\" content=\"image\/png\" \/>\n<meta name=\"twitter:card\" content=\"summary_large_image\" \/>\n<script type=\"application\/ld+json\" class=\"yoast-schema-graph\">{\"@context\":\"https:\/\/schema.org\",\"@graph\":[{\"@type\":\"WebPage\",\"@id\":\"https:\/\/glsp.pt\/en\/produto\/a-via-lusofona-iii-renato-epifanio\/\",\"url\":\"https:\/\/glsp.pt\/en\/produto\/a-via-lusofona-iii-renato-epifanio\/\",\"name\":\"A Via Lus\u00f3fona III - Renato Epif\u00e2nio - SOBERANA\",\"isPartOf\":{\"@id\":\"https:\/\/glsp.pt\/en\/#website\"},\"primaryImageOfPage\":{\"@id\":\"https:\/\/glsp.pt\/en\/produto\/a-via-lusofona-iii-renato-epifanio\/#primaryimage\"},\"image\":{\"@id\":\"https:\/\/glsp.pt\/en\/produto\/a-via-lusofona-iii-renato-epifanio\/#primaryimage\"},\"thumbnailUrl\":\"https:\/\/glsp.pt\/wp-content\/uploads\/2020\/12\/A-Via-Luso\u0301fona-III.png\",\"datePublished\":\"2020-12-15T12:38:10+00:00\",\"dateModified\":\"2022-09-21T15:03:01+00:00\",\"breadcrumb\":{\"@id\":\"https:\/\/glsp.pt\/en\/produto\/a-via-lusofona-iii-renato-epifanio\/#breadcrumb\"},\"inLanguage\":\"en-US\",\"potentialAction\":[{\"@type\":\"ReadAction\",\"target\":[\"https:\/\/glsp.pt\/en\/produto\/a-via-lusofona-iii-renato-epifanio\/\"]}]},{\"@type\":\"ImageObject\",\"inLanguage\":\"en-US\",\"@id\":\"https:\/\/glsp.pt\/en\/produto\/a-via-lusofona-iii-renato-epifanio\/#primaryimage\",\"url\":\"https:\/\/glsp.pt\/wp-content\/uploads\/2020\/12\/A-Via-Luso\u0301fona-III.png\",\"contentUrl\":\"https:\/\/glsp.pt\/wp-content\/uploads\/2020\/12\/A-Via-Luso\u0301fona-III.png\",\"width\":500,\"height\":500},{\"@type\":\"BreadcrumbList\",\"@id\":\"https:\/\/glsp.pt\/en\/produto\/a-via-lusofona-iii-renato-epifanio\/#breadcrumb\",\"itemListElement\":[{\"@type\":\"ListItem\",\"position\":1,\"name\":\"In\u00edcio\",\"item\":\"https:\/\/glsp.pt\/en\/\"},{\"@type\":\"ListItem\",\"position\":2,\"name\":\"Loja (Produtos)\",\"item\":\"https:\/\/glsp.pt\/?page_id=5\"},{\"@type\":\"ListItem\",\"position\":3,\"name\":\"A Via Lus\u00f3fona III &#8211; Renato Epif\u00e2nio\"}]},{\"@type\":\"WebSite\",\"@id\":\"https:\/\/glsp.pt\/en\/#website\",\"url\":\"https:\/\/glsp.pt\/en\/\",\"name\":\"SOBERANA\",\"description\":\"A Nova Ma\u00e7onaria Portuguesa\",\"potentialAction\":[{\"@type\":\"SearchAction\",\"target\":{\"@type\":\"EntryPoint\",\"urlTemplate\":\"https:\/\/glsp.pt\/en\/?s={search_term_string}\"},\"query-input\":{\"@type\":\"PropertyValueSpecification\",\"valueRequired\":true,\"valueName\":\"search_term_string\"}}],\"inLanguage\":\"en-US\"}]}<\/script>\n<!-- \/ Yoast SEO plugin. -->","yoast_head_json":{"title":"A Via Lus\u00f3fona III - Renato Epif\u00e2nio - SOBERANA","robots":{"index":"index","follow":"follow","max-snippet":"max-snippet:-1","max-image-preview":"max-image-preview:large","max-video-preview":"max-video-preview:-1"},"canonical":"https:\/\/glsp.pt\/en\/produto\/a-via-lusofona-iii-renato-epifanio\/","og_locale":"en_US","og_type":"article","og_title":"A Via Lus\u00f3fona III - Renato Epif\u00e2nio - SOBERANA","og_description":"Coligem-se aqui cerca de sete dezenas de textos, todos eles, de forma mais ou menos directa, sobre a tem\u00e1tica lus\u00f3fona, textos que escrevemos nos \u00faltimos anos e que foram sendo publicados, de forma dispersa, em diversos jornais e revistas, bem como em outras plataformas digitais em que regularmente colaboramos. No seu conjunto, estes textos retratam bem \u2013 julgamos \u2013 os diversos planos em que a Lusofonia se deve cumprir: no plano cultural, desde logo, mas tamb\u00e9m nos planos social, econ\u00f3mico e pol\u00edtico. S\u00f3 assim, cumprindo-se em todos estes planos, a Lusofonia \u2013 \u00e9 nossa convic\u00e7\u00e3o \u2013 se cumprir\u00e1 realmente e deixar\u00e1 de ser apenas um mote ret\u00f3rico e inconsequente, como ainda \u2013 importa reconhec\u00ea-lo \u2013 em grande medida \u00e9.  \u00abuma singular forma de di\u00e1rio, mais c\u00edvico do que estritamente pessoal (...), ao qual se encontra subjacente uma atitude intelectual de serena e inteligente compreens\u00e3o que (...) n\u00e3o o impede de assumir, tantas vezes isoladamente ou em contra-corrente (...), as suas posi\u00e7\u00f5es\u00bb  Ant\u00f3nio Braz Teixeira In Pref\u00e1cio","og_url":"https:\/\/glsp.pt\/en\/produto\/a-via-lusofona-iii-renato-epifanio\/","og_site_name":"SOBERANA","article_modified_time":"2022-09-21T15:03:01+00:00","og_image":[{"width":500,"height":500,"url":"https:\/\/glsp.pt\/wp-content\/uploads\/2020\/12\/A-Via-Luso\u0301fona-III.png","type":"image\/png"}],"twitter_card":"summary_large_image","schema":{"@context":"https:\/\/schema.org","@graph":[{"@type":"WebPage","@id":"https:\/\/glsp.pt\/en\/produto\/a-via-lusofona-iii-renato-epifanio\/","url":"https:\/\/glsp.pt\/en\/produto\/a-via-lusofona-iii-renato-epifanio\/","name":"A Via Lus\u00f3fona III - Renato Epif\u00e2nio - SOBERANA","isPartOf":{"@id":"https:\/\/glsp.pt\/en\/#website"},"primaryImageOfPage":{"@id":"https:\/\/glsp.pt\/en\/produto\/a-via-lusofona-iii-renato-epifanio\/#primaryimage"},"image":{"@id":"https:\/\/glsp.pt\/en\/produto\/a-via-lusofona-iii-renato-epifanio\/#primaryimage"},"thumbnailUrl":"https:\/\/glsp.pt\/wp-content\/uploads\/2020\/12\/A-Via-Luso\u0301fona-III.png","datePublished":"2020-12-15T12:38:10+00:00","dateModified":"2022-09-21T15:03:01+00:00","breadcrumb":{"@id":"https:\/\/glsp.pt\/en\/produto\/a-via-lusofona-iii-renato-epifanio\/#breadcrumb"},"inLanguage":"en-US","potentialAction":[{"@type":"ReadAction","target":["https:\/\/glsp.pt\/en\/produto\/a-via-lusofona-iii-renato-epifanio\/"]}]},{"@type":"ImageObject","inLanguage":"en-US","@id":"https:\/\/glsp.pt\/en\/produto\/a-via-lusofona-iii-renato-epifanio\/#primaryimage","url":"https:\/\/glsp.pt\/wp-content\/uploads\/2020\/12\/A-Via-Luso\u0301fona-III.png","contentUrl":"https:\/\/glsp.pt\/wp-content\/uploads\/2020\/12\/A-Via-Luso\u0301fona-III.png","width":500,"height":500},{"@type":"BreadcrumbList","@id":"https:\/\/glsp.pt\/en\/produto\/a-via-lusofona-iii-renato-epifanio\/#breadcrumb","itemListElement":[{"@type":"ListItem","position":1,"name":"In\u00edcio","item":"https:\/\/glsp.pt\/en\/"},{"@type":"ListItem","position":2,"name":"Loja (Produtos)","item":"https:\/\/glsp.pt\/?page_id=5"},{"@type":"ListItem","position":3,"name":"A Via Lus\u00f3fona III &#8211; Renato Epif\u00e2nio"}]},{"@type":"WebSite","@id":"https:\/\/glsp.pt\/en\/#website","url":"https:\/\/glsp.pt\/en\/","name":"SOBERANA","description":"A Nova Ma\u00e7onaria Portuguesa","potentialAction":[{"@type":"SearchAction","target":{"@type":"EntryPoint","urlTemplate":"https:\/\/glsp.pt\/en\/?s={search_term_string}"},"query-input":{"@type":"PropertyValueSpecification","valueRequired":true,"valueName":"search_term_string"}}],"inLanguage":"en-US"}]}},"_links":{"self":[{"href":"https:\/\/glsp.pt\/en\/wp-json\/wp\/v2\/product\/404","targetHints":{"allow":["GET"]}}],"collection":[{"href":"https:\/\/glsp.pt\/en\/wp-json\/wp\/v2\/product"}],"about":[{"href":"https:\/\/glsp.pt\/en\/wp-json\/wp\/v2\/types\/product"}],"replies":[{"embeddable":true,"href":"https:\/\/glsp.pt\/en\/wp-json\/wp\/v2\/comments?post=404"}],"wp:featuredmedia":[{"embeddable":true,"href":"https:\/\/glsp.pt\/en\/wp-json\/wp\/v2\/media\/390"}],"wp:attachment":[{"href":"https:\/\/glsp.pt\/en\/wp-json\/wp\/v2\/media?parent=404"}],"wp:term":[{"taxonomy":"product_brand","embeddable":true,"href":"https:\/\/glsp.pt\/en\/wp-json\/wp\/v2\/product_brand?post=404"},{"taxonomy":"product_cat","embeddable":true,"href":"https:\/\/glsp.pt\/en\/wp-json\/wp\/v2\/product_cat?post=404"},{"taxonomy":"product_tag","embeddable":true,"href":"https:\/\/glsp.pt\/en\/wp-json\/wp\/v2\/product_tag?post=404"}],"curies":[{"name":"wp","href":"https:\/\/api.w.org\/{rel}","templated":true}]}}