{"id":7598,"date":"2021-02-23T18:26:00","date_gmt":"2021-02-23T18:26:00","guid":{"rendered":"https:\/\/glsp.pt\/applications\/"},"modified":"2021-10-11T18:10:14","modified_gmt":"2021-10-11T18:10:14","slug":"applications","status":"publish","type":"page","link":"https:\/\/glsp.pt\/en\/applications\/","title":{"rendered":"Applications"},"content":{"rendered":"<p>[et_pb_section fb_built=&#8221;1&#8243; _builder_version=&#8221;4.7.7&#8243; _module_preset=&#8221;default&#8221; background_image=&#8221;https:\/\/glsp.pt\/wp-content\/uploads\/2021\/03\/163007.jpg&#8221; custom_padding=&#8221;317px||13px||false|false&#8221;][et_pb_row _builder_version=&#8221;4.7.7&#8243; _module_preset=&#8221;default&#8221; width=&#8221;85%&#8221;][et_pb_column type=&#8221;4_4&#8243; _builder_version=&#8221;4.7.7&#8243; _module_preset=&#8221;default&#8221;][et_pb_text _builder_version=&#8221;4.7.7&#8243; _module_preset=&#8221;default&#8221; header_2_font=&#8221;|||on|||||&#8221; header_2_text_color=&#8221;#BA8231&#8243; header_2_font_size=&#8221;54px&#8221;]<\/p>\n<h2>THE JOURNEY OF A LIFETIME<\/h2>\n<p>[\/et_pb_text][et_pb_text _builder_version=&#8221;4.7.7&#8243; _module_preset=&#8221;default&#8221; text_font=&#8221;Libre Franklin||||||||&#8221; text_text_color=&#8221;#ffffff&#8221; width=&#8221;73%&#8221;]<\/p>\n<p>Do you feel ready to be a better version of yourself? This real Utopia is made of the materialization of the spirit in matter, for as Fernando Pessoa said: God Wants, the Man Dreams, the Work is Born!<\/p>\n<p>[\/et_pb_text][\/et_pb_column][\/et_pb_row][et_pb_row _builder_version=&#8221;4.7.7&#8243; _module_preset=&#8221;default&#8221; custom_padding=&#8221;62px||||false|false&#8221;][et_pb_column type=&#8221;4_4&#8243; _builder_version=&#8221;4.7.7&#8243; _module_preset=&#8221;default&#8221;][et_pb_blurb url=&#8221;#info&#8221; use_icon=&#8221;on&#8221; font_icon=&#8221;%%18%%&#8221; icon_color=&#8221;#ffffff&#8221; use_icon_font_size=&#8221;on&#8221; icon_font_size=&#8221;46px&#8221; _builder_version=&#8221;4.7.7&#8243; _module_preset=&#8221;default&#8221; animation_style=&#8221;slide&#8221; animation_direction=&#8221;top&#8221; animation_intensity_slide=&#8221;17%&#8221; link_option_url=&#8221;#info&#8221;][\/et_pb_blurb][\/et_pb_column][\/et_pb_row][\/et_pb_section][et_pb_section fb_built=&#8221;1&#8243; module_id=&#8221;info&#8221; module_class=&#8221;section-1&#8243; _builder_version=&#8221;4.7.7&#8243; _module_preset=&#8221;default&#8221; background_color=&#8221;#f7f7f7&#8243; custom_padding=&#8221;||81px|||&#8221;][et_pb_row column_structure=&#8221;2_3,1_3&#8243; _builder_version=&#8221;4.7.7&#8243; _module_preset=&#8221;default&#8221; custom_margin=&#8221;|auto|43px|auto||&#8221;][et_pb_column type=&#8221;2_3&#8243; _builder_version=&#8221;4.7.7&#8243; _module_preset=&#8221;default&#8221;][et_pb_text module_class=&#8221;text-qa&#8221; _builder_version=&#8221;4.7.7&#8243; _module_preset=&#8221;default&#8221; text_text_color=&#8221;#515151&#8243; custom_padding=&#8221;|108px|||false|false&#8221;]<\/p>\n<h4>WHAT IS FREEMASONRY?<\/h4>\n<p>Freemasonry is one of the largest and oldest non-religious, non-political, fraternal and philanthropic organizations in the world. It is based on the biblical allegory of the building of Solomon&#8217;s temple as an image of humanity itself to which a Freemason and builder contributes as a living stone to human society. It is, moreover, a universal society whose members cultivate the principles of liberty, democracy, equality, fraternity, and intellectual, moral, and spiritual improvement.<\/p>\n<h4>WHAT IS A FREEMASON ?<\/h4>\n<p>He is a man born free and of good manners, equally friendly to rich and poor, as long as they are good people. The individual&#8217;s worth must be judged on the basis of moral qualities. Esteem should be measured according to the constancy and energy a man employs in the practice of good.<\/p>\n<h4>WHAT ARE THE BASIC CHARACTERISTICS OF FREEMASONRY?<\/h4>\n<p>There are six basic and fundamental characteristics: Masonry is an initiatory order (because only those who undergo an initiation ceremony can enter), ritualistic (because it is based on rites and symbolism), universal and fraternal (the ultimate goal is to establish a universal brotherhood), philosophical (because it seeks to answer the deep questions of the human being), and progressive (because it aims at the progress of mankind). Translated with www.DeepL.com\/Translator (free version) All these principles are based on free thought and tolerance, allowing the improvement of mankind, the building of a fair and egalitarian society, and the progress of humanity through moral and spiritual elevation.<\/p>\n<h4>IS FREEMASONRY A SECRET SOCIETY?<\/h4>\n<p>Definitely not. The meeting places are public and generally visitable. Still, they admit that this is an intimate order. The rites and meetings are not open to the public and only members are privy to certain practices and knowledge.<\/p>\n<h4>DO FREEMASONS BELIEVE IN GOD?<\/h4>\n<p>They believe in a great architect of the world &#8211; whose representation can be whatever the Mason sees fit. Para os ma\u00e7ons cat\u00f3licos, ser\u00e1 Deus. For a Muslim Mason, it could be Allah. Other Masons do not believe in a revealed entity. The designation used to encompass all the different forms of belief is the %22Great Architect Of The Universe%22.<\/p>\n<h4>WHAT ARE THE DUTIES OF A FREEMASON?<\/h4>\n<p>Avoid vice and practice virtue. He must put justice and truth above all else.<\/p>\n<p>&nbsp;<\/p>\n<p>[\/et_pb_text][\/et_pb_column][et_pb_column type=&#8221;1_3&#8243; _builder_version=&#8221;4.7.7&#8243; _module_preset=&#8221;default&#8221;][et_pb_image src=&#8221;https:\/\/glsp.pt\/wp-content\/uploads\/2021\/03\/foto-1.jpg&#8221; title_text=&#8221;foto-1&#8243; _builder_version=&#8221;4.7.7&#8243; _module_preset=&#8221;default&#8221; width=&#8221;100%&#8221; border_radii=&#8221;on|7px|7px|7px|7px&#8221; box_shadow_style=&#8221;preset1&#8243; box_shadow_blur=&#8221;24px&#8221; box_shadow_spread=&#8221;-8px&#8221;][\/et_pb_image][et_pb_image src=&#8221;https:\/\/glsp.pt\/wp-content\/uploads\/2021\/02\/Capturadeecra\u03032018-06-13a\u0300s17.09.15.png&#8221; title_text=&#8221;Captura+de+ecra\u0303+2018-06-13,+a\u0300s+17.09.15&#8243; _builder_version=&#8221;4.7.7&#8243; _module_preset=&#8221;default&#8221; width=&#8221;100%&#8221; border_radii=&#8221;on|7px|7px|7px|7px&#8221; box_shadow_style=&#8221;preset1&#8243; box_shadow_blur=&#8221;24px&#8221; box_shadow_spread=&#8221;-8px&#8221;][\/et_pb_image][et_pb_image src=&#8221;https:\/\/glsp.pt\/wp-content\/uploads\/2021\/02\/Capturadeecra\u03032019-02-09a\u0300s02.02.23.png&#8221; title_text=&#8221;Captura+de+ecra\u0303+2019-02-09,+a\u0300s+02.02.23&#8243; _builder_version=&#8221;4.7.7&#8243; _module_preset=&#8221;default&#8221; width=&#8221;100%&#8221; border_radii=&#8221;on|7px|7px|7px|7px&#8221; box_shadow_style=&#8221;preset1&#8243; box_shadow_blur=&#8221;24px&#8221; box_shadow_spread=&#8221;-8px&#8221;][\/et_pb_image][\/et_pb_column][\/et_pb_row][et_pb_row _builder_version=&#8221;4.9.4&#8243; _module_preset=&#8221;default&#8221; width=&#8221;52%&#8221; custom_margin=&#8221;-31px|auto||auto||&#8221; hover_enabled=&#8221;0&#8243; sticky_enabled=&#8221;0&#8243;][et_pb_column type=&#8221;4_4&#8243; _builder_version=&#8221;4.7.7&#8243; _module_preset=&#8221;default&#8221;][et_pb_divider color=&#8221;rgba(69,69,69,0.1)&#8221; _builder_version=&#8221;4.7.7&#8243; _module_preset=&#8221;default&#8221; background_enable_color=&#8221;off&#8221; custom_padding=&#8221;0px||||false|false&#8221;][\/et_pb_divider][et_pb_text _builder_version=&#8221;4.7.7&#8243; _module_preset=&#8221;default&#8221; header_3_font=&#8221;|||on|||||&#8221; custom_margin=&#8221;||42px|||&#8221;]<\/p>\n<h3>Submit your application<\/h3>\n<p>[\/et_pb_text][et_pb_contact_form use_spam_service=&#8221;on&#8221; recaptcha_list=&#8221;Grande Loja Soberana de Portugal|Grande Loja Soberana de Portugal-0&#8243; email=&#8221;a543km65@robot.zapier.com&#8221; custom_message=&#8221;Primeiro Nome | %%Primeiro_Nome%% |||et_pb_line_break_holder||\u00daltimo Nome | %%\u00daltimo_Nome%% |||et_pb_line_break_holder||Telefone | %%Telefone%% |||et_pb_line_break_holder||Email | %%Email%% |||et_pb_line_break_holder||\u00c1rea de Resid\u00eancia | %%\u00c1rea_de_Resid\u00eancia%% |||et_pb_line_break_holder||Por que raz\u00e3o se pretende candidatar? | %%Motiva\u00e7\u00e3o%% |&#8221; success_message=&#8221;Your application has been submitted! You will be contacted soon by email. Thank you&#8221; submit_button_text=&#8221;Submit&#8221; _builder_version=&#8221;4.9.4&#8243; _module_preset=&#8221;default&#8221; form_field_font=&#8221;Libre Franklin||||||||&#8221; form_field_font_size=&#8221;16px&#8221; custom_button=&#8221;on&#8221; button_text_color=&#8221;#454545&#8243; button_border_color=&#8221;#454545&#8243; button_border_radius=&#8221;0px&#8221; custom_margin=&#8221;30px||||false|false&#8221; hover_enabled=&#8221;0&#8243; sticky_enabled=&#8221;0&#8243;][et_pb_contact_field field_id=&#8221;Primeiro_Nome&#8221; field_title=&#8221;First Name&#8221; _builder_version=&#8221;4.9.4&#8243; button_text_size__hover_enabled=&#8221;off&#8221; button_one_text_size__hover_enabled=&#8221;off&#8221; button_two_text_size__hover_enabled=&#8221;off&#8221; button_text_color__hover_enabled=&#8221;off&#8221; button_one_text_color__hover_enabled=&#8221;off&#8221; button_two_text_color__hover_enabled=&#8221;off&#8221; button_border_width__hover_enabled=&#8221;off&#8221; button_one_border_width__hover_enabled=&#8221;off&#8221; button_two_border_width__hover_enabled=&#8221;off&#8221; button_border_color__hover_enabled=&#8221;off&#8221; button_one_border_color__hover_enabled=&#8221;off&#8221; button_two_border_color__hover_enabled=&#8221;off&#8221; button_border_radius__hover_enabled=&#8221;off&#8221; button_one_border_radius__hover_enabled=&#8221;off&#8221; button_two_border_radius__hover_enabled=&#8221;off&#8221; button_letter_spacing__hover_enabled=&#8221;off&#8221; button_one_letter_spacing__hover_enabled=&#8221;off&#8221; button_two_letter_spacing__hover_enabled=&#8221;off&#8221; button_bg_color__hover_enabled=&#8221;off&#8221; button_one_bg_color__hover_enabled=&#8221;off&#8221; button_two_bg_color__hover_enabled=&#8221;off&#8221;][\/et_pb_contact_field][et_pb_contact_field field_id=&#8221;\u00daltimo_Nome&#8221; field_title=&#8221;Last Name&#8221; _builder_version=&#8221;4.9.4&#8243; _module_preset=&#8221;default&#8221;][\/et_pb_contact_field][et_pb_contact_field field_id=&#8221;Telefone&#8221; field_title=&#8221;Telephone&#8221; _builder_version=&#8221;4.9.4&#8243; _module_preset=&#8221;default&#8221;][\/et_pb_contact_field][et_pb_contact_field field_id=&#8221;Email&#8221; field_title=&#8221;Email Address&#8221; field_type=&#8221;email&#8221; _builder_version=&#8221;4.9.4&#8243; button_text_size__hover_enabled=&#8221;off&#8221; button_one_text_size__hover_enabled=&#8221;off&#8221; button_two_text_size__hover_enabled=&#8221;off&#8221; button_text_color__hover_enabled=&#8221;off&#8221; button_one_text_color__hover_enabled=&#8221;off&#8221; button_two_text_color__hover_enabled=&#8221;off&#8221; button_border_width__hover_enabled=&#8221;off&#8221; button_one_border_width__hover_enabled=&#8221;off&#8221; button_two_border_width__hover_enabled=&#8221;off&#8221; button_border_color__hover_enabled=&#8221;off&#8221; button_one_border_color__hover_enabled=&#8221;off&#8221; button_two_border_color__hover_enabled=&#8221;off&#8221; button_border_radius__hover_enabled=&#8221;off&#8221; button_one_border_radius__hover_enabled=&#8221;off&#8221; button_two_border_radius__hover_enabled=&#8221;off&#8221; button_letter_spacing__hover_enabled=&#8221;off&#8221; button_one_letter_spacing__hover_enabled=&#8221;off&#8221; button_two_letter_spacing__hover_enabled=&#8221;off&#8221; button_bg_color__hover_enabled=&#8221;off&#8221; button_one_bg_color__hover_enabled=&#8221;off&#8221; button_two_bg_color__hover_enabled=&#8221;off&#8221;][\/et_pb_contact_field][et_pb_contact_field field_id=&#8221;\u00c1rea_de_Resid\u00eancia&#8221; field_title=&#8221;Area of Residence&#8221; fullwidth_field=&#8221;on&#8221; _builder_version=&#8221;4.9.4&#8243; _module_preset=&#8221;default&#8221;][\/et_pb_contact_field][et_pb_contact_field field_id=&#8221;Motiva\u00e7\u00e3o&#8221; field_title=&#8221;Why do you want to apply?&#8221; field_type=&#8221;text&#8221; fullwidth_field=&#8221;on&#8221; _builder_version=&#8221;4.9.4&#8243; button_text_size__hover_enabled=&#8221;off&#8221; button_one_text_size__hover_enabled=&#8221;off&#8221; button_two_text_size__hover_enabled=&#8221;off&#8221; button_text_color__hover_enabled=&#8221;off&#8221; button_one_text_color__hover_enabled=&#8221;off&#8221; button_two_text_color__hover_enabled=&#8221;off&#8221; button_border_width__hover_enabled=&#8221;off&#8221; button_one_border_width__hover_enabled=&#8221;off&#8221; button_two_border_width__hover_enabled=&#8221;off&#8221; button_border_color__hover_enabled=&#8221;off&#8221; button_one_border_color__hover_enabled=&#8221;off&#8221; button_two_border_color__hover_enabled=&#8221;off&#8221; button_border_radius__hover_enabled=&#8221;off&#8221; button_one_border_radius__hover_enabled=&#8221;off&#8221; button_two_border_radius__hover_enabled=&#8221;off&#8221; button_letter_spacing__hover_enabled=&#8221;off&#8221; button_one_letter_spacing__hover_enabled=&#8221;off&#8221; button_two_letter_spacing__hover_enabled=&#8221;off&#8221; button_bg_color__hover_enabled=&#8221;off&#8221; button_one_bg_color__hover_enabled=&#8221;off&#8221; button_two_bg_color__hover_enabled=&#8221;off&#8221;][\/et_pb_contact_field][\/et_pb_contact_form][et_pb_text _builder_version=&#8221;4.9.4&#8243; _module_preset=&#8221;default&#8221; width=&#8221;49%&#8221; text_font_size=&#8221;13px&#8221; link_text_color=&#8221;rgba(148,98,49,0.56)&#8221; text_text_color=&#8221;rgba(69,69,69,0.52)&#8221; hover_enabled=&#8221;0&#8243; sticky_enabled=&#8221;0&#8243; text_orientation=&#8221;center&#8221; custom_margin=&#8221;50px||||false|false&#8221; module_alignment=&#8221;center&#8221;]<\/p>\n<p>This site is protected by reCAPTCHA and Google&#8217;s <a href=\"\/\/policies.google.com\/privacy%22\">Privacy Policy<\/a> and <a href=\"\/\/policies.google.com\/terms%22\">Terms of Service<\/a> apply.<\/p>\n<p>[\/et_pb_text][\/et_pb_column][\/et_pb_row][\/et_pb_section]<\/p>\n","protected":false},"excerpt":{"rendered":"<p>THE JOURNEY OF A LIFETIMEDo you feel ready to be a better version of yourself? This real Utopia is made of the materialization of the spirit in matter, for as Fernando Pessoa said: God Wants, the Man Dreams, the Work is Born!WHAT IS FREEMASONRY? Freemasonry is one of the largest and oldest non-religious, non-political, fraternal [&hellip;]<\/p>\n","protected":false},"author":1,"featured_media":0,"parent":0,"menu_order":0,"comment_status":"closed","ping_status":"closed","template":"","meta":{"_et_pb_use_builder":"on","_et_pb_old_content":"","_et_gb_content_width":"","footnotes":""},"class_list":["post-7598","page","type-page","status-publish","hentry"],"yoast_head":"<!-- This site is optimized with the Yoast SEO plugin v26.7 - https:\/\/yoast.com\/wordpress\/plugins\/seo\/ -->\n<title>Applications - SOBERANA<\/title>\n<meta name=\"robots\" content=\"index, follow, max-snippet:-1, max-image-preview:large, max-video-preview:-1\" \/>\n<link rel=\"canonical\" href=\"https:\/\/glsp.pt\/en\/applications\/\" \/>\n<meta property=\"og:locale\" content=\"en_US\" \/>\n<meta property=\"og:type\" content=\"article\" \/>\n<meta property=\"og:title\" content=\"Applications - SOBERANA\" \/>\n<meta property=\"og:description\" content=\"THE JOURNEY OF A LIFETIMEDo you feel ready to be a better version of yourself? This real Utopia is made of the materialization of the spirit in matter, for as Fernando Pessoa said: God Wants, the Man Dreams, the Work is Born!WHAT IS FREEMASONRY? Freemasonry is one of the largest and oldest non-religious, non-political, fraternal [&hellip;]\" \/>\n<meta property=\"og:url\" content=\"https:\/\/glsp.pt\/en\/applications\/\" \/>\n<meta property=\"og:site_name\" content=\"SOBERANA\" \/>\n<meta property=\"article:modified_time\" content=\"2021-10-11T18:10:14+00:00\" \/>\n<meta name=\"twitter:card\" content=\"summary_large_image\" \/>\n<meta name=\"twitter:label1\" content=\"Est. reading time\" \/>\n\t<meta name=\"twitter:data1\" content=\"8 minutes\" \/>\n<script type=\"application\/ld+json\" class=\"yoast-schema-graph\">{\"@context\":\"https:\/\/schema.org\",\"@graph\":[{\"@type\":\"WebPage\",\"@id\":\"https:\/\/glsp.pt\/en\/applications\/\",\"url\":\"https:\/\/glsp.pt\/en\/applications\/\",\"name\":\"Applications - SOBERANA\",\"isPartOf\":{\"@id\":\"https:\/\/glsp.pt\/en\/#website\"},\"datePublished\":\"2021-02-23T18:26:00+00:00\",\"dateModified\":\"2021-10-11T18:10:14+00:00\",\"breadcrumb\":{\"@id\":\"https:\/\/glsp.pt\/en\/applications\/#breadcrumb\"},\"inLanguage\":\"en-US\",\"potentialAction\":[{\"@type\":\"ReadAction\",\"target\":[\"https:\/\/glsp.pt\/en\/applications\/\"]}]},{\"@type\":\"BreadcrumbList\",\"@id\":\"https:\/\/glsp.pt\/en\/applications\/#breadcrumb\",\"itemListElement\":[{\"@type\":\"ListItem\",\"position\":1,\"name\":\"In\u00edcio\",\"item\":\"https:\/\/glsp.pt\/en\/\"},{\"@type\":\"ListItem\",\"position\":2,\"name\":\"Applications\"}]},{\"@type\":\"WebSite\",\"@id\":\"https:\/\/glsp.pt\/en\/#website\",\"url\":\"https:\/\/glsp.pt\/en\/\",\"name\":\"SOBERANA\",\"description\":\"A Nova Ma\u00e7onaria Portuguesa\",\"potentialAction\":[{\"@type\":\"SearchAction\",\"target\":{\"@type\":\"EntryPoint\",\"urlTemplate\":\"https:\/\/glsp.pt\/en\/?s={search_term_string}\"},\"query-input\":{\"@type\":\"PropertyValueSpecification\",\"valueRequired\":true,\"valueName\":\"search_term_string\"}}],\"inLanguage\":\"en-US\"}]}<\/script>\n<!-- \/ Yoast SEO plugin. -->","yoast_head_json":{"title":"Applications - SOBERANA","robots":{"index":"index","follow":"follow","max-snippet":"max-snippet:-1","max-image-preview":"max-image-preview:large","max-video-preview":"max-video-preview:-1"},"canonical":"https:\/\/glsp.pt\/en\/applications\/","og_locale":"en_US","og_type":"article","og_title":"Applications - SOBERANA","og_description":"THE JOURNEY OF A LIFETIMEDo you feel ready to be a better version of yourself? This real Utopia is made of the materialization of the spirit in matter, for as Fernando Pessoa said: God Wants, the Man Dreams, the Work is Born!WHAT IS FREEMASONRY? Freemasonry is one of the largest and oldest non-religious, non-political, fraternal [&hellip;]","og_url":"https:\/\/glsp.pt\/en\/applications\/","og_site_name":"SOBERANA","article_modified_time":"2021-10-11T18:10:14+00:00","twitter_card":"summary_large_image","twitter_misc":{"Est. reading time":"8 minutes"},"schema":{"@context":"https:\/\/schema.org","@graph":[{"@type":"WebPage","@id":"https:\/\/glsp.pt\/en\/applications\/","url":"https:\/\/glsp.pt\/en\/applications\/","name":"Applications - SOBERANA","isPartOf":{"@id":"https:\/\/glsp.pt\/en\/#website"},"datePublished":"2021-02-23T18:26:00+00:00","dateModified":"2021-10-11T18:10:14+00:00","breadcrumb":{"@id":"https:\/\/glsp.pt\/en\/applications\/#breadcrumb"},"inLanguage":"en-US","potentialAction":[{"@type":"ReadAction","target":["https:\/\/glsp.pt\/en\/applications\/"]}]},{"@type":"BreadcrumbList","@id":"https:\/\/glsp.pt\/en\/applications\/#breadcrumb","itemListElement":[{"@type":"ListItem","position":1,"name":"In\u00edcio","item":"https:\/\/glsp.pt\/en\/"},{"@type":"ListItem","position":2,"name":"Applications"}]},{"@type":"WebSite","@id":"https:\/\/glsp.pt\/en\/#website","url":"https:\/\/glsp.pt\/en\/","name":"SOBERANA","description":"A Nova Ma\u00e7onaria Portuguesa","potentialAction":[{"@type":"SearchAction","target":{"@type":"EntryPoint","urlTemplate":"https:\/\/glsp.pt\/en\/?s={search_term_string}"},"query-input":{"@type":"PropertyValueSpecification","valueRequired":true,"valueName":"search_term_string"}}],"inLanguage":"en-US"}]}},"_links":{"self":[{"href":"https:\/\/glsp.pt\/en\/wp-json\/wp\/v2\/pages\/7598","targetHints":{"allow":["GET"]}}],"collection":[{"href":"https:\/\/glsp.pt\/en\/wp-json\/wp\/v2\/pages"}],"about":[{"href":"https:\/\/glsp.pt\/en\/wp-json\/wp\/v2\/types\/page"}],"author":[{"embeddable":true,"href":"https:\/\/glsp.pt\/en\/wp-json\/wp\/v2\/users\/1"}],"replies":[{"embeddable":true,"href":"https:\/\/glsp.pt\/en\/wp-json\/wp\/v2\/comments?post=7598"}],"version-history":[{"count":3,"href":"https:\/\/glsp.pt\/en\/wp-json\/wp\/v2\/pages\/7598\/revisions"}],"predecessor-version":[{"id":7601,"href":"https:\/\/glsp.pt\/en\/wp-json\/wp\/v2\/pages\/7598\/revisions\/7601"}],"wp:attachment":[{"href":"https:\/\/glsp.pt\/en\/wp-json\/wp\/v2\/media?parent=7598"}],"curies":[{"name":"wp","href":"https:\/\/api.w.org\/{rel}","templated":true}]}}